{"id":4970,"date":"2026-04-15T13:04:38","date_gmt":"2026-04-15T11:04:38","guid":{"rendered":"https:\/\/summit.dk\/vare\/schmidt-flow-sensor-ss-20-250\/"},"modified":"2026-04-15T13:04:38","modified_gmt":"2026-04-15T11:04:38","slug":"schmidt-flow-sensor-ss-20-250","status":"publish","type":"product","link":"https:\/\/summit.dk\/en\/vare\/schmidt-flow-sensor-ss-20-250\/","title":{"rendered":"SCHMIDT\u00ae Flow Sensor SS 20.250"},"content":{"rendered":"<p>SCHMIDT\u00ae Flow Sensor SS 20.250 er en kompakt og alsidig flowm\u00e5ler til pr\u00e6cis m\u00e5ling af luft- og gasstr\u00f8mme. The patented \u201cdumbbell\u201d sensor head is direction-independent, easy to clean, and resistant to contamination. The sensor measures flow velocities from 0.06 to 20 m\/s and medium temperatures from -20 to +70 \u00b0C. It offers both 4\u201320 mA and 0\u201310 V outputs and is suitable for applications within ventilation, cleanrooms, pharmaceutical production, and HVAC systems.<\/p>\n<p>A Hygienic Design version with smooth surfaces and corrosion-resistant stainless steel is available for environments with high hygiene requirements. The sensor is IP65-rated and easy to install thanks to its compact design.<\/p>\n","protected":false},"excerpt":{"rendered":"<p>SCHMIDT\u00ae Flow Sensor SS 20.250 er en kompakt og alsidig flowm\u00e5ler til pr\u00e6cis m\u00e5ling af luft- og gasstr\u00f8mme. The patented \u201cdumbbell\u201d sensor head is direction-independent, easy to clean, and resistant&#8230;<\/p>\n","protected":false},"featured_media":3741,"template":"","meta":{"_acf_changed":false,"_nectar_blocks_hide_post_title":false,"_nectar_blocks_transparent_header_effect":false,"_nectar_blocks_transparent_header_effect_color":"light","_nectar_blocks_header_animation":false,"_nectar_blocks_header_animation_delay":0,"_nectar_blocks_header_animation_effect":"fade","_nectar_blocks_page_css":"","_nectar_blocks_page_js":""},"brancher":[444,471,598],"leverandorer":[693],"produkt_kategorier":[413,430],"produktomraader":[545,566],"product_brand":[],"product_cat":[684],"product_tag":[],"class_list":{"0":"post-4970","1":"product","2":"type-product","3":"status-publish","4":"has-post-thumbnail","6":"brancher-industri-en","7":"brancher-foodpharma-en","8":"brancher-ventilation-en","9":"leverandorer-schmidt-technology","10":"produkt_kategorier-luftgas-en","11":"produkt_kategorier-flow-en","12":"produktomraader-flow-en","13":"produktomraader-flow-maaling-en","14":"product_cat-ukategoriseret","16":"first","17":"instock","18":"shipping-taxable","19":"product-type-simple"},"acf":[],"_links":{"self":[{"href":"https:\/\/summit.dk\/en\/wp-json\/wp\/v2\/product\/4970","targetHints":{"allow":["GET"]}}],"collection":[{"href":"https:\/\/summit.dk\/en\/wp-json\/wp\/v2\/product"}],"about":[{"href":"https:\/\/summit.dk\/en\/wp-json\/wp\/v2\/types\/product"}],"wp:featuredmedia":[{"embeddable":true,"href":"https:\/\/summit.dk\/en\/wp-json\/wp\/v2\/media\/3741"}],"wp:attachment":[{"href":"https:\/\/summit.dk\/en\/wp-json\/wp\/v2\/media?parent=4970"}],"wp:term":[{"taxonomy":"brancher","embeddable":true,"href":"https:\/\/summit.dk\/en\/wp-json\/wp\/v2\/brancher?post=4970"},{"taxonomy":"leverandorer","embeddable":true,"href":"https:\/\/summit.dk\/en\/wp-json\/wp\/v2\/leverandorer?post=4970"},{"taxonomy":"produkt_kategorier","embeddable":true,"href":"https:\/\/summit.dk\/en\/wp-json\/wp\/v2\/produkt_kategorier?post=4970"},{"taxonomy":"produktomraader","embeddable":true,"href":"https:\/\/summit.dk\/en\/wp-json\/wp\/v2\/produktomraader?post=4970"},{"taxonomy":"product_brand","embeddable":true,"href":"https:\/\/summit.dk\/en\/wp-json\/wp\/v2\/product_brand?post=4970"},{"taxonomy":"product_cat","embeddable":true,"href":"https:\/\/summit.dk\/en\/wp-json\/wp\/v2\/product_cat?post=4970"},{"taxonomy":"product_tag","embeddable":true,"href":"https:\/\/summit.dk\/en\/wp-json\/wp\/v2\/product_tag?post=4970"}],"curies":[{"name":"wp","href":"https:\/\/api.w.org\/{rel}","templated":true}]}}