{"id":3707,"date":"2025-05-19T11:21:40","date_gmt":"2025-05-19T09:21:40","guid":{"rendered":"https:\/\/summit.dk\/?post_type=produkter&#038;p=3707"},"modified":"2025-06-30T10:16:59","modified_gmt":"2025-06-30T08:16:59","slug":"baerbar-kalibrator-og-praecisionsmanometer-fco560","status":"publish","type":"product","link":"https:\/\/summit.dk\/en\/vare\/baerbar-kalibrator-og-praecisionsmanometer-fco560\/","title":{"rendered":"B\u00e6rbar kalibrator og pr\u00e6cisionsmanometer (FCO560)"},"content":{"rendered":"<p>Furness Controls FCO560 er en b\u00e6rbar og pr\u00e6cis kalibrator samt manometer til lavt og ultralavt differenstryk. Den m\u00e5ler tryk ned til 0,01 Pa og har en n\u00f8jagtighed bedre end 0,1\u202f% af afl\u00e6sningen. FCO560 har en automatisk trykgenerator, indbygget absoluttryksensor og underst\u00f8tter m\u00e5ling af flow, temperatur og tryk. Enheden kan logge data via USB og RS232C og har et tydeligt grafisk display. Den er ideel til laboratorie- og feltkalibrering af sensorer og transmittere.<\/p>\n","protected":false},"excerpt":{"rendered":"<p>Furness Controls FCO560 er en b\u00e6rbar og pr\u00e6cis kalibrator samt manometer til lavt og ultralavt differenstryk. Den m\u00e5ler tryk ned til 0,01 Pa og har en n\u00f8jagtighed bedre end 0,1\u202f%&#8230;<\/p>\n","protected":false},"featured_media":3710,"template":"","meta":{"_acf_changed":false,"_nectar_blocks_hide_post_title":false,"_nectar_blocks_transparent_header_effect":false,"_nectar_blocks_transparent_header_effect_color":"light","_nectar_blocks_header_animation":false,"_nectar_blocks_header_animation_delay":0,"_nectar_blocks_header_animation_effect":"fade","_nectar_blocks_page_css":"","_nectar_blocks_page_js":""},"brancher":[260,336,339],"leverandorer":[666],"produkt_kategorier":[352,353],"produktomraader":[478,475,528],"product_brand":[],"product_cat":[684],"product_tag":[],"class_list":{"0":"post-3707","1":"product","2":"type-product","3":"status-publish","4":"has-post-thumbnail","6":"brancher-industri","7":"brancher-foodpharma","8":"brancher-ventilation","9":"leverandorer-furness","10":"produkt_kategorier-tryk","11":"produkt_kategorier-differenstryk","12":"produktomraader-differenstryk","13":"produktomraader-tryk","14":"produktomraader-haandholdte-instrumenter","15":"product_cat-ukategoriseret","17":"first","18":"instock","19":"shipping-taxable","20":"product-type-simple"},"acf":[],"_links":{"self":[{"href":"https:\/\/summit.dk\/en\/wp-json\/wp\/v2\/product\/3707","targetHints":{"allow":["GET"]}}],"collection":[{"href":"https:\/\/summit.dk\/en\/wp-json\/wp\/v2\/product"}],"about":[{"href":"https:\/\/summit.dk\/en\/wp-json\/wp\/v2\/types\/product"}],"wp:featuredmedia":[{"embeddable":true,"href":"https:\/\/summit.dk\/en\/wp-json\/wp\/v2\/media\/3710"}],"wp:attachment":[{"href":"https:\/\/summit.dk\/en\/wp-json\/wp\/v2\/media?parent=3707"}],"wp:term":[{"taxonomy":"brancher","embeddable":true,"href":"https:\/\/summit.dk\/en\/wp-json\/wp\/v2\/brancher?post=3707"},{"taxonomy":"leverandorer","embeddable":true,"href":"https:\/\/summit.dk\/en\/wp-json\/wp\/v2\/leverandorer?post=3707"},{"taxonomy":"produkt_kategorier","embeddable":true,"href":"https:\/\/summit.dk\/en\/wp-json\/wp\/v2\/produkt_kategorier?post=3707"},{"taxonomy":"produktomraader","embeddable":true,"href":"https:\/\/summit.dk\/en\/wp-json\/wp\/v2\/produktomraader?post=3707"},{"taxonomy":"product_brand","embeddable":true,"href":"https:\/\/summit.dk\/en\/wp-json\/wp\/v2\/product_brand?post=3707"},{"taxonomy":"product_cat","embeddable":true,"href":"https:\/\/summit.dk\/en\/wp-json\/wp\/v2\/product_cat?post=3707"},{"taxonomy":"product_tag","embeddable":true,"href":"https:\/\/summit.dk\/en\/wp-json\/wp\/v2\/product_tag?post=3707"}],"curies":[{"name":"wp","href":"https:\/\/api.w.org\/{rel}","templated":true}]}}