{"id":2841,"date":"2019-10-29T13:44:54","date_gmt":"2019-10-29T13:44:54","guid":{"rendered":"https:\/\/summit.dk\/produkter\/allweiler-excentersnekkepumper\/"},"modified":"2019-10-29T13:44:54","modified_gmt":"2019-10-29T13:44:54","slug":"allweiler-excentersnekkepumper","status":"publish","type":"product","link":"https:\/\/summit.dk\/en\/vare\/allweiler-excentersnekkepumper\/","title":{"rendered":"Allweiler Excentersnekkepumper"},"content":{"rendered":"<p dir=\"LTR\" align=\"LEFT\">Ekscentersnekkepumpen fra Allweiler er en utrolig alsidig pumpe til positiv fortr\u00e6ngning af stort set alle v\u00e6sketyper.<\/p>\n<p>Ved positiv fortr\u00e6ngning forst\u00e5s ideelt at pumpen ved en omdrejning udf\u00f8rer et givent deplacement. Der er s\u00e5ledes ikke sammenh\u00e6ng mellem kapacitet og differenstryk, som tilf\u00e6ldet er i en centrifugalpumpe.<!--more--><\/p>\n<p><a title=\"Allweiler pumper\" href=\"http:\/\/www.copenhagenpump.com\/11765\/Excentersnekkepumper%20Allweiler\" target=\"_blank\" rel=\"noopener noreferrer\"><img loading=\"lazy\" decoding=\"async\" class=\"alignnone size-full wp-image-578\" src=\"https:\/\/summit.dk\/wp-content\/uploads\/2014\/04\/P6_TecflowS451.jpg\" alt=\"P6_TecflowS451\" width=\"803\" height=\"204\"><\/a><\/p>\n<p dir=\"LTR\" align=\"LEFT\">Den optagende pumpeeffekt f\u00f8lger den line\u00e6re sammenh\u00e6ng P= Konstant x omdrejninger x tryk og det g\u00f8r pumpen let at regulere og er normalt energim\u00e6ssig billig i drift.<\/p>\n<p dir=\"LTR\" align=\"LEFT\">Konstruktionsprincippet som fremg\u00e5r af snittegningen best\u00e5r af en pumpedel og en fremdrivningsdel normalt en gearmotor.<\/p>\n<p dir=\"LTR\" align=\"LEFT\">Pumpedelen best\u00e5r af 4 dele en Stator, en rotor, et ansugningshus og en drivaksel med to kadanled.<\/p>\n<p dir=\"LTR\" align=\"LEFT\">Statoren er hovedteknikken i pumpen l\u00e6ngden, geometrien og kompressibilliteten er bestemmende for pumpens deplacement og evne til at genere tryk. Allweiler har fokuseret en r\u00e6kke af deres pumper omkring EW equal wall en teknik hvor yderdelen af statoren f\u00f8lger den indvendige dels geometri. Designet sikrer lav kompressibillitet hvilket igen sikrer mulighed for at opn\u00e5 ekstra h\u00f8jt afgangstryk op til 2 x hvad en cylindrisk yderkappe kan levere. Designet giver den fordel at man opn\u00e5r l\u00e6ngere levetid p\u00e5 sliddelene, billigere anskaffelsespris i h\u00f8jtryksopgaver og markant kortere byggel\u00e6ngde.<\/p>\n<p dir=\"LTR\" align=\"LEFT\">Rotorens design defineres af statorens, men er i Allweilers pumper h\u00e5rdforkromet s\u00e5 de normalt ikke slides under drift.<\/p>\n<p dir=\"LTR\" align=\"LEFT\">Drivakslen er forsynet med to kadanled som hver is\u00e6r har en egen beskyttet oliefyldt gummimanchet.<\/p>\n<p dir=\"LTR\" align=\"LEFT\">Ansugningshuset er normalt forsynet med to inspektionsd\u00e6ksler som ogs\u00e5 kan bruges til reng\u00f8ring, Clean in place udstyr og magnetventil for sp\u00e6devand. For h\u00f8jviskose v\u00e6sker udf\u00f8res pumpen med \u00e5bent firkantet indl\u00f8b og drivakslen forsynes med enkelt eller dobbelt f\u00f8desnegl.<\/p>\n<p dir=\"LTR\" align=\"LEFT\">Drift og sikkerhed.<\/p>\n<p dir=\"LTR\" align=\"LEFT\">Pumpeprincippet beror p\u00e5 en friktionst\u00e6t samling mellem stator og rotor. For at stator og rotor ikke skal l\u00f8be varm og danne rivning, er det p\u00e5kr\u00e6vet at der er v\u00e6ske i pumpen under drift og opstart. Derfor udf\u00f8res vores pumper med en termisk t\u00f8rl\u00f8bssikring af statoren og som oftest ogs\u00e5 en magnetventil for til f\u00f8relse af sp\u00e6devand, som kan anvendes under opstart eller i forbindelse med udeblivelse af v\u00e6ske til f\u00f8relse eller \u00f8nske om t\u00f8rl\u00f8bsk\u00f8rsel eller selvansugening .<\/p>\n<p dir=\"LTR\" align=\"LEFT\">Vedligehold:<\/p>\n<p dir=\"LTR\" align=\"LEFT\">Allweilers ekscentersnekkepumper er alle forsynet med en konisk glidekobling som forbinder pumpeenhed med gearmotoren. Ved udskiftning af akselt\u00e6tningen l\u00f8snes sp\u00e6ndingen p\u00e5 glidekoblingen hvorefter pumpeenhed og gearmotor adskilles. Akselt\u00e6tningen kan umiddelbart efter ombyttes og pumpedel og gearmotor samles let igen.<\/p>\n<p>Statoren er t\u00e6nkt som en sliddel og vil over tid afh\u00e6ngig af mediets slidende eller sm\u00f8rende egenskaber skulle ombyttes. Statoren drejes af med en k\u00e6de\/strop r\u00f8rtang og rotorens beskaffenhed vurderes og hvis den ikke ser eller m\u00e5les slidt ombyttes statoren og kan nemt skrues p\u00e5 med en let h\u00e5nd.<\/p>\n<p>&nbsp;<\/p>\n<p>&nbsp;<\/p>\n","protected":false},"excerpt":{"rendered":"<p>Ekscentersnekkepumpen fra Allweiler er en utrolig alsidig pumpe til positiv fortr\u00e6ngning af stort set alle v\u00e6sketyper. Ved positiv fortr\u00e6ngning forst\u00e5s ideelt at pumpen ved en omdrejning udf\u00f8rer et givent deplacement&#8230;.<\/p>\n","protected":false},"featured_media":307,"template":"","meta":{"_acf_changed":false,"_nectar_blocks_hide_post_title":false,"_nectar_blocks_transparent_header_effect":false,"_nectar_blocks_transparent_header_effect_color":"light","_nectar_blocks_header_animation":false,"_nectar_blocks_header_animation_delay":0,"_nectar_blocks_header_animation_effect":"fade","_nectar_blocks_page_css":"","_nectar_blocks_page_js":""},"brancher":[444,445,446,471,550,551],"leverandorer":[],"produkt_kategorier":[427],"produktomraader":[],"product_brand":[],"product_cat":[],"product_tag":[],"class_list":{"0":"post-2841","1":"product","2":"type-product","3":"status-publish","4":"has-post-thumbnail","6":"brancher-industri-en","7":"brancher-marine-en","8":"brancher-offshore-en","9":"brancher-foodpharma-en","10":"brancher-landbrug-en","11":"brancher-offshore-petro-kemi","12":"produkt_kategorier-pumps","14":"first","15":"instock","16":"shipping-taxable","17":"product-type-simple"},"acf":[],"_links":{"self":[{"href":"https:\/\/summit.dk\/en\/wp-json\/wp\/v2\/product\/2841","targetHints":{"allow":["GET"]}}],"collection":[{"href":"https:\/\/summit.dk\/en\/wp-json\/wp\/v2\/product"}],"about":[{"href":"https:\/\/summit.dk\/en\/wp-json\/wp\/v2\/types\/product"}],"wp:featuredmedia":[{"embeddable":true,"href":"https:\/\/summit.dk\/en\/wp-json\/wp\/v2\/media\/307"}],"wp:attachment":[{"href":"https:\/\/summit.dk\/en\/wp-json\/wp\/v2\/media?parent=2841"}],"wp:term":[{"taxonomy":"brancher","embeddable":true,"href":"https:\/\/summit.dk\/en\/wp-json\/wp\/v2\/brancher?post=2841"},{"taxonomy":"leverandorer","embeddable":true,"href":"https:\/\/summit.dk\/en\/wp-json\/wp\/v2\/leverandorer?post=2841"},{"taxonomy":"produkt_kategorier","embeddable":true,"href":"https:\/\/summit.dk\/en\/wp-json\/wp\/v2\/produkt_kategorier?post=2841"},{"taxonomy":"produktomraader","embeddable":true,"href":"https:\/\/summit.dk\/en\/wp-json\/wp\/v2\/produktomraader?post=2841"},{"taxonomy":"product_brand","embeddable":true,"href":"https:\/\/summit.dk\/en\/wp-json\/wp\/v2\/product_brand?post=2841"},{"taxonomy":"product_cat","embeddable":true,"href":"https:\/\/summit.dk\/en\/wp-json\/wp\/v2\/product_cat?post=2841"},{"taxonomy":"product_tag","embeddable":true,"href":"https:\/\/summit.dk\/en\/wp-json\/wp\/v2\/product_tag?post=2841"}],"curies":[{"name":"wp","href":"https:\/\/api.w.org\/{rel}","templated":true}]}}