{"id":2839,"date":"2019-10-29T08:03:59","date_gmt":"2019-10-29T08:03:59","guid":{"rendered":"https:\/\/summit.dk\/produkter\/weka-visual-level-indikatorer\/"},"modified":"2019-10-29T08:04:00","modified_gmt":"2019-10-29T08:04:00","slug":"weka-visual-level-indikatorer","status":"publish","type":"product","link":"https:\/\/summit.dk\/en\/vare\/weka-visual-level-indikatorer\/","title":{"rendered":"Weka Visual level indikatorer"},"content":{"rendered":"<p><b><span style=\"color: #000000; font-family: Calibri;\">Weka Visual niveau indikatorer<\/span><\/b><\/p>\n<p><span style=\"font-family: 'Open Sans'; font-size: 10pt;\"><span style=\"color: #000000;\">Fra vor leverand\u00f8r Weka AG \u2013 har vi et bredt program af visuelle niveauindikatorer \/ Standglas.<\/span><\/span><\/p>\n<p><span style=\"font-family: 'Open Sans'; font-size: 10pt;\"><span style=\"color: #000000;\">Weka\u2019s program udm\u00e6rker sig ved en h\u00f8j teknisk kvalitet uanset model \/ serie der v\u00e6lges.<\/span><\/span><\/p>\n<p><span style=\"font-family: 'Open Sans'; font-size: 10pt;\"><span style=\"color: #000000;\">Programmet str\u00e6kker sig fra prisbillige modeller til modeller der im\u00f8dekommer h\u00f8je tryk- og\/eller<br \/>\n<\/span><span style=\"color: #000000;\"> temperaturklasser. Forskellige materialevalg \u2013 heriblandt plast \u2013 g\u00f8r det muligt at anvende indikatorerne til niveaum\u00e5ling af diverse aggressive medier.<\/span><\/span><\/p>\n<p><span style=\"font-family: 'Open Sans'; font-size: 10pt;\"><span style=\"color: #000000;\">F\u00e5s ogs\u00e5 med udvendigt monteret transmitter (4..20 mA) eller kontakter<\/span><\/span><\/p>\n<p><span style=\"color: #000000; font-family: Calibri;\"> <\/span><\/p>\n<p>&nbsp;<\/p>\n","protected":false},"excerpt":{"rendered":"<p>Weka Visual niveau indikatorer Fra vor leverand\u00f8r Weka AG \u2013 har vi et bredt program af visuelle niveauindikatorer \/ Standglas. Weka\u2019s program udm\u00e6rker sig ved en h\u00f8j teknisk kvalitet uanset&#8230;<\/p>\n","protected":false},"featured_media":236,"template":"","meta":{"_acf_changed":false,"_nectar_blocks_hide_post_title":false,"_nectar_blocks_transparent_header_effect":false,"_nectar_blocks_transparent_header_effect_color":"light","_nectar_blocks_header_animation":false,"_nectar_blocks_header_animation_delay":0,"_nectar_blocks_header_animation_effect":"fade","_nectar_blocks_page_css":"","_nectar_blocks_page_js":""},"brancher":[443,444,445,446,471,550,551,598],"leverandorer":[411],"produkt_kategorier":[426,601],"produktomraader":[544,582,583],"product_brand":[],"product_cat":[],"product_tag":[],"class_list":{"0":"post-2839","1":"product","2":"type-product","3":"status-publish","4":"has-post-thumbnail","6":"brancher-hydraulic-en","7":"brancher-industri-en","8":"brancher-marine-en","9":"brancher-offshore-en","10":"brancher-foodpharma-en","11":"brancher-landbrug-en","12":"brancher-offshore-petro-kemi","13":"brancher-ventilation-en","14":"leverandorer-weka-en","15":"produkt_kategorier-displayindication","16":"produkt_kategorier-niveau-en","17":"produktomraader-level","18":"produktomraader-niveau-maaling-en","19":"produktomraader-niveau-switch-en","21":"first","22":"instock","23":"shipping-taxable","24":"product-type-simple"},"acf":[],"_links":{"self":[{"href":"https:\/\/summit.dk\/en\/wp-json\/wp\/v2\/product\/2839","targetHints":{"allow":["GET"]}}],"collection":[{"href":"https:\/\/summit.dk\/en\/wp-json\/wp\/v2\/product"}],"about":[{"href":"https:\/\/summit.dk\/en\/wp-json\/wp\/v2\/types\/product"}],"wp:featuredmedia":[{"embeddable":true,"href":"https:\/\/summit.dk\/en\/wp-json\/wp\/v2\/media\/236"}],"wp:attachment":[{"href":"https:\/\/summit.dk\/en\/wp-json\/wp\/v2\/media?parent=2839"}],"wp:term":[{"taxonomy":"brancher","embeddable":true,"href":"https:\/\/summit.dk\/en\/wp-json\/wp\/v2\/brancher?post=2839"},{"taxonomy":"leverandorer","embeddable":true,"href":"https:\/\/summit.dk\/en\/wp-json\/wp\/v2\/leverandorer?post=2839"},{"taxonomy":"produkt_kategorier","embeddable":true,"href":"https:\/\/summit.dk\/en\/wp-json\/wp\/v2\/produkt_kategorier?post=2839"},{"taxonomy":"produktomraader","embeddable":true,"href":"https:\/\/summit.dk\/en\/wp-json\/wp\/v2\/produktomraader?post=2839"},{"taxonomy":"product_brand","embeddable":true,"href":"https:\/\/summit.dk\/en\/wp-json\/wp\/v2\/product_brand?post=2839"},{"taxonomy":"product_cat","embeddable":true,"href":"https:\/\/summit.dk\/en\/wp-json\/wp\/v2\/product_cat?post=2839"},{"taxonomy":"product_tag","embeddable":true,"href":"https:\/\/summit.dk\/en\/wp-json\/wp\/v2\/product_tag?post=2839"}],"curies":[{"name":"wp","href":"https:\/\/api.w.org\/{rel}","templated":true}]}}