{"id":2838,"date":"2019-10-29T08:03:31","date_gmt":"2019-10-29T08:03:31","guid":{"rendered":"https:\/\/summit.dk\/produkter\/weka-magnetisk-niveau-indikator\/"},"modified":"2019-10-29T08:03:32","modified_gmt":"2019-10-29T08:03:32","slug":"weka-magnetisk-niveau-indikator","status":"publish","type":"product","link":"https:\/\/summit.dk\/en\/vare\/weka-magnetisk-niveau-indikator\/","title":{"rendered":"Weka Magnetisk niveau indikator"},"content":{"rendered":"<p><span lang=\"da\">Magnetiske niveau Indikatorer kombinere op til tre funktioner i en enkelt enhed: display, kontakt og sender. Displayet, som kan l\u00e6ses fra store afstande, fungerer uden energi og, p\u00e5 grund af den fysiske lov af v\u00e6sker i kar, i en tvungen m\u00e5de. <\/span><\/p>\n<p><span lang=\"da\">En separat permanent magnet er integreret i hvert blad i displayet. Displayets blade er dermed magnetisk koblede og stabiliseret i deres position. Sammen med d\u00e6mpende p\u00e5 den magnetiske vejledning tape, er et tydeligt niveau display garanteret, selv under vanskelige driftsforhold (f.eks niveau forandring, vibrationer). <\/span><\/p>\n","protected":false},"excerpt":{"rendered":"<p>Magnetiske niveau Indikatorer kombinere op til tre funktioner i en enkelt enhed: display, kontakt og sender. Displayet, som kan l\u00e6ses fra store afstande, fungerer uden energi og, p\u00e5 grund af&#8230;<\/p>\n","protected":false},"featured_media":424,"template":"","meta":{"_acf_changed":false,"_nectar_blocks_hide_post_title":false,"_nectar_blocks_transparent_header_effect":false,"_nectar_blocks_transparent_header_effect_color":"light","_nectar_blocks_header_animation":false,"_nectar_blocks_header_animation_delay":0,"_nectar_blocks_header_animation_effect":"fade","_nectar_blocks_page_css":"","_nectar_blocks_page_js":""},"brancher":[443,444,445,446,471,550,551,598],"leverandorer":[411],"produkt_kategorier":[601],"produktomraader":[544,582,583],"product_brand":[],"product_cat":[],"product_tag":[],"class_list":{"0":"post-2838","1":"product","2":"type-product","3":"status-publish","4":"has-post-thumbnail","6":"brancher-hydraulic-en","7":"brancher-industri-en","8":"brancher-marine-en","9":"brancher-offshore-en","10":"brancher-foodpharma-en","11":"brancher-landbrug-en","12":"brancher-offshore-petro-kemi","13":"brancher-ventilation-en","14":"leverandorer-weka-en","15":"produkt_kategorier-niveau-en","16":"produktomraader-level","17":"produktomraader-niveau-maaling-en","18":"produktomraader-niveau-switch-en","20":"first","21":"instock","22":"shipping-taxable","23":"product-type-simple"},"acf":[],"_links":{"self":[{"href":"https:\/\/summit.dk\/en\/wp-json\/wp\/v2\/product\/2838","targetHints":{"allow":["GET"]}}],"collection":[{"href":"https:\/\/summit.dk\/en\/wp-json\/wp\/v2\/product"}],"about":[{"href":"https:\/\/summit.dk\/en\/wp-json\/wp\/v2\/types\/product"}],"wp:featuredmedia":[{"embeddable":true,"href":"https:\/\/summit.dk\/en\/wp-json\/wp\/v2\/media\/424"}],"wp:attachment":[{"href":"https:\/\/summit.dk\/en\/wp-json\/wp\/v2\/media?parent=2838"}],"wp:term":[{"taxonomy":"brancher","embeddable":true,"href":"https:\/\/summit.dk\/en\/wp-json\/wp\/v2\/brancher?post=2838"},{"taxonomy":"leverandorer","embeddable":true,"href":"https:\/\/summit.dk\/en\/wp-json\/wp\/v2\/leverandorer?post=2838"},{"taxonomy":"produkt_kategorier","embeddable":true,"href":"https:\/\/summit.dk\/en\/wp-json\/wp\/v2\/produkt_kategorier?post=2838"},{"taxonomy":"produktomraader","embeddable":true,"href":"https:\/\/summit.dk\/en\/wp-json\/wp\/v2\/produktomraader?post=2838"},{"taxonomy":"product_brand","embeddable":true,"href":"https:\/\/summit.dk\/en\/wp-json\/wp\/v2\/product_brand?post=2838"},{"taxonomy":"product_cat","embeddable":true,"href":"https:\/\/summit.dk\/en\/wp-json\/wp\/v2\/product_cat?post=2838"},{"taxonomy":"product_tag","embeddable":true,"href":"https:\/\/summit.dk\/en\/wp-json\/wp\/v2\/product_tag?post=2838"}],"curies":[{"name":"wp","href":"https:\/\/api.w.org\/{rel}","templated":true}]}}