{"id":2834,"date":"2019-10-29T08:01:16","date_gmt":"2019-10-29T08:01:16","guid":{"rendered":"https:\/\/summit.dk\/produkter\/temposonics-r-series-v-lineaer-transmitter\/"},"modified":"2019-10-29T08:01:19","modified_gmt":"2019-10-29T08:01:19","slug":"temposonics-r-series-v-lineaer-transmitter","status":"publish","type":"product","link":"https:\/\/summit.dk\/en\/vare\/temposonics-r-series-v-lineaer-transmitter\/","title":{"rendered":"Temposonics\u00ae R-Series V Line\u00e6r transmitter"},"content":{"rendered":"<p>R-Serie V er efterf\u00f8lgeren til den popul\u00e6re og stabile generation 4 R-serie sensor. Den nye generation har h\u00f8jere tolerance i forhold til vibrationer og temperaturer. Og er desuden Industri 4.0 klar. Mekanisk er sensoren liges\u00e5 enkel at montere og fuldt ud bagudkompatibel i forhold til tidligere generationer.<\/p>\n<p>Af underst\u00f8ttede protokoller kan n\u00e6vnes :<br \/>\nEtherNet\/IP\u2122<br \/>\nProfinet<\/p>\n","protected":false},"excerpt":{"rendered":"<p>R-Serie V er efterf\u00f8lgeren til den popul\u00e6re og stabile generation 4 R-serie sensor. Den nye generation har h\u00f8jere tolerance i forhold til vibrationer og temperaturer. Og er desuden Industri 4.0&#8230;<\/p>\n","protected":false},"featured_media":760,"template":"","meta":{"_acf_changed":false,"_nectar_blocks_hide_post_title":false,"_nectar_blocks_transparent_header_effect":false,"_nectar_blocks_transparent_header_effect_color":"light","_nectar_blocks_header_animation":false,"_nectar_blocks_header_animation_delay":0,"_nectar_blocks_header_animation_effect":"fade","_nectar_blocks_page_css":"","_nectar_blocks_page_js":""},"brancher":[443,444,445,446,471,551],"leverandorer":[663,662],"produkt_kategorier":[661,664,665],"produktomraader":[543,579,580,581],"product_brand":[],"product_cat":[],"product_tag":[],"class_list":{"0":"post-2834","1":"product","2":"type-product","3":"status-publish","4":"has-post-thumbnail","6":"brancher-hydraulic-en","7":"brancher-industri-en","8":"brancher-marine-en","9":"brancher-offshore-en","10":"brancher-foodpharma-en","11":"brancher-offshore-petro-kemi","12":"leverandorer-temposonics-en","13":"leverandorer-temposonics","14":"produkt_kategorier-temposonics","15":"produkt_kategorier-temposonics-linear-position-sensor","16":"produkt_kategorier-temposonics-en","17":"produktomraader-linear-transmitters","18":"produktomraader-ex-en-2","19":"produktomraader-hydraulik-cylinder-en","20":"produktomraader-profil-en","22":"first","23":"instock","24":"shipping-taxable","25":"product-type-simple"},"acf":[],"_links":{"self":[{"href":"https:\/\/summit.dk\/en\/wp-json\/wp\/v2\/product\/2834","targetHints":{"allow":["GET"]}}],"collection":[{"href":"https:\/\/summit.dk\/en\/wp-json\/wp\/v2\/product"}],"about":[{"href":"https:\/\/summit.dk\/en\/wp-json\/wp\/v2\/types\/product"}],"wp:featuredmedia":[{"embeddable":true,"href":"https:\/\/summit.dk\/en\/wp-json\/wp\/v2\/media\/760"}],"wp:attachment":[{"href":"https:\/\/summit.dk\/en\/wp-json\/wp\/v2\/media?parent=2834"}],"wp:term":[{"taxonomy":"brancher","embeddable":true,"href":"https:\/\/summit.dk\/en\/wp-json\/wp\/v2\/brancher?post=2834"},{"taxonomy":"leverandorer","embeddable":true,"href":"https:\/\/summit.dk\/en\/wp-json\/wp\/v2\/leverandorer?post=2834"},{"taxonomy":"produkt_kategorier","embeddable":true,"href":"https:\/\/summit.dk\/en\/wp-json\/wp\/v2\/produkt_kategorier?post=2834"},{"taxonomy":"produktomraader","embeddable":true,"href":"https:\/\/summit.dk\/en\/wp-json\/wp\/v2\/produktomraader?post=2834"},{"taxonomy":"product_brand","embeddable":true,"href":"https:\/\/summit.dk\/en\/wp-json\/wp\/v2\/product_brand?post=2834"},{"taxonomy":"product_cat","embeddable":true,"href":"https:\/\/summit.dk\/en\/wp-json\/wp\/v2\/product_cat?post=2834"},{"taxonomy":"product_tag","embeddable":true,"href":"https:\/\/summit.dk\/en\/wp-json\/wp\/v2\/product_tag?post=2834"}],"curies":[{"name":"wp","href":"https:\/\/api.w.org\/{rel}","templated":true}]}}