{"id":2832,"date":"2019-10-29T08:00:24","date_gmt":"2019-10-29T08:00:24","guid":{"rendered":"https:\/\/summit.dk\/produkter\/series-629hlp-differenstryktransmitter\/"},"modified":"2019-10-29T08:00:25","modified_gmt":"2019-10-29T08:00:25","slug":"series-629hlp-differenstryktransmitter","status":"publish","type":"product","link":"https:\/\/summit.dk\/en\/vare\/series-629hlp-differenstryktransmitter\/","title":{"rendered":"Series 629HLP Differenstryktransmitter"},"content":{"rendered":"<p><b>Serie 629HLP Differenstryktransmitter<\/b> for m\u00e5ling af undertryk \/ Overtryk, og differenstryk i kampatible gasser og v\u00e6sker. Transmitteren har en n\u00f8jagtighed p\u00e5 1%.<\/p>\n<p>Serie 629HLP er egnet til de fleste differenstryks m\u00e5leopgaver af differenstryk over F.eks pumper, k\u00f8leflader, varmeflader, varmevekslere, filtre osv.<br \/>\nOutput : 4-20mA eller 0-10Vdc.<\/p>\n<h4>Bestillingsnummer Beskrivelse<\/h4>\n<table>\n<tr>\n<td style=\"background-color:#eee;\">\n629HLP-01-P4-S1 Range 0 to 1 bar, 1\/4&#8243; BSPT, 4-20mA\n<\/td>\n<\/tr>\n<tr>\n<td>\n629HLP-01-P4-S5 Range 0 to 1 bar, 1\/4&#8243; BSPT, 0-10 V\n<\/td>\n<\/tr>\n<tr>\n<td style=\"background-color:#eee;\">\n629HLP-02-P4-S1 Range, 0 to 2.5 bar, 1\/4&#8243; BSPT, 4-20mA\n<\/td>\n<\/tr>\n<tr>\n<td>\n629HLP-02-P4-S5 Range, 0 to 2.5 bar, 1\/4&#8243; BSPT, 0-10 V\n<\/td>\n<\/tr>\n<tr>\n<td style=\"background-color:#eee;\">\n629HLP-04-P4-S1 Range, 0 to 4 bar, 1\/4&#8243; BSPT, 4-20mA\n<\/td>\n<\/tr>\n<tr>\n<td>\n629HLP-04-P4-S5 Range, 0 to 4 bar, 1\/4&#8243; BSPT, 0-10 V\n<\/td>\n<\/tr>\n<tr>\n<td style=\"background-color:#eee;\">\n629HLP-06-P4-S1 Range, 0 to 6 bar, 1\/4&#8243; BSPT, 4-20mA\n<\/td>\n<\/tr>\n<tr>\n<td>\n629HLP-06-P4-S5 Range, 0 to 6 bar, 1\/4&#8243; BSPT, 0-10\n<\/td>\n<\/tr>\n<\/table>\n<p><iframe loading=\"lazy\" src=\"https:\/\/www.youtube.com\/embed\/75iHap4VyVk\" width=\"560\" height=\"315\" frameborder=\"0\" allowfullscreen=\"allowfullscreen\"><\/iframe><\/p>\n","protected":false},"excerpt":{"rendered":"<p>Serie 629HLP Differenstryktransmitter for m\u00e5ling af undertryk \/ Overtryk, og differenstryk i kampatible gasser og v\u00e6sker. Transmitteren har en n\u00f8jagtighed p\u00e5 1%. Serie 629HLP er egnet til de fleste differenstryks&#8230;<\/p>\n","protected":false},"featured_media":755,"template":"","meta":{"_acf_changed":false,"_nectar_blocks_hide_post_title":false,"_nectar_blocks_transparent_header_effect":false,"_nectar_blocks_transparent_header_effect_color":"light","_nectar_blocks_header_animation":false,"_nectar_blocks_header_animation_delay":0,"_nectar_blocks_header_animation_effect":"fade","_nectar_blocks_page_css":"","_nectar_blocks_page_js":""},"brancher":[443,444,445,446,471,550,551,598],"leverandorer":[332],"produkt_kategorier":[412,438],"produktomraader":[539,586],"product_brand":[],"product_cat":[],"product_tag":[],"class_list":{"0":"post-2832","1":"product","2":"type-product","3":"status-publish","4":"has-post-thumbnail","6":"brancher-hydraulic-en","7":"brancher-industri-en","8":"brancher-marine-en","9":"brancher-offshore-en","10":"brancher-foodpharma-en","11":"brancher-landbrug-en","12":"brancher-offshore-petro-kemi","13":"brancher-ventilation-en","14":"leverandorer-dwyer-en","15":"produkt_kategorier-tryk-en","16":"produkt_kategorier-differenstryktransmitter-en","17":"produktomraader-pressure","18":"produktomraader-differenstryk-en","20":"first","21":"instock","22":"shipping-taxable","23":"product-type-simple"},"acf":[],"_links":{"self":[{"href":"https:\/\/summit.dk\/en\/wp-json\/wp\/v2\/product\/2832","targetHints":{"allow":["GET"]}}],"collection":[{"href":"https:\/\/summit.dk\/en\/wp-json\/wp\/v2\/product"}],"about":[{"href":"https:\/\/summit.dk\/en\/wp-json\/wp\/v2\/types\/product"}],"wp:featuredmedia":[{"embeddable":true,"href":"https:\/\/summit.dk\/en\/wp-json\/wp\/v2\/media\/755"}],"wp:attachment":[{"href":"https:\/\/summit.dk\/en\/wp-json\/wp\/v2\/media?parent=2832"}],"wp:term":[{"taxonomy":"brancher","embeddable":true,"href":"https:\/\/summit.dk\/en\/wp-json\/wp\/v2\/brancher?post=2832"},{"taxonomy":"leverandorer","embeddable":true,"href":"https:\/\/summit.dk\/en\/wp-json\/wp\/v2\/leverandorer?post=2832"},{"taxonomy":"produkt_kategorier","embeddable":true,"href":"https:\/\/summit.dk\/en\/wp-json\/wp\/v2\/produkt_kategorier?post=2832"},{"taxonomy":"produktomraader","embeddable":true,"href":"https:\/\/summit.dk\/en\/wp-json\/wp\/v2\/produktomraader?post=2832"},{"taxonomy":"product_brand","embeddable":true,"href":"https:\/\/summit.dk\/en\/wp-json\/wp\/v2\/product_brand?post=2832"},{"taxonomy":"product_cat","embeddable":true,"href":"https:\/\/summit.dk\/en\/wp-json\/wp\/v2\/product_cat?post=2832"},{"taxonomy":"product_tag","embeddable":true,"href":"https:\/\/summit.dk\/en\/wp-json\/wp\/v2\/product_tag?post=2832"}],"curies":[{"name":"wp","href":"https:\/\/api.w.org\/{rel}","templated":true}]}}