{"id":2831,"date":"2019-10-29T07:59:57","date_gmt":"2019-10-29T07:59:57","guid":{"rendered":"https:\/\/summit.dk\/produkter\/serie-rhp-temperatur-fugt-maaling\/"},"modified":"2019-10-29T07:59:58","modified_gmt":"2019-10-29T07:59:58","slug":"serie-rhp-temperatur-fugt-maaling","status":"publish","type":"product","link":"https:\/\/summit.dk\/en\/vare\/serie-rhp-temperatur-fugt-maaling\/","title":{"rendered":"Serie-RHP Temperatur\/Fugt M\u00e5ling"},"content":{"rendered":"<p><span class=\"hps\">Serie-<\/span> <span class=\"hps\">RHP<\/span> <span class=\"hps\">Temperatur og luftfugtigheds<\/span> <span class=\"hps\">Transmitter<\/span> <span class=\"hps\">kombinerer<\/span> <span class=\"hps\">sp\u00e6nding eller str\u00f8m<\/span> <span class=\"hps\">output med<\/span> <span class=\"hps\">en passiv<\/span> <span class=\"hps\">temperatur<\/span> <span class=\"hps\">termistor<\/span> <span class=\"hps\">eller<\/span> <span class=\"hps\">RTD<\/span> <span class=\"hps\">udgang.<\/span> <span class=\"hps\">Polymeren<\/span> <span class=\"hps\">kapacitans<\/span> <span class=\"hps\">fugtsensor<\/span> <span class=\"hps\">p\u00e5virkes ikke<\/span> <span class=\"hps\">ved kondensation<\/span>, t\u00e5ge, <span class=\"hps\">h\u00f8j luftfugtighed eller<\/span> <span class=\"hps\">forureninger<\/span>. <span class=\"hps\">De<\/span> <span class=\"hps\">fugtsensorer<\/span> <span class=\"hps\">f\u00e5s med<\/span> <span class=\"hps\">2%<\/span>, 3% <span class=\"hps\">eller 5<\/span>% <span class=\"hps\">n\u00f8jagtighed<\/span>. <span class=\"hps\">Duct<\/span> <span class=\"hps\">monteret<\/span> <span class=\"hps\">sendere<\/span> <span class=\"hps\">f\u00e5s med<\/span> <span class=\"hps\">en valgfri<\/span> <span class=\"hps\">to linjer<\/span> <span class=\"hps\">alfanumerisk<\/span> <span class=\"hps\">LCD display.<\/span><\/p>\n<p><span class=\"hps\">For modeller med<\/span> <span class=\"hps\">resistive<\/span> <span class=\"hps\">termistorer<\/span> <span class=\"hps\">eller<\/span> <span class=\"hps\">FTU<\/span> <span class=\"hps\">udgange<\/span>, kan du klikke <span class=\"hps\">her for<\/span> <span class=\"hps\">temperaturen til<\/span> <span class=\"hps\">modstand<\/span> <span class=\"hps\">opslagstabeller<\/span>.<\/p>\n<p><strong><span class=\"hps\">Bem\u00e6rk: <\/span><\/strong><span class=\"hps\">For<\/span> <span class=\"hps\">kanal<\/span> <span class=\"hps\">monteret<\/span> <span class=\"hps\">anl\u00e6g, b\u00f8r<\/span> <span class=\"hps\">sintrede<\/span> <span class=\"hps\">filter<\/span> <span class=\"hps\">option<\/span> <span class=\"hps\">bestilles<\/span> <span class=\"hps\">til applikationer, hvor<\/span> <span class=\"hps\">luftfugtigheds<\/span> <span class=\"hps\">senderen er<\/span> <span class=\"hps\">monteret i<\/span> <span class=\"hps\">indbl\u00e6sningskanalen<\/span> <span class=\"hps\">efter ventilatoren<\/span> <span class=\"hps\">og<\/span> <span class=\"hps\">k\u00f8leflader<\/span><\/p>\n","protected":false},"excerpt":{"rendered":"<p>Serie- RHP Temperatur og luftfugtigheds Transmitter kombinerer sp\u00e6nding eller str\u00f8m output med en passiv temperatur termistor eller RTD udgang. Polymeren kapacitans fugtsensor p\u00e5virkes ikke ved kondensation, t\u00e5ge, h\u00f8j luftfugtighed eller&#8230;<\/p>\n","protected":false},"featured_media":497,"template":"","meta":{"_acf_changed":false,"_nectar_blocks_hide_post_title":false,"_nectar_blocks_transparent_header_effect":false,"_nectar_blocks_transparent_header_effect_color":"light","_nectar_blocks_header_animation":false,"_nectar_blocks_header_animation_delay":0,"_nectar_blocks_header_animation_effect":"fade","_nectar_blocks_page_css":"","_nectar_blocks_page_js":""},"brancher":[443,444,445,446,471,550,551,598],"leverandorer":[332],"produkt_kategorier":[419,430,432,601],"produktomraader":[568,570],"product_brand":[],"product_cat":[],"product_tag":[],"class_list":{"0":"post-2831","1":"product","2":"type-product","3":"status-publish","4":"has-post-thumbnail","6":"brancher-hydraulic-en","7":"brancher-industri-en","8":"brancher-marine-en","9":"brancher-offshore-en","10":"brancher-foodpharma-en","11":"brancher-landbrug-en","12":"brancher-offshore-petro-kemi","13":"brancher-ventilation-en","14":"leverandorer-dwyer-en","15":"produkt_kategorier-moisture-measurement","16":"produkt_kategorier-flow-en","17":"produkt_kategorier-air-flow-in-duct","18":"produkt_kategorier-niveau-en","19":"produktomraader-fugt-en","20":"produktomraader-relativ-fugtmaaling-en","22":"first","23":"instock","24":"shipping-taxable","25":"product-type-simple"},"acf":[],"_links":{"self":[{"href":"https:\/\/summit.dk\/en\/wp-json\/wp\/v2\/product\/2831","targetHints":{"allow":["GET"]}}],"collection":[{"href":"https:\/\/summit.dk\/en\/wp-json\/wp\/v2\/product"}],"about":[{"href":"https:\/\/summit.dk\/en\/wp-json\/wp\/v2\/types\/product"}],"wp:featuredmedia":[{"embeddable":true,"href":"https:\/\/summit.dk\/en\/wp-json\/wp\/v2\/media\/497"}],"wp:attachment":[{"href":"https:\/\/summit.dk\/en\/wp-json\/wp\/v2\/media?parent=2831"}],"wp:term":[{"taxonomy":"brancher","embeddable":true,"href":"https:\/\/summit.dk\/en\/wp-json\/wp\/v2\/brancher?post=2831"},{"taxonomy":"leverandorer","embeddable":true,"href":"https:\/\/summit.dk\/en\/wp-json\/wp\/v2\/leverandorer?post=2831"},{"taxonomy":"produkt_kategorier","embeddable":true,"href":"https:\/\/summit.dk\/en\/wp-json\/wp\/v2\/produkt_kategorier?post=2831"},{"taxonomy":"produktomraader","embeddable":true,"href":"https:\/\/summit.dk\/en\/wp-json\/wp\/v2\/produktomraader?post=2831"},{"taxonomy":"product_brand","embeddable":true,"href":"https:\/\/summit.dk\/en\/wp-json\/wp\/v2\/product_brand?post=2831"},{"taxonomy":"product_cat","embeddable":true,"href":"https:\/\/summit.dk\/en\/wp-json\/wp\/v2\/product_cat?post=2831"},{"taxonomy":"product_tag","embeddable":true,"href":"https:\/\/summit.dk\/en\/wp-json\/wp\/v2\/product_tag?post=2831"}],"curies":[{"name":"wp","href":"https:\/\/api.w.org\/{rel}","templated":true}]}}