{"id":2830,"date":"2019-10-29T07:59:22","date_gmt":"2019-10-29T07:59:22","guid":{"rendered":"https:\/\/summit.dk\/produkter\/serie-550-skueglas-forskruning\/"},"modified":"2019-10-29T07:59:23","modified_gmt":"2019-10-29T07:59:23","slug":"serie-550-skueglas-forskruning","status":"publish","type":"product","link":"https:\/\/summit.dk\/en\/vare\/serie-550-skueglas-forskruning\/","title":{"rendered":"Serie-550 Skueglas Forskruning"},"content":{"rendered":"<p><span lang=\"da\">Smeltet glas skueglas, til metal obligation til allerst\u00f8rste p\u00e5lidelighed. Forgyldt st\u00e5l har bekvemme sekskantn\u00f8gle overflader. Tilslutninger er standard NPT i st\u00f8rrelser fra 1\/4 &#8221; til 2&#8243; . Skueglasset er klart, og flugter med forsiden , der ikke har nogen fordybning.<\/span><\/p>\n<p>&nbsp;<\/p>\n<p><span lang=\"da\">Produkt Applikationer <\/span><\/p>\n<p><span lang=\"da\">\u2022 Hydrauliske Tanks <\/span><\/p>\n<p><span lang=\"da\">\u2022 trykbeholdere <\/span><\/p>\n<p><span lang=\"da\">\u2022 K\u00f8lev\u00e6ske Tanks <\/span><\/p>\n<p><span lang=\"da\">\u2022 Hydrauliske Lines <\/span><\/p>\n<p><span lang=\"da\">\u2022 oliereservoirer<\/span><\/p>\n","protected":false},"excerpt":{"rendered":"<p>Smeltet glas skueglas, til metal obligation til allerst\u00f8rste p\u00e5lidelighed. Forgyldt st\u00e5l har bekvemme sekskantn\u00f8gle overflader. Tilslutninger er standard NPT i st\u00f8rrelser fra 1\/4 &#8221; til 2&#8243; . Skueglasset er klart,&#8230;<\/p>\n","protected":false},"featured_media":518,"template":"","meta":{"_acf_changed":false,"_nectar_blocks_hide_post_title":false,"_nectar_blocks_transparent_header_effect":false,"_nectar_blocks_transparent_header_effect_color":"light","_nectar_blocks_header_animation":false,"_nectar_blocks_header_animation_delay":0,"_nectar_blocks_header_animation_effect":"fade","_nectar_blocks_page_css":"","_nectar_blocks_page_js":""},"brancher":[443,444,445,446,471,550,551,598],"leverandorer":[332],"produkt_kategorier":[421,426,430,601,611],"produktomraader":[545,566],"product_brand":[],"product_cat":[],"product_tag":[],"class_list":{"0":"post-2830","1":"product","2":"type-product","3":"status-publish","4":"has-post-thumbnail","6":"brancher-hydraulic-en","7":"brancher-industri-en","8":"brancher-marine-en","9":"brancher-offshore-en","10":"brancher-foodpharma-en","11":"brancher-landbrug-en","12":"brancher-offshore-petro-kemi","13":"brancher-ventilation-en","14":"leverandorer-dwyer-en","15":"produkt_kategorier-liquid","16":"produkt_kategorier-displayindication","17":"produkt_kategorier-flow-en","18":"produkt_kategorier-niveau-en","19":"produkt_kategorier-analog-maaling-en","20":"produktomraader-flow-en","21":"produktomraader-flow-maaling-en","23":"first","24":"instock","25":"shipping-taxable","26":"product-type-simple"},"acf":[],"_links":{"self":[{"href":"https:\/\/summit.dk\/en\/wp-json\/wp\/v2\/product\/2830","targetHints":{"allow":["GET"]}}],"collection":[{"href":"https:\/\/summit.dk\/en\/wp-json\/wp\/v2\/product"}],"about":[{"href":"https:\/\/summit.dk\/en\/wp-json\/wp\/v2\/types\/product"}],"wp:featuredmedia":[{"embeddable":true,"href":"https:\/\/summit.dk\/en\/wp-json\/wp\/v2\/media\/518"}],"wp:attachment":[{"href":"https:\/\/summit.dk\/en\/wp-json\/wp\/v2\/media?parent=2830"}],"wp:term":[{"taxonomy":"brancher","embeddable":true,"href":"https:\/\/summit.dk\/en\/wp-json\/wp\/v2\/brancher?post=2830"},{"taxonomy":"leverandorer","embeddable":true,"href":"https:\/\/summit.dk\/en\/wp-json\/wp\/v2\/leverandorer?post=2830"},{"taxonomy":"produkt_kategorier","embeddable":true,"href":"https:\/\/summit.dk\/en\/wp-json\/wp\/v2\/produkt_kategorier?post=2830"},{"taxonomy":"produktomraader","embeddable":true,"href":"https:\/\/summit.dk\/en\/wp-json\/wp\/v2\/produktomraader?post=2830"},{"taxonomy":"product_brand","embeddable":true,"href":"https:\/\/summit.dk\/en\/wp-json\/wp\/v2\/product_brand?post=2830"},{"taxonomy":"product_cat","embeddable":true,"href":"https:\/\/summit.dk\/en\/wp-json\/wp\/v2\/product_cat?post=2830"},{"taxonomy":"product_tag","embeddable":true,"href":"https:\/\/summit.dk\/en\/wp-json\/wp\/v2\/product_tag?post=2830"}],"curies":[{"name":"wp","href":"https:\/\/api.w.org\/{rel}","templated":true}]}}