{"id":2829,"date":"2019-10-29T07:59:02","date_gmt":"2019-10-29T07:59:02","guid":{"rendered":"https:\/\/summit.dk\/produkter\/serie-500-skueglas-forskruning\/"},"modified":"2019-10-29T07:59:03","modified_gmt":"2019-10-29T07:59:03","slug":"serie-500-skueglas-forskruning","status":"publish","type":"product","link":"https:\/\/summit.dk\/en\/vare\/serie-500-skueglas-forskruning\/","title":{"rendered":"Serie-500 Skueglas forskruning"},"content":{"rendered":"<p><span lang=\"da\">H\u00e6rdet glas vindue modst\u00e5r kemiske angreb og slid . Problemfri pakning sikrer perfekt t\u00e6tning og er let udskiftelig. Ud over standard messing forskruning , Model 500 Sight Windows er ogs\u00e5 tilg\u00e6ngelige i kulstofst\u00e5l eller 316 rustfrit st\u00e5l , der passer til en lang r\u00e6kke kemiske v\u00e6sker.<\/span><\/p>\n<p>&nbsp;<\/p>\n<p><span lang=\"da\">Produkt Applikationer <\/span><\/p>\n<p><span lang=\"da\">\u2022 Hydrauliske Tanks <\/span><\/p>\n<p><span lang=\"da\">\u2022 trykbeholdere <\/span><\/p>\n<p><span lang=\"da\">\u2022 K\u00f8lev\u00e6ske Tanks <\/span><\/p>\n<p><span lang=\"da\">\u2022 Hydrauliske Lines <\/span><\/p>\n<p><span lang=\"da\">\u2022 oliereservoirer<\/span><\/p>\n","protected":false},"excerpt":{"rendered":"<p>H\u00e6rdet glas vindue modst\u00e5r kemiske angreb og slid . Problemfri pakning sikrer perfekt t\u00e6tning og er let udskiftelig. Ud over standard messing forskruning , Model 500 Sight Windows er ogs\u00e5&#8230;<\/p>\n","protected":false},"featured_media":515,"template":"","meta":{"_acf_changed":false,"_nectar_blocks_hide_post_title":false,"_nectar_blocks_transparent_header_effect":false,"_nectar_blocks_transparent_header_effect_color":"light","_nectar_blocks_header_animation":false,"_nectar_blocks_header_animation_delay":0,"_nectar_blocks_header_animation_effect":"fade","_nectar_blocks_page_css":"","_nectar_blocks_page_js":""},"brancher":[443,444,445,446,471,550,551,598],"leverandorer":[332],"produkt_kategorier":[421,426,430,601,611],"produktomraader":[545,566],"product_brand":[],"product_cat":[],"product_tag":[],"class_list":{"0":"post-2829","1":"product","2":"type-product","3":"status-publish","4":"has-post-thumbnail","6":"brancher-hydraulic-en","7":"brancher-industri-en","8":"brancher-marine-en","9":"brancher-offshore-en","10":"brancher-foodpharma-en","11":"brancher-landbrug-en","12":"brancher-offshore-petro-kemi","13":"brancher-ventilation-en","14":"leverandorer-dwyer-en","15":"produkt_kategorier-liquid","16":"produkt_kategorier-displayindication","17":"produkt_kategorier-flow-en","18":"produkt_kategorier-niveau-en","19":"produkt_kategorier-analog-maaling-en","20":"produktomraader-flow-en","21":"produktomraader-flow-maaling-en","23":"first","24":"instock","25":"shipping-taxable","26":"product-type-simple"},"acf":[],"_links":{"self":[{"href":"https:\/\/summit.dk\/en\/wp-json\/wp\/v2\/product\/2829","targetHints":{"allow":["GET"]}}],"collection":[{"href":"https:\/\/summit.dk\/en\/wp-json\/wp\/v2\/product"}],"about":[{"href":"https:\/\/summit.dk\/en\/wp-json\/wp\/v2\/types\/product"}],"wp:featuredmedia":[{"embeddable":true,"href":"https:\/\/summit.dk\/en\/wp-json\/wp\/v2\/media\/515"}],"wp:attachment":[{"href":"https:\/\/summit.dk\/en\/wp-json\/wp\/v2\/media?parent=2829"}],"wp:term":[{"taxonomy":"brancher","embeddable":true,"href":"https:\/\/summit.dk\/en\/wp-json\/wp\/v2\/brancher?post=2829"},{"taxonomy":"leverandorer","embeddable":true,"href":"https:\/\/summit.dk\/en\/wp-json\/wp\/v2\/leverandorer?post=2829"},{"taxonomy":"produkt_kategorier","embeddable":true,"href":"https:\/\/summit.dk\/en\/wp-json\/wp\/v2\/produkt_kategorier?post=2829"},{"taxonomy":"produktomraader","embeddable":true,"href":"https:\/\/summit.dk\/en\/wp-json\/wp\/v2\/produktomraader?post=2829"},{"taxonomy":"product_brand","embeddable":true,"href":"https:\/\/summit.dk\/en\/wp-json\/wp\/v2\/product_brand?post=2829"},{"taxonomy":"product_cat","embeddable":true,"href":"https:\/\/summit.dk\/en\/wp-json\/wp\/v2\/product_cat?post=2829"},{"taxonomy":"product_tag","embeddable":true,"href":"https:\/\/summit.dk\/en\/wp-json\/wp\/v2\/product_tag?post=2829"}],"curies":[{"name":"wp","href":"https:\/\/api.w.org\/{rel}","templated":true}]}}