{"id":2827,"date":"2019-10-29T07:58:07","date_gmt":"2019-10-29T07:58:07","guid":{"rendered":"https:\/\/summit.dk\/produkter\/serie-rhp-e-n-temperatur-fugt-maaling\/"},"modified":"2019-10-29T07:58:08","modified_gmt":"2019-10-29T07:58:08","slug":"serie-rhp-e-n-temperatur-fugt-maaling","status":"publish","type":"product","link":"https:\/\/summit.dk\/en\/vare\/serie-rhp-e-n-temperatur-fugt-maaling\/","title":{"rendered":"Serie- RHP-E\/N Temperatur\/Fugt M\u00e5ling"},"content":{"rendered":"<p><span class=\"hps\">Serie<\/span> <span class=\"hps\">RHP<\/span>-E <span class=\"hps\">\/ N<\/span> (<span class=\"hps\">Wall<\/span> <span class=\"hps\">Mount)<\/span> <span class=\"hps\">Fugtighed<\/span> <span class=\"hps\">\/<\/span> <span class=\"hps\">Temperatur<\/span> <span class=\"hps\">\/<\/span> <span class=\"hps\">Dugpunkt<\/span> <span class=\"hps\">Transmitter<\/span> <span class=\"hps\">er den mest alsidige<\/span> <span class=\"hps\">rum sensor <\/span><span class=\"hps\">p\u00e5<\/span> <span class=\"hps\">markedet<\/span>. <span class=\"hps\">Luftfugtighed og<\/span> <span class=\"hps\">dugpunktet<\/span> <span class=\"hps\">m\u00e5les<\/span> <span class=\"hps\">ved hj\u00e6lp af en<\/span> <span class=\"hps\">kapacitiv<\/span> <span class=\"hps\">polymer<\/span> <span class=\"hps\">sensor, der<\/span> <span class=\"hps\">helt<\/span> <span class=\"hps\">genvinder<\/span> <span class=\"hps\">fra<\/span> <span class=\"hps\">100%<\/span> <span class=\"hps\">m\u00e6tning.<\/span><\/p>\n<p><span class=\"hps\">Luftfugtighed og<\/span> <span class=\"hps\">dugpunkt<\/span> <span class=\"hps\">kan<\/span> <span class=\"hps\">have enten en<\/span> <span class=\"hps\">str\u00f8m eller sp\u00e6ndings<\/span> <span class=\"hps\">output,<\/span> <span class=\"hps\">mens<\/span> <span class=\"hps\">den valgfrie<\/span> <span class=\"hps\">temperatur<\/span> <span class=\"hps\">udgang kan<\/span> <span class=\"hps\">v\u00e6re en<\/span> <span class=\"hps\">str\u00f8m, sp\u00e6nding<\/span>, <span class=\"hps\">RTD<\/span> <span class=\"hps\">eller<\/span> <span class=\"hps\">termistor<\/span>.Til <span class=\"hps\"> modeller med<\/span> <span class=\"hps\">str\u00f8m eller sp\u00e6nding<\/span> <span class=\"hps\">for temperaturens<\/span> <span class=\"hps\">output.<\/span><\/p>\n","protected":false},"excerpt":{"rendered":"<p>Serie RHP-E \/ N (Wall Mount) Fugtighed \/ Temperatur \/ Dugpunkt Transmitter er den mest alsidige rum sensor p\u00e5 markedet. Luftfugtighed og dugpunktet m\u00e5les ved hj\u00e6lp af en kapacitiv polymer&#8230;<\/p>\n","protected":false},"featured_media":492,"template":"","meta":{"_acf_changed":false,"_nectar_blocks_hide_post_title":false,"_nectar_blocks_transparent_header_effect":false,"_nectar_blocks_transparent_header_effect_color":"light","_nectar_blocks_header_animation":false,"_nectar_blocks_header_animation_delay":0,"_nectar_blocks_header_animation_effect":"fade","_nectar_blocks_page_css":"","_nectar_blocks_page_js":""},"brancher":[444,471,550,598],"leverandorer":[332],"produkt_kategorier":[419,601],"produktomraader":[546,568,570],"product_brand":[],"product_cat":[],"product_tag":[],"class_list":{"0":"post-2827","1":"product","2":"type-product","3":"status-publish","4":"has-post-thumbnail","6":"brancher-industri-en","7":"brancher-foodpharma-en","8":"brancher-landbrug-en","9":"brancher-ventilation-en","10":"leverandorer-dwyer-en","11":"produkt_kategorier-moisture-measurement","12":"produkt_kategorier-niveau-en","13":"produktomraader-temperature","14":"produktomraader-fugt-en","15":"produktomraader-relativ-fugtmaaling-en","17":"first","18":"instock","19":"shipping-taxable","20":"product-type-simple"},"acf":[],"_links":{"self":[{"href":"https:\/\/summit.dk\/en\/wp-json\/wp\/v2\/product\/2827","targetHints":{"allow":["GET"]}}],"collection":[{"href":"https:\/\/summit.dk\/en\/wp-json\/wp\/v2\/product"}],"about":[{"href":"https:\/\/summit.dk\/en\/wp-json\/wp\/v2\/types\/product"}],"wp:featuredmedia":[{"embeddable":true,"href":"https:\/\/summit.dk\/en\/wp-json\/wp\/v2\/media\/492"}],"wp:attachment":[{"href":"https:\/\/summit.dk\/en\/wp-json\/wp\/v2\/media?parent=2827"}],"wp:term":[{"taxonomy":"brancher","embeddable":true,"href":"https:\/\/summit.dk\/en\/wp-json\/wp\/v2\/brancher?post=2827"},{"taxonomy":"leverandorer","embeddable":true,"href":"https:\/\/summit.dk\/en\/wp-json\/wp\/v2\/leverandorer?post=2827"},{"taxonomy":"produkt_kategorier","embeddable":true,"href":"https:\/\/summit.dk\/en\/wp-json\/wp\/v2\/produkt_kategorier?post=2827"},{"taxonomy":"produktomraader","embeddable":true,"href":"https:\/\/summit.dk\/en\/wp-json\/wp\/v2\/produktomraader?post=2827"},{"taxonomy":"product_brand","embeddable":true,"href":"https:\/\/summit.dk\/en\/wp-json\/wp\/v2\/product_brand?post=2827"},{"taxonomy":"product_cat","embeddable":true,"href":"https:\/\/summit.dk\/en\/wp-json\/wp\/v2\/product_cat?post=2827"},{"taxonomy":"product_tag","embeddable":true,"href":"https:\/\/summit.dk\/en\/wp-json\/wp\/v2\/product_tag?post=2827"}],"curies":[{"name":"wp","href":"https:\/\/api.w.org\/{rel}","templated":true}]}}