{"id":2826,"date":"2019-10-29T07:57:37","date_gmt":"2019-10-29T07:57:37","guid":{"rendered":"https:\/\/summit.dk\/produkter\/serie-lfm-polycarbonate-flowmetre\/"},"modified":"2019-10-29T07:57:38","modified_gmt":"2019-10-29T07:57:38","slug":"serie-lfm-polycarbonate-flowmetre","status":"publish","type":"product","link":"https:\/\/summit.dk\/en\/vare\/serie-lfm-polycarbonate-flowmetre\/","title":{"rendered":"Serie- LFM Polycarbonate Flowmetre"},"content":{"rendered":"<h2>Serie-LFM Flowm\u00e5lere<\/h2>\n<p><span lang=\"da\">Serie-LFM Flowm\u00e5lere er lavet af spr\u00f8jtest\u00f8bt, varme- og kemisk resistente polycarbonat. Serie LFM flowm\u00e5lere har dobbelt skalaer m\u00e5ler i b\u00e5de GPM og LPM med 5 % n\u00f8jagtighed. <\/span><\/p>\n<p><span lang=\"da\">En tekstureret baggrund p\u00e5 kroppen \u00f8ger skalaens l\u00e6sbarhed. Standard in-line modeller leveres med 1\/2 &#8221; mandlige NPT tilslutninger til LFMA , LFMB &amp; LFMC , 3\/4 &#8221; mandlige NPT tilslutninger til LFMD, 1 &#8220;mandlige NPT tilslutninger til LFME og 2 &#8221; mandlige NPT tilslutninger til LFMF<\/span><span lang=\"da\">. <\/span><\/p>\n<p><span lang=\"da\">Panel mount installationen f\u00e5s med 90\u00b0 albue fittings, der omfatter panel l\u00e5sem\u00f8trikker. Forskellige andre fittings er tilg\u00e6ngelige.<\/span><\/p>\n<p>&nbsp;<\/p>\n<p><span lang=\"da\"> <strong> ADVARSEL:<\/strong> Serie LFM Flowm\u00e5lere er kun til lukkede, eller omr\u00e5der uden direkte sollys (indend\u00f8rs brug). Polycarbonat p\u00e5virkes af ultraviolet lys.<\/span><\/p>\n","protected":false},"excerpt":{"rendered":"<p>Serie-LFM Flowm\u00e5lere Serie-LFM Flowm\u00e5lere er lavet af spr\u00f8jtest\u00f8bt, varme- og kemisk resistente polycarbonat. Serie LFM flowm\u00e5lere har dobbelt skalaer m\u00e5ler i b\u00e5de GPM og LPM med 5 % n\u00f8jagtighed. En&#8230;<\/p>\n","protected":false},"featured_media":510,"template":"","meta":{"_acf_changed":false,"_nectar_blocks_hide_post_title":false,"_nectar_blocks_transparent_header_effect":false,"_nectar_blocks_transparent_header_effect_color":"light","_nectar_blocks_header_animation":false,"_nectar_blocks_header_animation_delay":0,"_nectar_blocks_header_animation_effect":"fade","_nectar_blocks_page_css":"","_nectar_blocks_page_js":""},"brancher":[443,444,445,446,471,550,551,598],"leverandorer":[332],"produkt_kategorier":[421,430],"produktomraader":[545,566],"product_brand":[],"product_cat":[],"product_tag":[],"class_list":{"0":"post-2826","1":"product","2":"type-product","3":"status-publish","4":"has-post-thumbnail","6":"brancher-hydraulic-en","7":"brancher-industri-en","8":"brancher-marine-en","9":"brancher-offshore-en","10":"brancher-foodpharma-en","11":"brancher-landbrug-en","12":"brancher-offshore-petro-kemi","13":"brancher-ventilation-en","14":"leverandorer-dwyer-en","15":"produkt_kategorier-liquid","16":"produkt_kategorier-flow-en","17":"produktomraader-flow-en","18":"produktomraader-flow-maaling-en","20":"first","21":"instock","22":"shipping-taxable","23":"product-type-simple"},"acf":[],"_links":{"self":[{"href":"https:\/\/summit.dk\/en\/wp-json\/wp\/v2\/product\/2826","targetHints":{"allow":["GET"]}}],"collection":[{"href":"https:\/\/summit.dk\/en\/wp-json\/wp\/v2\/product"}],"about":[{"href":"https:\/\/summit.dk\/en\/wp-json\/wp\/v2\/types\/product"}],"wp:featuredmedia":[{"embeddable":true,"href":"https:\/\/summit.dk\/en\/wp-json\/wp\/v2\/media\/510"}],"wp:attachment":[{"href":"https:\/\/summit.dk\/en\/wp-json\/wp\/v2\/media?parent=2826"}],"wp:term":[{"taxonomy":"brancher","embeddable":true,"href":"https:\/\/summit.dk\/en\/wp-json\/wp\/v2\/brancher?post=2826"},{"taxonomy":"leverandorer","embeddable":true,"href":"https:\/\/summit.dk\/en\/wp-json\/wp\/v2\/leverandorer?post=2826"},{"taxonomy":"produkt_kategorier","embeddable":true,"href":"https:\/\/summit.dk\/en\/wp-json\/wp\/v2\/produkt_kategorier?post=2826"},{"taxonomy":"produktomraader","embeddable":true,"href":"https:\/\/summit.dk\/en\/wp-json\/wp\/v2\/produktomraader?post=2826"},{"taxonomy":"product_brand","embeddable":true,"href":"https:\/\/summit.dk\/en\/wp-json\/wp\/v2\/product_brand?post=2826"},{"taxonomy":"product_cat","embeddable":true,"href":"https:\/\/summit.dk\/en\/wp-json\/wp\/v2\/product_cat?post=2826"},{"taxonomy":"product_tag","embeddable":true,"href":"https:\/\/summit.dk\/en\/wp-json\/wp\/v2\/product_tag?post=2826"}],"curies":[{"name":"wp","href":"https:\/\/api.w.org\/{rel}","templated":true}]}}