{"id":2825,"date":"2019-10-29T07:56:59","date_gmt":"2019-10-29T07:56:59","guid":{"rendered":"https:\/\/summit.dk\/produkter\/serie-dafm-kanal-udsugnings-maaling\/"},"modified":"2019-10-29T07:56:59","modified_gmt":"2019-10-29T07:56:59","slug":"serie-dafm-kanal-udsugnings-maaling","status":"publish","type":"product","link":"https:\/\/summit.dk\/en\/vare\/serie-dafm-kanal-udsugnings-maaling\/","title":{"rendered":"Serie- DAFM Kanal\/udsugnings M\u00e5ling"},"content":{"rendered":"<p><span class=\"hps\">Model<\/span> <span class=\"hps\">DAFM<\/span>\u00a0 <span class=\"hps\">m\u00e5lesonde<\/span> <span class=\"hps\">bruger<\/span> <span class=\"hps\">j\u00e6vnt fordelt<\/span> <span class=\"hps\">i alt<\/span> <span class=\"hps\">og statiske<\/span> <span class=\"hps\">tryk<\/span> <span class=\"hps\">m\u00e5lepunkter<\/span> <span class=\"hps\">for at levere<\/span> <span class=\"hps\">en n\u00f8jagtig m\u00e5ling<\/span> <span class=\"hps\">af str\u00f8mme<\/span> <span class=\"hps\">i en kanal<\/span>. <span class=\"hps\">Luftstr\u00f8mmen<\/span> <span class=\"hps\">M\u00e5ling<\/span> <span class=\"hps\">Probe<\/span> <span class=\"hps\">kan<\/span> <span class=\"hps\">helt installeret<\/span> <span class=\"hps\">udefra<\/span> <span class=\"hps\">af kanalen<\/span> <span class=\"hps\">g\u00f8r det meget<\/span> <span class=\"hps\">let at installere<\/span>. <span class=\"hps\">Med<\/span> <span class=\"hps\">sin lette<\/span> <span class=\"hps\">og<\/span> <span class=\"hps\">holdbare konstruktion<\/span> <span class=\"hps\">foruden sin<\/span> <span class=\"hps\">nem installation<\/span>, g\u00f8r\u00a0<span class=\"hps\">dette produkt<\/span> <span class=\"hps\">egnet til<\/span> <span class=\"hps\">at blive<\/span> <span class=\"hps\">anvendt i<\/span> <span class=\"hps\">HVAC branchen<\/span>. <span class=\"hps\">Disse<\/span> <span class=\"hps\">luft<\/span> <span class=\"hps\">flow<\/span> <span class=\"hps\">m\u00e5ling<\/span> <span class=\"hps\">prober kan<\/span> <span class=\"hps\">bestilles<\/span> <span class=\"hps\">til enten<\/span> <span class=\"hps\">runde<\/span> <span class=\"hps\">eller<\/span> <span class=\"hps\">rektangul\u00e6re kanaler<\/span>. <span class=\"hps\">For at sikre<\/span> <span class=\"hps\">n\u00f8jagtige m\u00e5linger<\/span>, skal <span class=\"hps\">du<\/span> <span class=\"hps\">bestemme antallet af<\/span> <span class=\"hps\">sonder<\/span>\u00a0i <span class=\"hps\">kanalen.<\/span> <span class=\"hps\">Hvis<\/span> <span class=\"hps\">kanalen<\/span> <span class=\"hps\">er rektangul\u00e6r<\/span>, <span class=\"hps\">s\u00e5<\/span>\u00a0kig <span class=\"hps\">diagrammet<\/span> <span class=\"hps\">for at bestemme<\/span> <span class=\"hps\">passende m\u00e6ngde<\/span> <span class=\"hps\">sonder<\/span>.<\/p>\n<p><span class=\"hps\">Hvis<\/span> <span class=\"hps\">kanalen<\/span> <span class=\"hps\">er rund<\/span>, <span class=\"hps\">er det kun n\u00f8dvendigt<\/span> <span class=\"hps\">at k\u00f8be<\/span> <span class=\"hps\">to prober<\/span> <span class=\"hps\">til enhver<\/span> <span class=\"hps\">st\u00f8rrelse<\/span> <span class=\"hps\">kanal<\/span> <span class=\"hps\">og<\/span> <span class=\"hps\">montere dem<\/span> <span class=\"hps\">vinkelret p\u00e5 hinanden<\/span>.<\/p>\n","protected":false},"excerpt":{"rendered":"<p>Model DAFM\u00a0 m\u00e5lesonde bruger j\u00e6vnt fordelt i alt og statiske tryk m\u00e5lepunkter for at levere en n\u00f8jagtig m\u00e5ling af str\u00f8mme i en kanal. Luftstr\u00f8mmen M\u00e5ling Probe kan helt installeret udefra&#8230;<\/p>\n","protected":false},"featured_media":487,"template":"","meta":{"_acf_changed":false,"_nectar_blocks_hide_post_title":false,"_nectar_blocks_transparent_header_effect":false,"_nectar_blocks_transparent_header_effect_color":"light","_nectar_blocks_header_animation":false,"_nectar_blocks_header_animation_delay":0,"_nectar_blocks_header_animation_effect":"fade","_nectar_blocks_page_css":"","_nectar_blocks_page_js":""},"brancher":[444,471,550,598],"leverandorer":[332],"produkt_kategorier":[414,416,430,432],"produktomraader":[545,566],"product_brand":[],"product_cat":[],"product_tag":[],"class_list":{"0":"post-2825","1":"product","2":"type-product","3":"status-publish","4":"has-post-thumbnail","6":"brancher-industri-en","7":"brancher-foodpharma-en","8":"brancher-landbrug-en","9":"brancher-ventilation-en","10":"leverandorer-dwyer-en","11":"produkt_kategorier-hvac-komponenents","12":"produkt_kategorier-air-quality","13":"produkt_kategorier-flow-en","14":"produkt_kategorier-air-flow-in-duct","15":"produktomraader-flow-en","16":"produktomraader-flow-maaling-en","18":"first","19":"instock","20":"shipping-taxable","21":"product-type-simple"},"acf":[],"_links":{"self":[{"href":"https:\/\/summit.dk\/en\/wp-json\/wp\/v2\/product\/2825","targetHints":{"allow":["GET"]}}],"collection":[{"href":"https:\/\/summit.dk\/en\/wp-json\/wp\/v2\/product"}],"about":[{"href":"https:\/\/summit.dk\/en\/wp-json\/wp\/v2\/types\/product"}],"wp:featuredmedia":[{"embeddable":true,"href":"https:\/\/summit.dk\/en\/wp-json\/wp\/v2\/media\/487"}],"wp:attachment":[{"href":"https:\/\/summit.dk\/en\/wp-json\/wp\/v2\/media?parent=2825"}],"wp:term":[{"taxonomy":"brancher","embeddable":true,"href":"https:\/\/summit.dk\/en\/wp-json\/wp\/v2\/brancher?post=2825"},{"taxonomy":"leverandorer","embeddable":true,"href":"https:\/\/summit.dk\/en\/wp-json\/wp\/v2\/leverandorer?post=2825"},{"taxonomy":"produkt_kategorier","embeddable":true,"href":"https:\/\/summit.dk\/en\/wp-json\/wp\/v2\/produkt_kategorier?post=2825"},{"taxonomy":"produktomraader","embeddable":true,"href":"https:\/\/summit.dk\/en\/wp-json\/wp\/v2\/produktomraader?post=2825"},{"taxonomy":"product_brand","embeddable":true,"href":"https:\/\/summit.dk\/en\/wp-json\/wp\/v2\/product_brand?post=2825"},{"taxonomy":"product_cat","embeddable":true,"href":"https:\/\/summit.dk\/en\/wp-json\/wp\/v2\/product_cat?post=2825"},{"taxonomy":"product_tag","embeddable":true,"href":"https:\/\/summit.dk\/en\/wp-json\/wp\/v2\/product_tag?post=2825"}],"curies":[{"name":"wp","href":"https:\/\/api.w.org\/{rel}","templated":true}]}}