{"id":2824,"date":"2019-10-29T07:56:11","date_gmt":"2019-10-29T07:56:11","guid":{"rendered":"https:\/\/summit.dk\/produkter\/serie-cdt-kuldioxid-temperatur-transmitter\/"},"modified":"2019-10-29T07:56:12","modified_gmt":"2019-10-29T07:56:12","slug":"serie-cdt-kuldioxid-temperatur-transmitter","status":"publish","type":"product","link":"https:\/\/summit.dk\/en\/vare\/serie-cdt-kuldioxid-temperatur-transmitter\/","title":{"rendered":"Serie- CDT Kuldioxid\/Temperatur Transmitter"},"content":{"rendered":"<p><span lang=\"da\">Serie- CDT kuldioxid og temperatur transmittere overv\u00e5ger CO2-koncentration og temperatur i indend\u00f8rs milj\u00f8er for at hj\u00e6lpe med at opn\u00e5 energibesparelser.<\/span><\/p>\n<p><span lang=\"da\"> For \u00f8get sensor n\u00f8jagtighed, er en enkelt str\u00e5le dobbelt b\u00f8lgel\u00e6ngde nondispersive infrar\u00f8d (NDIR) sensor, der anvendes til automatisk at korrigere m\u00e5ling i b\u00e5de beboede og ubeboede bygninger. Den enkelt str\u00e5le dobbelt b\u00f8lgel\u00e6ngde sensor teknologi giver den h\u00f8jeste grad af n\u00f8jagtighed i forhold til Automatisk Baseline Korrektion metoder, som utilsigtet kan flytte kalibreringen baseret p\u00e5 CO2-niveauer og barometertryk betingelser. <\/span><\/p>\n<p><span lang=\"da\">For at opn\u00e5 en h\u00f8jere grad af n\u00f8jagtighed, Serie CDT omfatter digital justering barometertryk og evnen til at feltet-kalibrere sensoren. Til applikationer, der kr\u00e6ver visuel indikation, v\u00e6gbeslaget konfigurationer af serien CDT kan bestilles med en integreret LCD-display. <\/span><\/p>\n<p><span lang=\"da\">Trykknapper er standard p\u00e5 alle konfigurationer af sendere for adgang til menustrukturen, men v\u00e6gbeslag konfigurationer kan bestilles uden knapper. For at forhindre manipulation, kan virkningen af \u200b\u200bknapperne l\u00e5ses ved hj\u00e6lp af en intern markering (dip switch).<\/span><\/p>\n","protected":false},"excerpt":{"rendered":"<p>Serie- CDT kuldioxid og temperatur transmittere overv\u00e5ger CO2-koncentration og temperatur i indend\u00f8rs milj\u00f8er for at hj\u00e6lpe med at opn\u00e5 energibesparelser. For \u00f8get sensor n\u00f8jagtighed, er en enkelt str\u00e5le dobbelt b\u00f8lgel\u00e6ngde&#8230;<\/p>\n","protected":false},"featured_media":505,"template":"","meta":{"_acf_changed":false,"_nectar_blocks_hide_post_title":false,"_nectar_blocks_transparent_header_effect":false,"_nectar_blocks_transparent_header_effect_color":"light","_nectar_blocks_header_animation":false,"_nectar_blocks_header_animation_delay":0,"_nectar_blocks_header_animation_effect":"fade","_nectar_blocks_page_css":"","_nectar_blocks_page_js":""},"brancher":[444,471,550,598],"leverandorer":[332],"produkt_kategorier":[416,417,431],"produktomraader":[547,572],"product_brand":[],"product_cat":[],"product_tag":[],"class_list":{"0":"post-2824","1":"product","2":"type-product","3":"status-publish","4":"has-post-thumbnail","6":"brancher-industri-en","7":"brancher-foodpharma-en","8":"brancher-landbrug-en","9":"brancher-ventilation-en","10":"leverandorer-dwyer-en","11":"produkt_kategorier-air-quality","12":"produkt_kategorier-co2-measurement","13":"produkt_kategorier-temperature","14":"produktomraader-gas-en","15":"produktomraader-co2-en","17":"first","18":"instock","19":"shipping-taxable","20":"product-type-simple"},"acf":[],"_links":{"self":[{"href":"https:\/\/summit.dk\/en\/wp-json\/wp\/v2\/product\/2824","targetHints":{"allow":["GET"]}}],"collection":[{"href":"https:\/\/summit.dk\/en\/wp-json\/wp\/v2\/product"}],"about":[{"href":"https:\/\/summit.dk\/en\/wp-json\/wp\/v2\/types\/product"}],"wp:featuredmedia":[{"embeddable":true,"href":"https:\/\/summit.dk\/en\/wp-json\/wp\/v2\/media\/505"}],"wp:attachment":[{"href":"https:\/\/summit.dk\/en\/wp-json\/wp\/v2\/media?parent=2824"}],"wp:term":[{"taxonomy":"brancher","embeddable":true,"href":"https:\/\/summit.dk\/en\/wp-json\/wp\/v2\/brancher?post=2824"},{"taxonomy":"leverandorer","embeddable":true,"href":"https:\/\/summit.dk\/en\/wp-json\/wp\/v2\/leverandorer?post=2824"},{"taxonomy":"produkt_kategorier","embeddable":true,"href":"https:\/\/summit.dk\/en\/wp-json\/wp\/v2\/produkt_kategorier?post=2824"},{"taxonomy":"produktomraader","embeddable":true,"href":"https:\/\/summit.dk\/en\/wp-json\/wp\/v2\/produktomraader?post=2824"},{"taxonomy":"product_brand","embeddable":true,"href":"https:\/\/summit.dk\/en\/wp-json\/wp\/v2\/product_brand?post=2824"},{"taxonomy":"product_cat","embeddable":true,"href":"https:\/\/summit.dk\/en\/wp-json\/wp\/v2\/product_cat?post=2824"},{"taxonomy":"product_tag","embeddable":true,"href":"https:\/\/summit.dk\/en\/wp-json\/wp\/v2\/product_tag?post=2824"}],"curies":[{"name":"wp","href":"https:\/\/api.w.org\/{rel}","templated":true}]}}