{"id":2823,"date":"2019-10-29T07:55:48","date_gmt":"2019-10-29T07:55:48","guid":{"rendered":"https:\/\/summit.dk\/produkter\/serie-628-industriel-tryk-transmitter\/"},"modified":"2019-10-29T07:55:48","modified_gmt":"2019-10-29T07:55:48","slug":"serie-628-industriel-tryk-transmitter","status":"publish","type":"product","link":"https:\/\/summit.dk\/en\/vare\/serie-628-industriel-tryk-transmitter\/","title":{"rendered":"Serie- 628 Industriel Tryk Transmitter"},"content":{"rendered":"<p><span class=\"hps\">Serie-<\/span> <span class=\"hps\">628<\/span> <span class=\"hps\">Tryktransmittere<\/span> <span class=\"hps\">er ideelle til<\/span> <span class=\"hps\">OEM&#8217;er<\/span> <span class=\"hps\">med 1<\/span>% <span class=\"hps\">fuld<\/span> <span class=\"hps\">skala<\/span> <span class=\"hps\">n\u00f8jagtighed<\/span> <span class=\"hps\">sensorer.<\/span> <span class=\"hps\">Senderen<\/span> <span class=\"hps\">er<\/span> <span class=\"hps\">ogs\u00e5 tilg\u00e6ngelige i<\/span> <span class=\"hps\">det generelle form\u00e5l<\/span> <span class=\"hps\">hus i rustfrit st\u00e5l<\/span> <span class=\"hps\">og<\/span> <span class=\"hps\">st\u00f8bt aluminium<\/span> <span class=\"hps\">kanal<\/span> <span class=\"hps\">boliger.<\/span><\/p>\n<p><span class=\"hps\">De<\/span> <span class=\"hps\">korrosionsbestandig<\/span> <span class=\"hps\">316L<\/span> <span class=\"hps\">rustfrit st\u00e5l<\/span> <span class=\"hps\">v\u00e5ddele<\/span> <span class=\"hps\">tillader<\/span> <span class=\"hps\">Serie<\/span> <span class=\"hps\">626<\/span> <span class=\"hps\">og<\/span> <span class=\"hps\">628<\/span> <span class=\"hps\">sendere<\/span> <span class=\"hps\">til at m\u00e5le<\/span> <span class=\"hps\">trykket i<\/span> <span class=\"hps\">et v\u00e6ld af<\/span> <span class=\"hps\">processer fra<\/span> <span class=\"hps\">hydraulikolier<\/span> <span class=\"hps\">til<\/span> <span class=\"hps\">kemikalier.<\/span> <span class=\"hps\">Serie<\/span> <span class=\"hps\">626<\/span> <span class=\"hps\">og<\/span> <span class=\"hps\">628<\/span> <span class=\"hps\">f\u00e5s i<\/span> <span class=\"hps\">absolutte og<\/span> <span class=\"hps\">trykomr\u00e5der<\/span> <span class=\"hps\">med<\/span> <span class=\"hps\">en bred vifte af<\/span> <span class=\"hps\">valgfrie<\/span> <span class=\"hps\">udgange<\/span>, proces-forbindelser <span class=\"hps\">og elektriske<\/span> <span class=\"hps\">afslutninger.<\/span><\/p>\n","protected":false},"excerpt":{"rendered":"<p>Serie- 628 Tryktransmittere er ideelle til OEM&#8217;er med 1% fuld skala n\u00f8jagtighed sensorer. Senderen er ogs\u00e5 tilg\u00e6ngelige i det generelle form\u00e5l hus i rustfrit st\u00e5l og st\u00f8bt aluminium kanal boliger&#8230;.<\/p>\n","protected":false},"featured_media":482,"template":"","meta":{"_acf_changed":false,"_nectar_blocks_hide_post_title":false,"_nectar_blocks_transparent_header_effect":false,"_nectar_blocks_transparent_header_effect_color":"light","_nectar_blocks_header_animation":false,"_nectar_blocks_header_animation_delay":0,"_nectar_blocks_header_animation_effect":"fade","_nectar_blocks_page_css":"","_nectar_blocks_page_js":""},"brancher":[444,471,598],"leverandorer":[332],"produkt_kategorier":[412,421,430],"produktomraader":[539,584,587],"product_brand":[],"product_cat":[],"product_tag":[],"class_list":{"0":"post-2823","1":"product","2":"type-product","3":"status-publish","4":"has-post-thumbnail","6":"brancher-industri-en","7":"brancher-foodpharma-en","8":"brancher-ventilation-en","9":"leverandorer-dwyer-en","10":"produkt_kategorier-tryk-en","11":"produkt_kategorier-liquid","12":"produkt_kategorier-flow-en","13":"produktomraader-pressure","14":"produktomraader-absolut-trykmaaling-en","15":"produktomraader-gauge-trykmaaling-en","17":"first","18":"instock","19":"shipping-taxable","20":"product-type-simple"},"acf":[],"_links":{"self":[{"href":"https:\/\/summit.dk\/en\/wp-json\/wp\/v2\/product\/2823","targetHints":{"allow":["GET"]}}],"collection":[{"href":"https:\/\/summit.dk\/en\/wp-json\/wp\/v2\/product"}],"about":[{"href":"https:\/\/summit.dk\/en\/wp-json\/wp\/v2\/types\/product"}],"wp:featuredmedia":[{"embeddable":true,"href":"https:\/\/summit.dk\/en\/wp-json\/wp\/v2\/media\/482"}],"wp:attachment":[{"href":"https:\/\/summit.dk\/en\/wp-json\/wp\/v2\/media?parent=2823"}],"wp:term":[{"taxonomy":"brancher","embeddable":true,"href":"https:\/\/summit.dk\/en\/wp-json\/wp\/v2\/brancher?post=2823"},{"taxonomy":"leverandorer","embeddable":true,"href":"https:\/\/summit.dk\/en\/wp-json\/wp\/v2\/leverandorer?post=2823"},{"taxonomy":"produkt_kategorier","embeddable":true,"href":"https:\/\/summit.dk\/en\/wp-json\/wp\/v2\/produkt_kategorier?post=2823"},{"taxonomy":"produktomraader","embeddable":true,"href":"https:\/\/summit.dk\/en\/wp-json\/wp\/v2\/produktomraader?post=2823"},{"taxonomy":"product_brand","embeddable":true,"href":"https:\/\/summit.dk\/en\/wp-json\/wp\/v2\/product_brand?post=2823"},{"taxonomy":"product_cat","embeddable":true,"href":"https:\/\/summit.dk\/en\/wp-json\/wp\/v2\/product_cat?post=2823"},{"taxonomy":"product_tag","embeddable":true,"href":"https:\/\/summit.dk\/en\/wp-json\/wp\/v2\/product_tag?post=2823"}],"curies":[{"name":"wp","href":"https:\/\/api.w.org\/{rel}","templated":true}]}}