{"id":2821,"date":"2019-10-29T07:55:19","date_gmt":"2019-10-29T07:55:19","guid":{"rendered":"https:\/\/summit.dk\/produkter\/serie-616w-differenstryk-transmitter\/"},"modified":"2019-10-29T07:55:22","modified_gmt":"2019-10-29T07:55:22","slug":"serie-616w-differenstryk-transmitter","status":"publish","type":"product","link":"https:\/\/summit.dk\/en\/vare\/serie-616w-differenstryk-transmitter\/","title":{"rendered":"SERIE- 616W differenstryk transmitter"},"content":{"rendered":"<p><span lang=\"da\">Kan m\u00e5le positive, negative og differenstryk i en fuld sp\u00e6ndvidde n\u00f8jagtighed p\u00e5 \u00b1 0,25 med serien 616W trykforskel senderen. <\/span><\/p>\n<p><span lang=\"da\">Enheder er indesluttet i polycarbonat, NEMA 4X ( IP66 ) og betjenes ved at registrere trykket af luft og kompatible gasser derefter sende en standard 4-20 mA udgangssignal. <\/span><\/p>\n<p><span lang=\"da\">Design muligg\u00f8r drift i 2-leder str\u00f8msl\u00f8jfer. En bred vifte af modeller er til r\u00e5dighed og er fra fabrikken kalibreret til bestemte intervaller. <\/span><\/p>\n<p><span lang=\"da\">LCD-displayet giver mulighed for lokal indikation af tryk. Se hele <a href=\"https:\/\/summit.dk\/produkt-kategori\/tryk\/differenstryk\/\">differenstryk<\/a> udvalget<\/span><\/p>\n","protected":false},"excerpt":{"rendered":"<p>Kan m\u00e5le positive, negative og differenstryk i en fuld sp\u00e6ndvidde n\u00f8jagtighed p\u00e5 \u00b1 0,25 med serien 616W trykforskel senderen. Enheder er indesluttet i polycarbonat, NEMA 4X ( IP66 ) og&#8230;<\/p>\n","protected":false},"featured_media":465,"template":"","meta":{"_acf_changed":false,"_nectar_blocks_hide_post_title":false,"_nectar_blocks_transparent_header_effect":false,"_nectar_blocks_transparent_header_effect_color":"light","_nectar_blocks_header_animation":false,"_nectar_blocks_header_animation_delay":0,"_nectar_blocks_header_animation_effect":"fade","_nectar_blocks_page_css":"","_nectar_blocks_page_js":""},"brancher":[444,471,598],"leverandorer":[332],"produkt_kategorier":[412,413,429,430,438],"produktomraader":[539,586],"product_brand":[],"product_cat":[],"product_tag":[],"class_list":{"0":"post-2821","1":"product","2":"type-product","3":"status-publish","4":"has-post-thumbnail","6":"brancher-industri-en","7":"brancher-foodpharma-en","8":"brancher-ventilation-en","9":"leverandorer-dwyer-en","10":"produkt_kategorier-tryk-en","11":"produkt_kategorier-luftgas-en","12":"produkt_kategorier-differential","13":"produkt_kategorier-flow-en","14":"produkt_kategorier-differenstryktransmitter-en","15":"produktomraader-pressure","16":"produktomraader-differenstryk-en","18":"first","19":"instock","20":"shipping-taxable","21":"product-type-simple"},"acf":[],"_links":{"self":[{"href":"https:\/\/summit.dk\/en\/wp-json\/wp\/v2\/product\/2821","targetHints":{"allow":["GET"]}}],"collection":[{"href":"https:\/\/summit.dk\/en\/wp-json\/wp\/v2\/product"}],"about":[{"href":"https:\/\/summit.dk\/en\/wp-json\/wp\/v2\/types\/product"}],"wp:featuredmedia":[{"embeddable":true,"href":"https:\/\/summit.dk\/en\/wp-json\/wp\/v2\/media\/465"}],"wp:attachment":[{"href":"https:\/\/summit.dk\/en\/wp-json\/wp\/v2\/media?parent=2821"}],"wp:term":[{"taxonomy":"brancher","embeddable":true,"href":"https:\/\/summit.dk\/en\/wp-json\/wp\/v2\/brancher?post=2821"},{"taxonomy":"leverandorer","embeddable":true,"href":"https:\/\/summit.dk\/en\/wp-json\/wp\/v2\/leverandorer?post=2821"},{"taxonomy":"produkt_kategorier","embeddable":true,"href":"https:\/\/summit.dk\/en\/wp-json\/wp\/v2\/produkt_kategorier?post=2821"},{"taxonomy":"produktomraader","embeddable":true,"href":"https:\/\/summit.dk\/en\/wp-json\/wp\/v2\/produktomraader?post=2821"},{"taxonomy":"product_brand","embeddable":true,"href":"https:\/\/summit.dk\/en\/wp-json\/wp\/v2\/product_brand?post=2821"},{"taxonomy":"product_cat","embeddable":true,"href":"https:\/\/summit.dk\/en\/wp-json\/wp\/v2\/product_cat?post=2821"},{"taxonomy":"product_tag","embeddable":true,"href":"https:\/\/summit.dk\/en\/wp-json\/wp\/v2\/product_tag?post=2821"}],"curies":[{"name":"wp","href":"https:\/\/api.w.org\/{rel}","templated":true}]}}