{"id":2818,"date":"2019-10-29T07:54:06","date_gmt":"2019-10-29T07:54:06","guid":{"rendered":"https:\/\/summit.dk\/produkter\/serie-626-industriel-tryk-transmitter\/"},"modified":"2019-10-29T07:54:08","modified_gmt":"2019-10-29T07:54:08","slug":"serie-626-industriel-tryk-transmitter","status":"publish","type":"product","link":"https:\/\/summit.dk\/en\/vare\/serie-626-industriel-tryk-transmitter\/","title":{"rendered":"Serie 626 Industriel Tryk Transmitter"},"content":{"rendered":"<p><span class=\"hps\">Serie-<\/span> <span class=\"hps\">626<\/span> <span class=\"hps\">Tryktransmittere<\/span> <span class=\"hps\">besidder en<\/span> <span class=\"hps\">meget pr\u00e6cis<\/span> <span class=\"hps\">0,25%<\/span> <span class=\"hps\">fuld<\/span> <span class=\"hps\">skala<\/span> <span class=\"hps\">n\u00f8jagtighed<\/span> <span class=\"hps\">piezo<\/span><span class=\"atn\">&#8211;<\/span>resistiv <span class=\"hps\">sensor<\/span> <span class=\"hps\">indeholdt i en<\/span> <span class=\"hps\">kompakt<\/span>, robust, <span class=\"hps\">NEMA<\/span> <span class=\"hps\">4X<\/span> <span class=\"hps\">rustfrit st\u00e5l<\/span> <span class=\"hps\">til generelle form\u00e5l.<\/span><\/p>\n<p><span class=\"hps\">Serien<\/span> <span class=\"hps\">628<\/span> <span class=\"hps\">Tryktransmittere<\/span> <span class=\"hps\">er ideelle til<\/span> <span class=\"hps\">OEM&#8217;er<\/span> <span class=\"hps\">med 1<\/span>% <span class=\"hps\">fuld<\/span> <span class=\"hps\">skala<\/span> <span class=\"hps\">n\u00f8jagtighed<\/span> <span class=\"hps\">sensorer.<\/span> <span class=\"hps\">Senderen<\/span> <span class=\"hps\">er<\/span> <span class=\"hps\">ogs\u00e5 tilg\u00e6ngelige i<\/span> <span class=\"hps\">det generelle<\/span> <span class=\"hps\">hus i rustfrit st\u00e5l<\/span> <span class=\"hps\">og<\/span> <span class=\"hps\">st\u00f8bt aluminium<\/span><span class=\"hps\">.<\/span><\/p>\n<p><span class=\"hps\">De<\/span> <span class=\"hps\">korrosionsbestandig<\/span> <span class=\"hps\">316L<\/span> <span class=\"hps\">rustfrit st\u00e5l<\/span> <span class=\"hps\">v\u00e5ddele<\/span> <span class=\"hps\">tillader<\/span> <span class=\"hps\">Serie<\/span> <span class=\"hps\">626<\/span> <span class=\"hps\">og<\/span> <span class=\"hps\">628<\/span> <span class=\"hps\">sendere<\/span> <span class=\"hps\">til at m\u00e5le<\/span> <span class=\"hps\">trykket i<\/span> <span class=\"hps\">et v\u00e6ld af<\/span> <span class=\"hps\">processer fra<\/span> <span class=\"hps\">hydraulikolier<\/span> <span class=\"hps\">til<\/span> <span class=\"hps\">kemikalier.<\/span> <span class=\"hps\">Serie<\/span> <span class=\"hps\">626<\/span> <span class=\"hps\">og<\/span> <span class=\"hps\">628<\/span> <span class=\"hps\">f\u00e5s i<\/span> <span class=\"hps\">absolutte og<\/span> <span class=\"hps\">trykomr\u00e5der<\/span> <span class=\"hps\">med<\/span> <span class=\"hps\">en bred vifte af<\/span> <span class=\"hps\">valgfrie<\/span> <span class=\"hps\">udgange<\/span>, proces-forbindelser <span class=\"hps\">og elektriske<\/span> <span class=\"hps\">afslutninger.<\/span><\/p>\n","protected":false},"excerpt":{"rendered":"<p>Serie- 626 Tryktransmittere besidder en meget pr\u00e6cis 0,25% fuld skala n\u00f8jagtighed piezo&#8211;resistiv sensor indeholdt i en kompakt, robust, NEMA 4X rustfrit st\u00e5l til generelle form\u00e5l. Serien 628 Tryktransmittere er ideelle&#8230;<\/p>\n","protected":false},"featured_media":477,"template":"","meta":{"_acf_changed":false,"_nectar_blocks_hide_post_title":false,"_nectar_blocks_transparent_header_effect":false,"_nectar_blocks_transparent_header_effect_color":"light","_nectar_blocks_header_animation":false,"_nectar_blocks_header_animation_delay":0,"_nectar_blocks_header_animation_effect":"fade","_nectar_blocks_page_css":"","_nectar_blocks_page_js":""},"brancher":[443,444,445,446,471,550,551,598],"leverandorer":[332],"produkt_kategorier":[412,421,430],"produktomraader":[539,584,587],"product_brand":[],"product_cat":[],"product_tag":[],"class_list":{"0":"post-2818","1":"product","2":"type-product","3":"status-publish","4":"has-post-thumbnail","6":"brancher-hydraulic-en","7":"brancher-industri-en","8":"brancher-marine-en","9":"brancher-offshore-en","10":"brancher-foodpharma-en","11":"brancher-landbrug-en","12":"brancher-offshore-petro-kemi","13":"brancher-ventilation-en","14":"leverandorer-dwyer-en","15":"produkt_kategorier-tryk-en","16":"produkt_kategorier-liquid","17":"produkt_kategorier-flow-en","18":"produktomraader-pressure","19":"produktomraader-absolut-trykmaaling-en","20":"produktomraader-gauge-trykmaaling-en","22":"first","23":"instock","24":"shipping-taxable","25":"product-type-simple"},"acf":[],"_links":{"self":[{"href":"https:\/\/summit.dk\/en\/wp-json\/wp\/v2\/product\/2818","targetHints":{"allow":["GET"]}}],"collection":[{"href":"https:\/\/summit.dk\/en\/wp-json\/wp\/v2\/product"}],"about":[{"href":"https:\/\/summit.dk\/en\/wp-json\/wp\/v2\/types\/product"}],"wp:featuredmedia":[{"embeddable":true,"href":"https:\/\/summit.dk\/en\/wp-json\/wp\/v2\/media\/477"}],"wp:attachment":[{"href":"https:\/\/summit.dk\/en\/wp-json\/wp\/v2\/media?parent=2818"}],"wp:term":[{"taxonomy":"brancher","embeddable":true,"href":"https:\/\/summit.dk\/en\/wp-json\/wp\/v2\/brancher?post=2818"},{"taxonomy":"leverandorer","embeddable":true,"href":"https:\/\/summit.dk\/en\/wp-json\/wp\/v2\/leverandorer?post=2818"},{"taxonomy":"produkt_kategorier","embeddable":true,"href":"https:\/\/summit.dk\/en\/wp-json\/wp\/v2\/produkt_kategorier?post=2818"},{"taxonomy":"produktomraader","embeddable":true,"href":"https:\/\/summit.dk\/en\/wp-json\/wp\/v2\/produktomraader?post=2818"},{"taxonomy":"product_brand","embeddable":true,"href":"https:\/\/summit.dk\/en\/wp-json\/wp\/v2\/product_brand?post=2818"},{"taxonomy":"product_cat","embeddable":true,"href":"https:\/\/summit.dk\/en\/wp-json\/wp\/v2\/product_cat?post=2818"},{"taxonomy":"product_tag","embeddable":true,"href":"https:\/\/summit.dk\/en\/wp-json\/wp\/v2\/product_tag?post=2818"}],"curies":[{"name":"wp","href":"https:\/\/api.w.org\/{rel}","templated":true}]}}