{"id":2817,"date":"2019-10-29T07:53:33","date_gmt":"2019-10-29T07:53:33","guid":{"rendered":"https:\/\/summit.dk\/produkter\/serie-475-digital-manometer-kit\/"},"modified":"2019-10-29T07:53:33","modified_gmt":"2019-10-29T07:53:33","slug":"serie-475-digital-manometer-kit","status":"publish","type":"product","link":"https:\/\/summit.dk\/en\/vare\/serie-475-digital-manometer-kit\/","title":{"rendered":"Serie 475 Digital Manometer Kit"},"content":{"rendered":"<h2>Serie 475 Kit<\/h2>\n<p>Praktisk alt-i- \u00e9t s\u00e6t er lille , let og nem at bruge . Ingen ops\u00e6tning eller nivellering n\u00f8dvendig.<\/p>\n<p>Digital manometer l\u00e6ser 0-20,00 &#8221; wc med \u00b1 0,5% FS n\u00f8jagtighed og mindre divisioner til 0,01 . Stor 1\/2&#8243; LCD udl\u00e6sning er let at se i d\u00e5rligt oplyste omr\u00e5der og har &#8221; lavt batteri &#8221; advarsel.<\/p>\n<p>Inkluderet er en 6 &#8220;rustfrit st\u00e5l Pitot r\u00f8r med integreret kompression montering til at holde det sikkert, n\u00e5r du tager afl\u00e6sninger.<br \/>\nOgs\u00e5 to statiske tryk tips med magnetisk montering foranstaltning trykfald over filtre , kondensatorflader osv Kit leveres komplet med gummi slanger, 9V batteri , trin boremaskine , AV regnemaskine regnestok , og brugerdefinerede monteret b\u00e6retaske.<\/p>\n<p>Et uundv\u00e6rlig testkit til anl\u00e6gget ingeni\u00f8r, industriel tandplejer og VVS tekniker.<\/p>\n","protected":false},"excerpt":{"rendered":"<p>Serie 475 Kit Praktisk alt-i- \u00e9t s\u00e6t er lille , let og nem at bruge . Ingen ops\u00e6tning eller nivellering n\u00f8dvendig. Digital manometer l\u00e6ser 0-20,00 &#8221; wc med \u00b1 0,5%&#8230;<\/p>\n","protected":false},"featured_media":541,"template":"","meta":{"_acf_changed":false,"_nectar_blocks_hide_post_title":false,"_nectar_blocks_transparent_header_effect":false,"_nectar_blocks_transparent_header_effect_color":"light","_nectar_blocks_header_animation":false,"_nectar_blocks_header_animation_delay":0,"_nectar_blocks_header_animation_effect":"fade","_nectar_blocks_page_css":"","_nectar_blocks_page_js":""},"brancher":[444,445,446,471,550,598],"leverandorer":[332],"produkt_kategorier":[413,414,430],"produktomraader":[537,539],"product_brand":[],"product_cat":[],"product_tag":[],"class_list":{"0":"post-2817","1":"product","2":"type-product","3":"status-publish","4":"has-post-thumbnail","6":"brancher-industri-en","7":"brancher-marine-en","8":"brancher-offshore-en","9":"brancher-foodpharma-en","10":"brancher-landbrug-en","11":"brancher-ventilation-en","12":"leverandorer-dwyer-en","13":"produkt_kategorier-luftgas-en","14":"produkt_kategorier-hvac-komponenents","15":"produkt_kategorier-flow-en","16":"produktomraader-handheld-instruments","17":"produktomraader-pressure","19":"first","20":"instock","21":"shipping-taxable","22":"product-type-simple"},"acf":[],"_links":{"self":[{"href":"https:\/\/summit.dk\/en\/wp-json\/wp\/v2\/product\/2817","targetHints":{"allow":["GET"]}}],"collection":[{"href":"https:\/\/summit.dk\/en\/wp-json\/wp\/v2\/product"}],"about":[{"href":"https:\/\/summit.dk\/en\/wp-json\/wp\/v2\/types\/product"}],"wp:featuredmedia":[{"embeddable":true,"href":"https:\/\/summit.dk\/en\/wp-json\/wp\/v2\/media\/541"}],"wp:attachment":[{"href":"https:\/\/summit.dk\/en\/wp-json\/wp\/v2\/media?parent=2817"}],"wp:term":[{"taxonomy":"brancher","embeddable":true,"href":"https:\/\/summit.dk\/en\/wp-json\/wp\/v2\/brancher?post=2817"},{"taxonomy":"leverandorer","embeddable":true,"href":"https:\/\/summit.dk\/en\/wp-json\/wp\/v2\/leverandorer?post=2817"},{"taxonomy":"produkt_kategorier","embeddable":true,"href":"https:\/\/summit.dk\/en\/wp-json\/wp\/v2\/produkt_kategorier?post=2817"},{"taxonomy":"produktomraader","embeddable":true,"href":"https:\/\/summit.dk\/en\/wp-json\/wp\/v2\/produktomraader?post=2817"},{"taxonomy":"product_brand","embeddable":true,"href":"https:\/\/summit.dk\/en\/wp-json\/wp\/v2\/product_brand?post=2817"},{"taxonomy":"product_cat","embeddable":true,"href":"https:\/\/summit.dk\/en\/wp-json\/wp\/v2\/product_cat?post=2817"},{"taxonomy":"product_tag","embeddable":true,"href":"https:\/\/summit.dk\/en\/wp-json\/wp\/v2\/product_tag?post=2817"}],"curies":[{"name":"wp","href":"https:\/\/api.w.org\/{rel}","templated":true}]}}