{"id":2816,"date":"2019-10-29T07:49:51","date_gmt":"2019-10-29T07:49:51","guid":{"rendered":"https:\/\/summit.dk\/produkter\/serie-4000-capsuhelic\/"},"modified":"2019-10-29T07:49:53","modified_gmt":"2019-10-29T07:49:53","slug":"serie-4000-capsuhelic","status":"publish","type":"product","link":"https:\/\/summit.dk\/en\/vare\/serie-4000-capsuhelic\/","title":{"rendered":"SERIE 4000- Capsuhelic"},"content":{"rendered":"<p><span lang=\"da\">Denne SERIE 4000 Capsuhelic\u00ae gage er designet til at give hurtig og pr\u00e6cis indikation af differenstryk. <\/span><\/p>\n<p><span lang=\"da\">Gage kan anvendes som en udl\u00e6sning enhed ved m\u00e5ling af flydende medier, trykfald over filtre, v\u00e6skeniveauer i lagertanke og mange andre anvendelser, der involverer tryk, vakuum eller differenstryk. <\/span><\/p>\n<p><span lang=\"da\">Trykket bliver m\u00e5lt holdes i en kapsel, som er en integreret del af gage. Denne indeslutning af trykket tillader brugen af gage af systemets tryk p\u00e5 op til 500 psig, selv n\u00e5r differentialer, der skal l\u00e6ses, er mindre end 0,1 i wc <\/span><\/p>\n<p><span lang=\"da\"><strong>Bem\u00e6rk:<\/strong> Kan anvendes med brint. <\/span><\/p>\n<p><span lang=\"da\">Tryk niveau skal v\u00e6re under 35Psi<\/span><\/p>\n","protected":false},"excerpt":{"rendered":"<p>Denne SERIE 4000 Capsuhelic\u00ae gage er designet til at give hurtig og pr\u00e6cis indikation af differenstryk. Gage kan anvendes som en udl\u00e6sning enhed ved m\u00e5ling af flydende medier, trykfald over&#8230;<\/p>\n","protected":false},"featured_media":461,"template":"","meta":{"_acf_changed":false,"_nectar_blocks_hide_post_title":false,"_nectar_blocks_transparent_header_effect":false,"_nectar_blocks_transparent_header_effect_color":"light","_nectar_blocks_header_animation":false,"_nectar_blocks_header_animation_delay":0,"_nectar_blocks_header_animation_effect":"fade","_nectar_blocks_page_css":"","_nectar_blocks_page_js":""},"brancher":[444,445,446,471,550,598],"leverandorer":[332],"produkt_kategorier":[412,421,429,430,601,611],"produktomraader":[539,586],"product_brand":[],"product_cat":[],"product_tag":[],"class_list":{"0":"post-2816","1":"product","2":"type-product","3":"status-publish","4":"has-post-thumbnail","6":"brancher-industri-en","7":"brancher-marine-en","8":"brancher-offshore-en","9":"brancher-foodpharma-en","10":"brancher-landbrug-en","11":"brancher-ventilation-en","12":"leverandorer-dwyer-en","13":"produkt_kategorier-tryk-en","14":"produkt_kategorier-liquid","15":"produkt_kategorier-differential","16":"produkt_kategorier-flow-en","17":"produkt_kategorier-niveau-en","18":"produkt_kategorier-analog-maaling-en","19":"produktomraader-pressure","20":"produktomraader-differenstryk-en","22":"first","23":"instock","24":"shipping-taxable","25":"product-type-simple"},"acf":[],"_links":{"self":[{"href":"https:\/\/summit.dk\/en\/wp-json\/wp\/v2\/product\/2816","targetHints":{"allow":["GET"]}}],"collection":[{"href":"https:\/\/summit.dk\/en\/wp-json\/wp\/v2\/product"}],"about":[{"href":"https:\/\/summit.dk\/en\/wp-json\/wp\/v2\/types\/product"}],"wp:featuredmedia":[{"embeddable":true,"href":"https:\/\/summit.dk\/en\/wp-json\/wp\/v2\/media\/461"}],"wp:attachment":[{"href":"https:\/\/summit.dk\/en\/wp-json\/wp\/v2\/media?parent=2816"}],"wp:term":[{"taxonomy":"brancher","embeddable":true,"href":"https:\/\/summit.dk\/en\/wp-json\/wp\/v2\/brancher?post=2816"},{"taxonomy":"leverandorer","embeddable":true,"href":"https:\/\/summit.dk\/en\/wp-json\/wp\/v2\/leverandorer?post=2816"},{"taxonomy":"produkt_kategorier","embeddable":true,"href":"https:\/\/summit.dk\/en\/wp-json\/wp\/v2\/produkt_kategorier?post=2816"},{"taxonomy":"produktomraader","embeddable":true,"href":"https:\/\/summit.dk\/en\/wp-json\/wp\/v2\/produktomraader?post=2816"},{"taxonomy":"product_brand","embeddable":true,"href":"https:\/\/summit.dk\/en\/wp-json\/wp\/v2\/product_brand?post=2816"},{"taxonomy":"product_cat","embeddable":true,"href":"https:\/\/summit.dk\/en\/wp-json\/wp\/v2\/product_cat?post=2816"},{"taxonomy":"product_tag","embeddable":true,"href":"https:\/\/summit.dk\/en\/wp-json\/wp\/v2\/product_tag?post=2816"}],"curies":[{"name":"wp","href":"https:\/\/api.w.org\/{rel}","templated":true}]}}