{"id":2815,"date":"2019-10-29T07:48:20","date_gmt":"2019-10-29T07:48:20","guid":{"rendered":"https:\/\/summit.dk\/produkter\/radiometrisk-gamma-maalesystem\/"},"modified":"2019-10-29T07:48:22","modified_gmt":"2019-10-29T07:48:22","slug":"radiometrisk-gamma-maalesystem","status":"publish","type":"product","link":"https:\/\/summit.dk\/en\/vare\/radiometrisk-gamma-maalesystem\/","title":{"rendered":"Radiometrisk \/ Gamma m\u00e5lesystem"},"content":{"rendered":"<p>I videoen gennemg\u00e5s de oftest anvendte m\u00e5leopgaver der kan l\u00f8ses med b\u00e5de gamma og mikrob\u00f8lgesystemer.<\/p>\n<p><iframe loading=\"lazy\" title=\"Berthold non contact measurements\" width=\"1080\" height=\"810\" src=\"https:\/\/www.youtube.com\/embed\/ErKQAIKe1pE?feature=oembed\" frameborder=\"0\" allow=\"accelerometer; autoplay; clipboard-write; encrypted-media; gyroscope; picture-in-picture; web-share\" referrerpolicy=\"strict-origin-when-cross-origin\" allowfullscreen><\/iframe><\/p>\n","protected":false},"excerpt":{"rendered":"<p>I videoen gennemg\u00e5s de oftest anvendte m\u00e5leopgaver der kan l\u00f8ses med b\u00e5de gamma og mikrob\u00f8lgesystemer.<\/p>\n","protected":false},"featured_media":4791,"template":"","meta":{"_acf_changed":false,"_nectar_blocks_hide_post_title":false,"_nectar_blocks_transparent_header_effect":false,"_nectar_blocks_transparent_header_effect_color":"light","_nectar_blocks_header_animation":false,"_nectar_blocks_header_animation_delay":0,"_nectar_blocks_header_animation_effect":"fade","_nectar_blocks_page_css":"","_nectar_blocks_page_js":""},"brancher":[444,445,446,471,551],"leverandorer":[397],"produkt_kategorier":[],"produktomraader":[],"product_brand":[],"product_cat":[],"product_tag":[],"class_list":{"0":"post-2815","1":"product","2":"type-product","3":"status-publish","4":"has-post-thumbnail","6":"brancher-industri-en","7":"brancher-marine-en","8":"brancher-offshore-en","9":"brancher-foodpharma-en","10":"brancher-offshore-petro-kemi","11":"leverandorer-berthold-technologies-gmbh-en","13":"first","14":"instock","15":"shipping-taxable","16":"product-type-simple"},"acf":[],"_links":{"self":[{"href":"https:\/\/summit.dk\/en\/wp-json\/wp\/v2\/product\/2815","targetHints":{"allow":["GET"]}}],"collection":[{"href":"https:\/\/summit.dk\/en\/wp-json\/wp\/v2\/product"}],"about":[{"href":"https:\/\/summit.dk\/en\/wp-json\/wp\/v2\/types\/product"}],"wp:featuredmedia":[{"embeddable":true,"href":"https:\/\/summit.dk\/en\/wp-json\/wp\/v2\/media\/4791"}],"wp:attachment":[{"href":"https:\/\/summit.dk\/en\/wp-json\/wp\/v2\/media?parent=2815"}],"wp:term":[{"taxonomy":"brancher","embeddable":true,"href":"https:\/\/summit.dk\/en\/wp-json\/wp\/v2\/brancher?post=2815"},{"taxonomy":"leverandorer","embeddable":true,"href":"https:\/\/summit.dk\/en\/wp-json\/wp\/v2\/leverandorer?post=2815"},{"taxonomy":"produkt_kategorier","embeddable":true,"href":"https:\/\/summit.dk\/en\/wp-json\/wp\/v2\/produkt_kategorier?post=2815"},{"taxonomy":"produktomraader","embeddable":true,"href":"https:\/\/summit.dk\/en\/wp-json\/wp\/v2\/produktomraader?post=2815"},{"taxonomy":"product_brand","embeddable":true,"href":"https:\/\/summit.dk\/en\/wp-json\/wp\/v2\/product_brand?post=2815"},{"taxonomy":"product_cat","embeddable":true,"href":"https:\/\/summit.dk\/en\/wp-json\/wp\/v2\/product_cat?post=2815"},{"taxonomy":"product_tag","embeddable":true,"href":"https:\/\/summit.dk\/en\/wp-json\/wp\/v2\/product_tag?post=2815"}],"curies":[{"name":"wp","href":"https:\/\/api.w.org\/{rel}","templated":true}]}}