{"id":2814,"date":"2019-10-29T07:47:57","date_gmt":"2019-10-29T07:47:57","guid":{"rendered":"https:\/\/summit.dk\/produkter\/pt100-pt1000-foelere\/"},"modified":"2019-10-29T07:47:58","modified_gmt":"2019-10-29T07:47:58","slug":"pt100-pt1000-foelere","status":"publish","type":"product","link":"https:\/\/summit.dk\/en\/vare\/pt100-pt1000-foelere\/","title":{"rendered":"PT100\/PT1000 F\u00f8lere"},"content":{"rendered":"<p>Vi tilbyder en serie af egenproducerede temperatur f\u00f8lere til enhver temperatur m\u00e5leopgave.<\/p>\n<p>F\u00f8lerne kan leveres med transmittere b\u00e5de analog (0-10Vdc eller 4-20mA) s\u00e5vel som med profibus.<\/p>\n<p>Indskruningsf\u00f8ler<\/p>\n<p>Kanalf\u00f8ler<\/p>\n","protected":false},"excerpt":{"rendered":"<p>Vi tilbyder en serie af egenproducerede temperatur f\u00f8lere til enhver temperatur m\u00e5leopgave. F\u00f8lerne kan leveres med transmittere b\u00e5de analog (0-10Vdc eller 4-20mA) s\u00e5vel som med profibus. Indskruningsf\u00f8ler Kanalf\u00f8ler<\/p>\n","protected":false},"featured_media":199,"template":"","meta":{"_acf_changed":false,"_nectar_blocks_hide_post_title":false,"_nectar_blocks_transparent_header_effect":false,"_nectar_blocks_transparent_header_effect_color":"light","_nectar_blocks_header_animation":false,"_nectar_blocks_header_animation_delay":0,"_nectar_blocks_header_animation_effect":"fade","_nectar_blocks_page_css":"","_nectar_blocks_page_js":""},"brancher":[443,444,445,446,471,550,551,598],"leverandorer":[],"produkt_kategorier":[431,616],"produktomraader":[546],"product_brand":[],"product_cat":[],"product_tag":[],"class_list":{"0":"post-2814","1":"product","2":"type-product","3":"status-publish","4":"has-post-thumbnail","6":"brancher-hydraulic-en","7":"brancher-industri-en","8":"brancher-marine-en","9":"brancher-offshore-en","10":"brancher-foodpharma-en","11":"brancher-landbrug-en","12":"brancher-offshore-petro-kemi","13":"brancher-ventilation-en","14":"produkt_kategorier-temperature","15":"produkt_kategorier-pt100-transmitter","16":"produktomraader-temperature","18":"first","19":"instock","20":"shipping-taxable","21":"product-type-simple"},"acf":[],"_links":{"self":[{"href":"https:\/\/summit.dk\/en\/wp-json\/wp\/v2\/product\/2814","targetHints":{"allow":["GET"]}}],"collection":[{"href":"https:\/\/summit.dk\/en\/wp-json\/wp\/v2\/product"}],"about":[{"href":"https:\/\/summit.dk\/en\/wp-json\/wp\/v2\/types\/product"}],"wp:featuredmedia":[{"embeddable":true,"href":"https:\/\/summit.dk\/en\/wp-json\/wp\/v2\/media\/199"}],"wp:attachment":[{"href":"https:\/\/summit.dk\/en\/wp-json\/wp\/v2\/media?parent=2814"}],"wp:term":[{"taxonomy":"brancher","embeddable":true,"href":"https:\/\/summit.dk\/en\/wp-json\/wp\/v2\/brancher?post=2814"},{"taxonomy":"leverandorer","embeddable":true,"href":"https:\/\/summit.dk\/en\/wp-json\/wp\/v2\/leverandorer?post=2814"},{"taxonomy":"produkt_kategorier","embeddable":true,"href":"https:\/\/summit.dk\/en\/wp-json\/wp\/v2\/produkt_kategorier?post=2814"},{"taxonomy":"produktomraader","embeddable":true,"href":"https:\/\/summit.dk\/en\/wp-json\/wp\/v2\/produktomraader?post=2814"},{"taxonomy":"product_brand","embeddable":true,"href":"https:\/\/summit.dk\/en\/wp-json\/wp\/v2\/product_brand?post=2814"},{"taxonomy":"product_cat","embeddable":true,"href":"https:\/\/summit.dk\/en\/wp-json\/wp\/v2\/product_cat?post=2814"},{"taxonomy":"product_tag","embeddable":true,"href":"https:\/\/summit.dk\/en\/wp-json\/wp\/v2\/product_tag?post=2814"}],"curies":[{"name":"wp","href":"https:\/\/api.w.org\/{rel}","templated":true}]}}