{"id":2808,"date":"2019-10-29T07:45:25","date_gmt":"2019-10-29T07:45:25","guid":{"rendered":"https:\/\/summit.dk\/produkter\/niveau-transmitter-duoseries-lb-470\/"},"modified":"2019-10-29T07:45:27","modified_gmt":"2019-10-29T07:45:27","slug":"niveau-transmitter-duoseries-lb-470","status":"publish","type":"product","link":"https:\/\/summit.dk\/en\/vare\/niveau-transmitter-duoseries-lb-470\/","title":{"rendered":"Niveau transmitter DuoSeries LB 470"},"content":{"rendered":"<p><b><span style=\"color: #000000; font-family: Calibri;\">Niveau transmitter <\/span><\/b><\/p>\n<p><b><span style=\"color: #000000; font-family: Calibri;\">DuoSeries LB 470<\/span><\/b><\/p>\n<p><span style=\"color: #000000; font-family: Calibri;\">DuoSeries LB 470 er et radiometrisk niveausystem fra Berthold baseret p\u00e5 2-leder teknologi som videref\u00f8rer den allerede kendte niveautransmitter LB 440. Ligesom sin forg\u00e6nger, skiller DuoSeries sig ud med en fremragende ydeevne med h\u00f8j n\u00f8jagtighed og gentagelse.<\/span><br \/>\n<span style=\"color: #000000; font-family: Calibri;\"> DuoSeries m\u00e5lesystem best\u00e5r af en scintillationst\u00e6ller, en CrystalSENS punktdetektor eller en UniSENS stavdetektor \u2013 og en transmitter til visning og drift (foto til venstre). <\/span><span style=\"color: #000000; font-family: Calibri;\"> <\/span><\/p>\n<p><span style=\"color: #000000; font-family: Calibri;\">Transmitteren er en state-of-the-art kontrol enhed med et robust 3,5 \u201cTFT touch-panel og en kraftfuld Dual Core CPU. Avancerede diagnostik- og overv\u00e5gningsfunktioner sikrer systemets funktion. Desuden kan datalogningen pr\u00e6sentere tendenser, tracking, proces\u00e6ndringer mv.<\/span><\/p>\n<p>&nbsp;<\/p>\n<p>&nbsp;<\/p>\n","protected":false},"excerpt":{"rendered":"<p>Niveau transmitter DuoSeries LB 470 DuoSeries LB 470 er et radiometrisk niveausystem fra Berthold baseret p\u00e5 2-leder teknologi som videref\u00f8rer den allerede kendte niveautransmitter LB 440. Ligesom sin forg\u00e6nger, skiller&#8230;<\/p>\n","protected":false},"featured_media":390,"template":"","meta":{"_acf_changed":false,"_nectar_blocks_hide_post_title":false,"_nectar_blocks_transparent_header_effect":false,"_nectar_blocks_transparent_header_effect_color":"light","_nectar_blocks_header_animation":false,"_nectar_blocks_header_animation_delay":0,"_nectar_blocks_header_animation_effect":"fade","_nectar_blocks_page_css":"","_nectar_blocks_page_js":""},"brancher":[444,446,471,551],"leverandorer":[397],"produkt_kategorier":[601,602,611],"produktomraader":[],"product_brand":[],"product_cat":[],"product_tag":[],"class_list":{"0":"post-2808","1":"product","2":"type-product","3":"status-publish","4":"has-post-thumbnail","6":"brancher-industri-en","7":"brancher-offshore-en","8":"brancher-foodpharma-en","9":"brancher-offshore-petro-kemi","10":"leverandorer-berthold-technologies-gmbh-en","11":"produkt_kategorier-niveau-en","12":"produkt_kategorier-switch-en","13":"produkt_kategorier-analog-maaling-en","15":"first","16":"instock","17":"shipping-taxable","18":"product-type-simple"},"acf":[],"_links":{"self":[{"href":"https:\/\/summit.dk\/en\/wp-json\/wp\/v2\/product\/2808","targetHints":{"allow":["GET"]}}],"collection":[{"href":"https:\/\/summit.dk\/en\/wp-json\/wp\/v2\/product"}],"about":[{"href":"https:\/\/summit.dk\/en\/wp-json\/wp\/v2\/types\/product"}],"wp:featuredmedia":[{"embeddable":true,"href":"https:\/\/summit.dk\/en\/wp-json\/wp\/v2\/media\/390"}],"wp:attachment":[{"href":"https:\/\/summit.dk\/en\/wp-json\/wp\/v2\/media?parent=2808"}],"wp:term":[{"taxonomy":"brancher","embeddable":true,"href":"https:\/\/summit.dk\/en\/wp-json\/wp\/v2\/brancher?post=2808"},{"taxonomy":"leverandorer","embeddable":true,"href":"https:\/\/summit.dk\/en\/wp-json\/wp\/v2\/leverandorer?post=2808"},{"taxonomy":"produkt_kategorier","embeddable":true,"href":"https:\/\/summit.dk\/en\/wp-json\/wp\/v2\/produkt_kategorier?post=2808"},{"taxonomy":"produktomraader","embeddable":true,"href":"https:\/\/summit.dk\/en\/wp-json\/wp\/v2\/produktomraader?post=2808"},{"taxonomy":"product_brand","embeddable":true,"href":"https:\/\/summit.dk\/en\/wp-json\/wp\/v2\/product_brand?post=2808"},{"taxonomy":"product_cat","embeddable":true,"href":"https:\/\/summit.dk\/en\/wp-json\/wp\/v2\/product_cat?post=2808"},{"taxonomy":"product_tag","embeddable":true,"href":"https:\/\/summit.dk\/en\/wp-json\/wp\/v2\/product_tag?post=2808"}],"curies":[{"name":"wp","href":"https:\/\/api.w.org\/{rel}","templated":true}]}}