{"id":2807,"date":"2019-10-29T07:44:59","date_gmt":"2019-10-29T07:44:59","guid":{"rendered":"https:\/\/summit.dk\/produkter\/neutronsonde-type-lb6666-1\/"},"modified":"2019-10-29T07:44:59","modified_gmt":"2019-10-29T07:44:59","slug":"neutronsonde-type-lb6666-1","status":"publish","type":"product","link":"https:\/\/summit.dk\/en\/vare\/neutronsonde-type-lb6666-1\/","title":{"rendered":"Neutronsonde type LB6666-1"},"content":{"rendered":"<p>Neutronsonde type LB6666-1<\/p>\n<p>Producent: Berthold Technologies<br \/>\nM\u00e5lested : Bunkermonitering (Silo)<br \/>\nMedie : Sand, Sten, koks<br \/>\nM\u00e5leomr\u00e5de : Typisk 0-10% H2O<br \/>\nUdgang : 4&#8230;.20mA<br \/>\nOption : Kan ogs\u00e5 monteres uden p\u00e5 silov\u00e6g<\/p>\n","protected":false},"excerpt":{"rendered":"<p>Neutronsonde type LB6666-1 Producent: Berthold Technologies M\u00e5lested : Bunkermonitering (Silo) Medie : Sand, Sten, koks M\u00e5leomr\u00e5de : Typisk 0-10% H2O Udgang : 4&#8230;.20mA Option : Kan ogs\u00e5 monteres uden p\u00e5&#8230;<\/p>\n","protected":false},"featured_media":155,"template":"","meta":{"_acf_changed":false,"_nectar_blocks_hide_post_title":false,"_nectar_blocks_transparent_header_effect":false,"_nectar_blocks_transparent_header_effect_color":"light","_nectar_blocks_header_animation":false,"_nectar_blocks_header_animation_delay":0,"_nectar_blocks_header_animation_effect":"fade","_nectar_blocks_page_css":"","_nectar_blocks_page_js":""},"brancher":[444,551],"leverandorer":[397],"produkt_kategorier":[419,609],"produktomraader":[568],"product_brand":[],"product_cat":[],"product_tag":[],"class_list":{"0":"post-2807","1":"product","2":"type-product","3":"status-publish","4":"has-post-thumbnail","6":"brancher-industri-en","7":"brancher-offshore-petro-kemi","8":"leverandorer-berthold-technologies-gmbh-en","9":"produkt_kategorier-moisture-measurement","10":"produkt_kategorier-absolut-vandindhold-en","11":"produktomraader-fugt-en","13":"first","14":"instock","15":"shipping-taxable","16":"product-type-simple"},"acf":[],"_links":{"self":[{"href":"https:\/\/summit.dk\/en\/wp-json\/wp\/v2\/product\/2807","targetHints":{"allow":["GET"]}}],"collection":[{"href":"https:\/\/summit.dk\/en\/wp-json\/wp\/v2\/product"}],"about":[{"href":"https:\/\/summit.dk\/en\/wp-json\/wp\/v2\/types\/product"}],"wp:featuredmedia":[{"embeddable":true,"href":"https:\/\/summit.dk\/en\/wp-json\/wp\/v2\/media\/155"}],"wp:attachment":[{"href":"https:\/\/summit.dk\/en\/wp-json\/wp\/v2\/media?parent=2807"}],"wp:term":[{"taxonomy":"brancher","embeddable":true,"href":"https:\/\/summit.dk\/en\/wp-json\/wp\/v2\/brancher?post=2807"},{"taxonomy":"leverandorer","embeddable":true,"href":"https:\/\/summit.dk\/en\/wp-json\/wp\/v2\/leverandorer?post=2807"},{"taxonomy":"produkt_kategorier","embeddable":true,"href":"https:\/\/summit.dk\/en\/wp-json\/wp\/v2\/produkt_kategorier?post=2807"},{"taxonomy":"produktomraader","embeddable":true,"href":"https:\/\/summit.dk\/en\/wp-json\/wp\/v2\/produktomraader?post=2807"},{"taxonomy":"product_brand","embeddable":true,"href":"https:\/\/summit.dk\/en\/wp-json\/wp\/v2\/product_brand?post=2807"},{"taxonomy":"product_cat","embeddable":true,"href":"https:\/\/summit.dk\/en\/wp-json\/wp\/v2\/product_cat?post=2807"},{"taxonomy":"product_tag","embeddable":true,"href":"https:\/\/summit.dk\/en\/wp-json\/wp\/v2\/product_tag?post=2807"}],"curies":[{"name":"wp","href":"https:\/\/api.w.org\/{rel}","templated":true}]}}