{"id":2806,"date":"2019-10-29T07:44:29","date_gmt":"2019-10-29T07:44:29","guid":{"rendered":"https:\/\/summit.dk\/produkter\/mts-r-serie-lineaertransmitter\/"},"modified":"2019-10-29T07:44:30","modified_gmt":"2019-10-29T07:44:30","slug":"mts-r-serie-lineaertransmitter","status":"publish","type":"product","link":"https:\/\/summit.dk\/en\/vare\/mts-r-serie-lineaertransmitter\/","title":{"rendered":"MTS R Serie line\u00e6rtransmitter"},"content":{"rendered":"<p><strong>MTS R Serie <\/strong><\/p>\n<p><strong>R-serien<\/strong> <strong>line\u00e6rtransmitter<\/strong><\/p>\n<p>R-serien indeholder avanceret elektronik med lagring af kalibreringsdata<\/p>\n<p>H\u00f8j n\u00f8jagtighed \u2013 Linearitet bedre end 0,01 % &#8211; Reproducerbarhed 0,001 %. Frit programmerbart m\u00e5leomr\u00e5de, multipositions m\u00e5ling og flere typer interface.<\/p>\n<p>&nbsp;<\/p>\n<p>&nbsp;<\/p>\n","protected":false},"excerpt":{"rendered":"<p>MTS R Serie R-serien line\u00e6rtransmitter R-serien indeholder avanceret elektronik med lagring af kalibreringsdata H\u00f8j n\u00f8jagtighed \u2013 Linearitet bedre end 0,01 % &#8211; Reproducerbarhed 0,001 %. Frit programmerbart m\u00e5leomr\u00e5de, multipositions m\u00e5ling&#8230;<\/p>\n","protected":false},"featured_media":240,"template":"","meta":{"_acf_changed":false,"_nectar_blocks_hide_post_title":false,"_nectar_blocks_transparent_header_effect":false,"_nectar_blocks_transparent_header_effect_color":"light","_nectar_blocks_header_animation":false,"_nectar_blocks_header_animation_delay":0,"_nectar_blocks_header_animation_effect":"fade","_nectar_blocks_page_css":"","_nectar_blocks_page_js":""},"brancher":[443,444,445,446,471,551],"leverandorer":[663],"produkt_kategorier":[661,664,665],"produktomraader":[543,560,579,580,581],"product_brand":[],"product_cat":[],"product_tag":[],"class_list":{"0":"post-2806","1":"product","2":"type-product","3":"status-publish","4":"has-post-thumbnail","6":"brancher-hydraulic-en","7":"brancher-industri-en","8":"brancher-marine-en","9":"brancher-offshore-en","10":"brancher-foodpharma-en","11":"brancher-offshore-petro-kemi","12":"leverandorer-temposonics-en","13":"produkt_kategorier-temposonics","14":"produkt_kategorier-temposonics-linear-position-sensor","15":"produkt_kategorier-temposonics-en","16":"produktomraader-linear-transmitters","17":"produktomraader-hph-en","18":"produktomraader-ex-en-2","19":"produktomraader-hydraulik-cylinder-en","20":"produktomraader-profil-en","22":"first","23":"instock","24":"shipping-taxable","25":"product-type-simple"},"acf":[],"_links":{"self":[{"href":"https:\/\/summit.dk\/en\/wp-json\/wp\/v2\/product\/2806","targetHints":{"allow":["GET"]}}],"collection":[{"href":"https:\/\/summit.dk\/en\/wp-json\/wp\/v2\/product"}],"about":[{"href":"https:\/\/summit.dk\/en\/wp-json\/wp\/v2\/types\/product"}],"wp:featuredmedia":[{"embeddable":true,"href":"https:\/\/summit.dk\/en\/wp-json\/wp\/v2\/media\/240"}],"wp:attachment":[{"href":"https:\/\/summit.dk\/en\/wp-json\/wp\/v2\/media?parent=2806"}],"wp:term":[{"taxonomy":"brancher","embeddable":true,"href":"https:\/\/summit.dk\/en\/wp-json\/wp\/v2\/brancher?post=2806"},{"taxonomy":"leverandorer","embeddable":true,"href":"https:\/\/summit.dk\/en\/wp-json\/wp\/v2\/leverandorer?post=2806"},{"taxonomy":"produkt_kategorier","embeddable":true,"href":"https:\/\/summit.dk\/en\/wp-json\/wp\/v2\/produkt_kategorier?post=2806"},{"taxonomy":"produktomraader","embeddable":true,"href":"https:\/\/summit.dk\/en\/wp-json\/wp\/v2\/produktomraader?post=2806"},{"taxonomy":"product_brand","embeddable":true,"href":"https:\/\/summit.dk\/en\/wp-json\/wp\/v2\/product_brand?post=2806"},{"taxonomy":"product_cat","embeddable":true,"href":"https:\/\/summit.dk\/en\/wp-json\/wp\/v2\/product_cat?post=2806"},{"taxonomy":"product_tag","embeddable":true,"href":"https:\/\/summit.dk\/en\/wp-json\/wp\/v2\/product_tag?post=2806"}],"curies":[{"name":"wp","href":"https:\/\/api.w.org\/{rel}","templated":true}]}}