{"id":2804,"date":"2019-10-29T07:43:24","date_gmt":"2019-10-29T07:43:24","guid":{"rendered":"https:\/\/summit.dk\/produkter\/mts-gbs-sensor\/"},"modified":"2019-10-29T07:43:28","modified_gmt":"2019-10-29T07:43:28","slug":"mts-gbs-sensor","status":"publish","type":"product","link":"https:\/\/summit.dk\/en\/vare\/mts-gbs-sensor\/","title":{"rendered":"MTS GBS Sensor"},"content":{"rendered":"<p><strong>Line\u00e6rtransmitter<\/strong><\/p>\n<p><strong>MTS GBS Sensor<\/strong><\/p>\n<p>Kan anvendes til h\u00f8jt tryk h\u00f8j driftstemperatur op til 100\u00b0 C Flad og kompakt model &#8211; ideel til ventilmarkedet<\/p>\n<p>Versioner med analog udgang samt SSI udgang<\/p>\n<p>&nbsp;<\/p>\n","protected":false},"excerpt":{"rendered":"<p>Line\u00e6rtransmitter MTS GBS Sensor Kan anvendes til h\u00f8jt tryk h\u00f8j driftstemperatur op til 100\u00b0 C Flad og kompakt model &#8211; ideel til ventilmarkedet Versioner med analog udgang samt SSI udgang&#8230;<\/p>\n","protected":false},"featured_media":375,"template":"","meta":{"_acf_changed":false,"_nectar_blocks_hide_post_title":false,"_nectar_blocks_transparent_header_effect":false,"_nectar_blocks_transparent_header_effect_color":"light","_nectar_blocks_header_animation":false,"_nectar_blocks_header_animation_delay":0,"_nectar_blocks_header_animation_effect":"fade","_nectar_blocks_page_css":"","_nectar_blocks_page_js":""},"brancher":[443,444,445,446,471,551],"leverandorer":[663,662],"produkt_kategorier":[661,664,665],"produktomraader":[543,580],"product_brand":[],"product_cat":[],"product_tag":[],"class_list":{"0":"post-2804","1":"product","2":"type-product","3":"status-publish","4":"has-post-thumbnail","6":"brancher-hydraulic-en","7":"brancher-industri-en","8":"brancher-marine-en","9":"brancher-offshore-en","10":"brancher-foodpharma-en","11":"brancher-offshore-petro-kemi","12":"leverandorer-temposonics-en","13":"leverandorer-temposonics","14":"produkt_kategorier-temposonics","15":"produkt_kategorier-temposonics-linear-position-sensor","16":"produkt_kategorier-temposonics-en","17":"produktomraader-linear-transmitters","18":"produktomraader-hydraulik-cylinder-en","20":"first","21":"instock","22":"shipping-taxable","23":"product-type-simple"},"acf":[],"_links":{"self":[{"href":"https:\/\/summit.dk\/en\/wp-json\/wp\/v2\/product\/2804","targetHints":{"allow":["GET"]}}],"collection":[{"href":"https:\/\/summit.dk\/en\/wp-json\/wp\/v2\/product"}],"about":[{"href":"https:\/\/summit.dk\/en\/wp-json\/wp\/v2\/types\/product"}],"wp:featuredmedia":[{"embeddable":true,"href":"https:\/\/summit.dk\/en\/wp-json\/wp\/v2\/media\/375"}],"wp:attachment":[{"href":"https:\/\/summit.dk\/en\/wp-json\/wp\/v2\/media?parent=2804"}],"wp:term":[{"taxonomy":"brancher","embeddable":true,"href":"https:\/\/summit.dk\/en\/wp-json\/wp\/v2\/brancher?post=2804"},{"taxonomy":"leverandorer","embeddable":true,"href":"https:\/\/summit.dk\/en\/wp-json\/wp\/v2\/leverandorer?post=2804"},{"taxonomy":"produkt_kategorier","embeddable":true,"href":"https:\/\/summit.dk\/en\/wp-json\/wp\/v2\/produkt_kategorier?post=2804"},{"taxonomy":"produktomraader","embeddable":true,"href":"https:\/\/summit.dk\/en\/wp-json\/wp\/v2\/produktomraader?post=2804"},{"taxonomy":"product_brand","embeddable":true,"href":"https:\/\/summit.dk\/en\/wp-json\/wp\/v2\/product_brand?post=2804"},{"taxonomy":"product_cat","embeddable":true,"href":"https:\/\/summit.dk\/en\/wp-json\/wp\/v2\/product_cat?post=2804"},{"taxonomy":"product_tag","embeddable":true,"href":"https:\/\/summit.dk\/en\/wp-json\/wp\/v2\/product_tag?post=2804"}],"curies":[{"name":"wp","href":"https:\/\/api.w.org\/{rel}","templated":true}]}}