{"id":2800,"date":"2019-10-29T07:41:28","date_gmt":"2019-10-29T07:41:28","guid":{"rendered":"https:\/\/summit.dk\/produkter\/mp-mini-photohelic-differenstryk\/"},"modified":"2019-10-29T07:41:30","modified_gmt":"2019-10-29T07:41:30","slug":"mp-mini-photohelic-differenstryk","status":"publish","type":"product","link":"https:\/\/summit.dk\/en\/vare\/mp-mini-photohelic-differenstryk\/","title":{"rendered":"MP Mini Photohelic differenstryk"},"content":{"rendered":"<p><strong>MP Mini-Photohelic Differenstryk<\/strong><\/p>\n<p>MP Mini- Photohelic\u00ae differenstryk switch \/ gage kombinerer den stabile og driftsikre Minihelic\u00ae II differenstryk Gage med to SPDT skiftekontakter.<\/p>\n<p>Mini \u2013 Photohelic\u00ae switch \/ gage er designet til at m\u00e5le og styre positive, negative eller differenstryk, af ikke br\u00e6ndbare og ikke korroderende gasser. Udl\u00e6sning er uafh\u00e6ngig af switch stilling.<\/p>\n<p><span lang=\"da\">Koblingstilstand er synlig ved LED-indikatorer p\u00e5 forsiden og bagsiden af \u200b\u200bgage. Setpunkter justeres med trykknapper p\u00e5 bagsiden af \u200b\u200benheden<\/span><\/p>\n","protected":false},"excerpt":{"rendered":"<p>MP Mini-Photohelic Differenstryk MP Mini- Photohelic\u00ae differenstryk switch \/ gage kombinerer den stabile og driftsikre Minihelic\u00ae II differenstryk Gage med to SPDT skiftekontakter. Mini \u2013 Photohelic\u00ae switch \/ gage er&#8230;<\/p>\n","protected":false},"featured_media":415,"template":"","meta":{"_acf_changed":false,"_nectar_blocks_hide_post_title":false,"_nectar_blocks_transparent_header_effect":false,"_nectar_blocks_transparent_header_effect_color":"light","_nectar_blocks_header_animation":false,"_nectar_blocks_header_animation_delay":0,"_nectar_blocks_header_animation_effect":"fade","_nectar_blocks_page_css":"","_nectar_blocks_page_js":""},"brancher":[444,471,551,598],"leverandorer":[332],"produkt_kategorier":[412,429,436],"produktomraader":[539,586,588,589],"product_brand":[],"product_cat":[],"product_tag":[],"class_list":{"0":"post-2800","1":"product","2":"type-product","3":"status-publish","4":"has-post-thumbnail","6":"brancher-industri-en","7":"brancher-foodpharma-en","8":"brancher-offshore-petro-kemi","9":"brancher-ventilation-en","10":"leverandorer-dwyer-en","11":"produkt_kategorier-tryk-en","12":"produkt_kategorier-differential","13":"produkt_kategorier-magnehelic-en","14":"produktomraader-pressure","15":"produktomraader-differenstryk-en","16":"produktomraader-pressostat-en","17":"produktomraader-rumtryk-en","19":"first","20":"instock","21":"shipping-taxable","22":"product-type-simple"},"acf":[],"_links":{"self":[{"href":"https:\/\/summit.dk\/en\/wp-json\/wp\/v2\/product\/2800","targetHints":{"allow":["GET"]}}],"collection":[{"href":"https:\/\/summit.dk\/en\/wp-json\/wp\/v2\/product"}],"about":[{"href":"https:\/\/summit.dk\/en\/wp-json\/wp\/v2\/types\/product"}],"wp:featuredmedia":[{"embeddable":true,"href":"https:\/\/summit.dk\/en\/wp-json\/wp\/v2\/media\/415"}],"wp:attachment":[{"href":"https:\/\/summit.dk\/en\/wp-json\/wp\/v2\/media?parent=2800"}],"wp:term":[{"taxonomy":"brancher","embeddable":true,"href":"https:\/\/summit.dk\/en\/wp-json\/wp\/v2\/brancher?post=2800"},{"taxonomy":"leverandorer","embeddable":true,"href":"https:\/\/summit.dk\/en\/wp-json\/wp\/v2\/leverandorer?post=2800"},{"taxonomy":"produkt_kategorier","embeddable":true,"href":"https:\/\/summit.dk\/en\/wp-json\/wp\/v2\/produkt_kategorier?post=2800"},{"taxonomy":"produktomraader","embeddable":true,"href":"https:\/\/summit.dk\/en\/wp-json\/wp\/v2\/produktomraader?post=2800"},{"taxonomy":"product_brand","embeddable":true,"href":"https:\/\/summit.dk\/en\/wp-json\/wp\/v2\/product_brand?post=2800"},{"taxonomy":"product_cat","embeddable":true,"href":"https:\/\/summit.dk\/en\/wp-json\/wp\/v2\/product_cat?post=2800"},{"taxonomy":"product_tag","embeddable":true,"href":"https:\/\/summit.dk\/en\/wp-json\/wp\/v2\/product_tag?post=2800"}],"curies":[{"name":"wp","href":"https:\/\/api.w.org\/{rel}","templated":true}]}}