{"id":2799,"date":"2019-10-29T07:41:03","date_gmt":"2019-10-29T07:41:03","guid":{"rendered":"https:\/\/summit.dk\/produkter\/moisttech-ir-3000\/"},"modified":"2019-10-29T07:41:05","modified_gmt":"2019-10-29T07:41:05","slug":"moisttech-ir-3000","status":"publish","type":"product","link":"https:\/\/summit.dk\/en\/vare\/moisttech-ir-3000\/","title":{"rendered":"MoistTech IR 3000"},"content":{"rendered":"<p>NIR transmitter type IR 3000<\/p>\n<p>Producent: MoistTech<br \/>\nM\u00e5lested: Direkte over b\u00e5nd, eller gennem skueglas<br \/>\nMedie: Bulkvare, pulver etc.<br \/>\nM\u00e5leomr\u00e5de: 0-100 % H2O<br \/>\nUdgang: 4\u202620 mA<br \/>\nOption: Fedt\/olie 0-50 % i samme apparat<\/p>\n","protected":false},"excerpt":{"rendered":"<p>NIR transmitter type IR 3000 Producent: MoistTech M\u00e5lested: Direkte over b\u00e5nd, eller gennem skueglas Medie: Bulkvare, pulver etc. M\u00e5leomr\u00e5de: 0-100 % H2O Udgang: 4\u202620 mA Option: Fedt\/olie 0-50 % i&#8230;<\/p>\n","protected":false},"featured_media":2081,"template":"","meta":{"_acf_changed":false,"_nectar_blocks_hide_post_title":false,"_nectar_blocks_transparent_header_effect":false,"_nectar_blocks_transparent_header_effect_color":"light","_nectar_blocks_header_animation":false,"_nectar_blocks_header_animation_delay":0,"_nectar_blocks_header_animation_effect":"fade","_nectar_blocks_page_css":"","_nectar_blocks_page_js":""},"brancher":[444,446,471,550,551],"leverandorer":[404],"produkt_kategorier":[419,609],"produktomraader":[535,547,555,568,569],"product_brand":[],"product_cat":[],"product_tag":[],"class_list":{"0":"post-2799","1":"product","2":"type-product","3":"status-publish","4":"has-post-thumbnail","6":"brancher-industri-en","7":"brancher-offshore-en","8":"brancher-foodpharma-en","9":"brancher-landbrug-en","10":"brancher-offshore-petro-kemi","11":"leverandorer-moisttech-en","12":"produkt_kategorier-moisture-measurement","13":"produkt_kategorier-absolut-vandindhold-en","14":"produktomraader-analysis","15":"produktomraader-gas-en","16":"produktomraader-vandindhold-en","17":"produktomraader-fugt-en","18":"produktomraader-overfladefugt-en","20":"first","21":"instock","22":"shipping-taxable","23":"product-type-simple"},"acf":[],"_links":{"self":[{"href":"https:\/\/summit.dk\/en\/wp-json\/wp\/v2\/product\/2799","targetHints":{"allow":["GET"]}}],"collection":[{"href":"https:\/\/summit.dk\/en\/wp-json\/wp\/v2\/product"}],"about":[{"href":"https:\/\/summit.dk\/en\/wp-json\/wp\/v2\/types\/product"}],"wp:featuredmedia":[{"embeddable":true,"href":"https:\/\/summit.dk\/en\/wp-json\/wp\/v2\/media\/2081"}],"wp:attachment":[{"href":"https:\/\/summit.dk\/en\/wp-json\/wp\/v2\/media?parent=2799"}],"wp:term":[{"taxonomy":"brancher","embeddable":true,"href":"https:\/\/summit.dk\/en\/wp-json\/wp\/v2\/brancher?post=2799"},{"taxonomy":"leverandorer","embeddable":true,"href":"https:\/\/summit.dk\/en\/wp-json\/wp\/v2\/leverandorer?post=2799"},{"taxonomy":"produkt_kategorier","embeddable":true,"href":"https:\/\/summit.dk\/en\/wp-json\/wp\/v2\/produkt_kategorier?post=2799"},{"taxonomy":"produktomraader","embeddable":true,"href":"https:\/\/summit.dk\/en\/wp-json\/wp\/v2\/produktomraader?post=2799"},{"taxonomy":"product_brand","embeddable":true,"href":"https:\/\/summit.dk\/en\/wp-json\/wp\/v2\/product_brand?post=2799"},{"taxonomy":"product_cat","embeddable":true,"href":"https:\/\/summit.dk\/en\/wp-json\/wp\/v2\/product_cat?post=2799"},{"taxonomy":"product_tag","embeddable":true,"href":"https:\/\/summit.dk\/en\/wp-json\/wp\/v2\/product_tag?post=2799"}],"curies":[{"name":"wp","href":"https:\/\/api.w.org\/{rel}","templated":true}]}}