{"id":2798,"date":"2019-10-29T07:40:40","date_gmt":"2019-10-29T07:40:40","guid":{"rendered":"https:\/\/summit.dk\/produkter\/mikroboelgemaaler-lb-567-568\/"},"modified":"2020-05-19T10:40:06","modified_gmt":"2020-05-19T10:40:06","slug":"mikroboelgemaaler-lb-567-568","status":"publish","type":"product","link":"https:\/\/summit.dk\/en\/vare\/mikroboelgemaaler-lb-567-568\/","title":{"rendered":"Mikrob\u00f8lgem\u00e5ler LB 567 \/ 568"},"content":{"rendered":"<p>Mikrob\u00f8lgem\u00e5ler type LB 567 \/ LB 568<\/p>\n<p>Producent: Berthold Technologies<br \/>\nM\u00e5lested: Direkte over b\u00e5nd eller i m\u00e5legab<br \/>\nMedie: Bulkvare, pulver etc.<br \/>\nM\u00e5leomr\u00e5de: 0-100 % H2O (eller t\u00f8rstof)<br \/>\nUdgang: 4\u202620 mA<br \/>\nOption: Kompensering for bulkdensitet<\/p>\n[evp_embed_video url=&#8221;https:\/\/summit.dk\/wp-content\/uploads\/2020\/05\/kort-berthold.mov&#8221; width=&#8221;700&#8243;]\n","protected":false},"excerpt":{"rendered":"<p>Mikrob\u00f8lgem\u00e5ler type LB 567 \/ LB 568 Producent: Berthold Technologies M\u00e5lested: Direkte over b\u00e5nd eller i m\u00e5legab Medie: Bulkvare, pulver etc. M\u00e5leomr\u00e5de: 0-100 % H2O (eller t\u00f8rstof) Udgang: 4\u202620 mA&#8230;<\/p>\n","protected":false},"featured_media":146,"template":"","meta":{"_acf_changed":false,"_nectar_blocks_hide_post_title":false,"_nectar_blocks_transparent_header_effect":false,"_nectar_blocks_transparent_header_effect_color":"light","_nectar_blocks_header_animation":false,"_nectar_blocks_header_animation_delay":0,"_nectar_blocks_header_animation_effect":"fade","_nectar_blocks_page_css":"","_nectar_blocks_page_js":""},"brancher":[444,471,550,551],"leverandorer":[397],"produkt_kategorier":[419,608,609],"produktomraader":[535,554,555],"product_brand":[],"product_cat":[],"product_tag":[],"class_list":{"0":"post-2798","1":"product","2":"type-product","3":"status-publish","4":"has-post-thumbnail","6":"brancher-industri-en","7":"brancher-foodpharma-en","8":"brancher-landbrug-en","9":"brancher-offshore-petro-kemi","10":"leverandorer-berthold-technologies-gmbh-en","11":"produkt_kategorier-moisture-measurement","12":"produkt_kategorier-toerstofmaaling-en","13":"produkt_kategorier-absolut-vandindhold-en","14":"produktomraader-analysis","15":"produktomraader-toerstofmaaling-en","16":"produktomraader-vandindhold-en","18":"first","19":"instock","20":"shipping-taxable","21":"product-type-simple"},"acf":[],"_links":{"self":[{"href":"https:\/\/summit.dk\/en\/wp-json\/wp\/v2\/product\/2798","targetHints":{"allow":["GET"]}}],"collection":[{"href":"https:\/\/summit.dk\/en\/wp-json\/wp\/v2\/product"}],"about":[{"href":"https:\/\/summit.dk\/en\/wp-json\/wp\/v2\/types\/product"}],"wp:featuredmedia":[{"embeddable":true,"href":"https:\/\/summit.dk\/en\/wp-json\/wp\/v2\/media\/146"}],"wp:attachment":[{"href":"https:\/\/summit.dk\/en\/wp-json\/wp\/v2\/media?parent=2798"}],"wp:term":[{"taxonomy":"brancher","embeddable":true,"href":"https:\/\/summit.dk\/en\/wp-json\/wp\/v2\/brancher?post=2798"},{"taxonomy":"leverandorer","embeddable":true,"href":"https:\/\/summit.dk\/en\/wp-json\/wp\/v2\/leverandorer?post=2798"},{"taxonomy":"produkt_kategorier","embeddable":true,"href":"https:\/\/summit.dk\/en\/wp-json\/wp\/v2\/produkt_kategorier?post=2798"},{"taxonomy":"produktomraader","embeddable":true,"href":"https:\/\/summit.dk\/en\/wp-json\/wp\/v2\/produktomraader?post=2798"},{"taxonomy":"product_brand","embeddable":true,"href":"https:\/\/summit.dk\/en\/wp-json\/wp\/v2\/product_brand?post=2798"},{"taxonomy":"product_cat","embeddable":true,"href":"https:\/\/summit.dk\/en\/wp-json\/wp\/v2\/product_cat?post=2798"},{"taxonomy":"product_tag","embeddable":true,"href":"https:\/\/summit.dk\/en\/wp-json\/wp\/v2\/product_tag?post=2798"}],"curies":[{"name":"wp","href":"https:\/\/api.w.org\/{rel}","templated":true}]}}