{"id":2796,"date":"2019-10-29T07:39:48","date_gmt":"2019-10-29T07:39:48","guid":{"rendered":"https:\/\/summit.dk\/produkter\/magnesense-differenstrykstransmitter\/"},"modified":"2019-10-29T07:39:49","modified_gmt":"2019-10-29T07:39:49","slug":"magnesense-differenstrykstransmitter","status":"publish","type":"product","link":"https:\/\/summit.dk\/en\/vare\/magnesense-differenstrykstransmitter\/","title":{"rendered":"Magnesense Differenstrykstransmitter"},"content":{"rendered":"<p>Dwyer Magnesense differenstrykstransmitter til m\u00e5ling af differenstryk i kanaler over filtre, Rumtryk samt mange andre applikationer.<br \/>\nUdm\u00e6rker sig ved h\u00f8j n\u00f8jagtighed, multitransmitter med 3 m\u00e5leomr\u00e5der.<br \/>\nKan leveres i nedenst\u00e5ende standard m\u00e5leomr\u00e5der, panel monteret, med display.<\/p>\n<p><strong>Se monteringsvideo af Magnesense herunder<\/strong><\/p>\n<p><iframe loading=\"lazy\" title=\"Magnesense\u00ae Differential Pressure Transmitter Installation &amp; Ops Part 1\" width=\"1080\" height=\"810\" src=\"https:\/\/www.youtube.com\/embed\/s2Tjd3fN_aU?feature=oembed\" frameborder=\"0\" allow=\"accelerometer; autoplay; clipboard-write; encrypted-media; gyroscope; picture-in-picture; web-share\" referrerpolicy=\"strict-origin-when-cross-origin\" allowfullscreen><\/iframe><\/p>\n<table width=\"100%\" cellspacing=\"0\" cellpadding=\"0\">\n<tbody>\n<tr>\n<td nowrap width=\"20%\">\n<p align=\"left\">MS-321-LCD<\/p>\n<\/td>\n<td>\n<p style=\"text-align: left;\" align=\"center\">Differenstryktransmitter, 0-10 V output, m\u00e5leomr\u00e5de 25, 50, 100 Pa, panel monteret, med display.<\/p>\n<\/td>\n<\/tr>\n<tr>\n<td nowrap>\n<p align=\"left\">MS-322-LCD<\/p>\n<\/td>\n<td>\n<p style=\"text-align: left;\" align=\"center\">Differenstryktransmitter, 0-10 V output, m\u00e5leomr\u00e5de 25, 50, 100 Pa, duct mount, med display.<\/p>\n<\/td>\n<\/tr>\n<tr>\n<td nowrap>\n<p align=\"left\">MS-111-LCD<\/p>\n<\/td>\n<td>\n<p style=\"text-align: left;\" align=\"center\">Differenstryktransmitter, 4-20 mA output, m\u00e5leomr\u00e5de 250, 500, 1250 Pa, panel monteret, med display.<\/p>\n<\/td>\n<\/tr>\n<tr>\n<td nowrap>\n<p align=\"left\">MS-112-LCD<\/p>\n<\/td>\n<td>\n<p style=\"text-align: left;\" align=\"center\">Differenstryktransmitter, 4-20 mA output, m\u00e5leomr\u00e5de 250, 500, 1250 Pa, duct mount, med display.<\/p>\n<\/td>\n<\/tr>\n<tr>\n<td nowrap>\n<p align=\"left\">MS-311-LCD<\/p>\n<\/td>\n<td>\n<p style=\"text-align: left;\" align=\"center\">Differenstryktransmitter, 0-10 V output, m\u00e5leomr\u00e5de 250, 500, 1250 Pa, panel monteret, med display.<\/p>\n<\/td>\n<\/tr>\n<tr>\n<td nowrap>\n<p align=\"left\">MS-312-LCD<\/p>\n<\/td>\n<td>\n<p style=\"text-align: left;\" align=\"center\">Differenstryktransmitter, 0-10 V output, m\u00e5leomr\u00e5de 250, 500, 1250 Pa, duct mount, med display.<\/p>\n<\/td>\n<\/tr>\n<tr>\n<td nowrap>\n<p align=\"left\">MS-131-LCD<\/p>\n<\/td>\n<td>\n<p style=\"text-align: left;\" align=\"center\">Differenstryktransmitter, 4-20 mA output, m\u00e5leomr\u00e5de 2 kPa, panel monteret, med display.<\/p>\n<\/td>\n<\/tr>\n<tr>\n<td nowrap>\n<p align=\"left\">MS-331-LCD<\/p>\n<\/td>\n<td>\n<p style=\"text-align: left;\" align=\"center\">Differenstryktransmitter, 0-10 V output, m\u00e5leomr\u00e5de 2 kPa, panel monteret, med display.<\/p>\n<\/td>\n<\/tr>\n<tr>\n<td nowrap>\n<p align=\"left\">MS-141-LCD<\/p>\n<\/td>\n<td>\n<p style=\"text-align: left;\" align=\"center\">Differenstryktransmitter, 4-20 mA output, m\u00e5leomr\u00e5de 3 kPa, panel monteret, med display.<\/p>\n<\/td>\n<\/tr>\n<tr>\n<td nowrap>\n<p align=\"left\">MS-341-LCD<\/p>\n<\/td>\n<td>\n<p style=\"text-align: left;\" align=\"center\">Differenstryktransmitter, 0-10 V output, m\u00e5leomr\u00e5de 3 kPa, panel monteret, med display.<\/p>\n<\/td>\n<\/tr>\n<tr>\n<td nowrap>\n<p align=\"left\">MS-151-LCD<\/p>\n<\/td>\n<td>\n<p style=\"text-align: left;\" align=\"center\">Differenstryktransmitter, 4-20 mA output, m\u00e5leomr\u00e5de 5 kPa, panel monteret, med display.<\/p>\n<\/td>\n<\/tr>\n<tr>\n<td nowrap>\n<p align=\"left\">MS-351-LCD<\/p>\n<\/td>\n<td>\n<p style=\"text-align: left;\" align=\"center\">Differenstryktransmitter, 0-10 V output, m\u00e5leomr\u00e5de 5 kPa, panel monteret, med display.<\/p>\n<\/td>\n<\/tr>\n<tr>\n<td nowrap>\n<p align=\"left\">MS-021-LCD<\/p>\n<\/td>\n<td>\n<p style=\"text-align: left;\" align=\"center\">Differenstryktransmitter, 4-20 mA output, m\u00e5leomr\u00e5de \u00b125, 50, 100 Pa, panel monteret, med display.<\/p>\n<\/td>\n<\/tr>\n<tr>\n<td nowrap>\n<p align=\"left\">MS-221-LCD<\/p>\n<\/td>\n<td>\n<p style=\"text-align: left;\" align=\"center\">Differenstryktransmitter, 0-10 V output, m\u00e5leomr\u00e5de \u00b125, 50, 100 Pa, panel monteret, med display.<\/p>\n<\/td>\n<\/tr>\n<tr>\n<td nowrap>\n<p align=\"left\">MS-721-LCD<\/p>\n<\/td>\n<td>\n<p style=\"text-align: left;\" align=\"center\">Differenstryktransmitter, 5 VDC output, m\u00e5leomr\u00e5de 25, 50, 100 Pa, panel monteret, med display.<\/p>\n<\/td>\n<\/tr>\n<tr>\n<td nowrap>\n<p align=\"left\">MS-711-LCD<\/p>\n<\/td>\n<td>\n<p style=\"text-align: left;\" align=\"center\">Differenstryktransmitter, 5 VDC output, m\u00e5leomr\u00e5de 250, 500, 1250 Pa, panel monteret, med display.<\/p>\n<\/td>\n<\/tr>\n<tr>\n<td nowrap>\n<p align=\"left\">MS-621-LCD<\/p>\n<\/td>\n<td>\n<p style=\"text-align: left;\" align=\"center\">Differenstryktransmitter, 5 VDC output, m\u00e5leomr\u00e5de \u00b125, 50, 100 Pa, panel monteret, med display.<\/p>\n<\/td>\n<\/tr>\n<tr>\n<td nowrap>\n<p align=\"left\">MS-712-LCD<\/p>\n<\/td>\n<td>\n<p style=\"text-align: left;\" align=\"center\">Differenstryktransmitter, 5V output, m\u00e5leomr\u00e5de 250, 500, 1250 Pa, duct mount, med display.<\/p>\n<\/td>\n<\/tr>\n<tr>\n<td nowrap>\n<p align=\"left\">MS-722-LCD<\/p>\n<\/td>\n<td>\n<p style=\"text-align: left;\" align=\"center\">Differenstryktransmitter, 5 VDC output, m\u00e5leomr\u00e5de 25, 50, 100 Pa, duct mount, med display.<\/p>\n<\/td>\n<\/tr>\n<tr>\n<td nowrap>\n<p align=\"left\">MS-911-LCD<\/p>\n<\/td>\n<td>\n<p style=\"text-align: left;\" align=\"center\">Differenstryktransmitter, 5V output, 12V input, m\u00e5leomr\u00e5de 250, 500, 1250 Pa, panel monteret, med display.<\/p>\n<\/td>\n<\/tr>\n<tr>\n<td nowrap>\n<p align=\"left\">MS-912-LCD<\/p>\n<\/td>\n<td>\n<p style=\"text-align: left;\" align=\"center\">MS-912 Differenstryktransmitter, 5V output, 12V input, m\u00e5leomr\u00e5de 250, 500, 1250 Pa, duct mount, med display.<\/p>\n<\/td>\n<\/tr>\n<tr>\n<td nowrap>\n<p align=\"left\">MS-921-LCD<\/p>\n<\/td>\n<td>\n<p style=\"text-align: left;\" align=\"center\">Differenstryktransmitter, 5V output, 12V input, m\u00e5leomr\u00e5de 25, 50, 100 Pa, panel monteret, med display.<\/p>\n<\/td>\n<\/tr>\n<tr>\n<td nowrap>\n<p align=\"left\">MS-922-LCD<\/p>\n<\/td>\n<td>\n<p style=\"text-align: left;\" align=\"center\">Differenstryktransmitter, 5V output, 12V input, m\u00e5leomr\u00e5de 25, 50, 100 Pa, duct mount, med display.<\/p>\n<\/td>\n<\/tr>\n<tr>\n<td nowrap>\n<p style=\"text-align: left;\" align=\"center\">MS-821-LCD<\/p>\n<\/td>\n<td>\n<p style=\"text-align: left;\" align=\"center\">Differenstryktransmitter, 5V output, 12V input, m\u00e5leomr\u00e5de \u00b125, 50, 100 Pa, panel monteret, med display.<\/p>\n<\/td>\n<\/tr>\n<\/tbody>\n<\/table>\n","protected":false},"excerpt":{"rendered":"<p>Dwyer Magnesense differenstrykstransmitter til m\u00e5ling af differenstryk i kanaler over filtre, Rumtryk samt mange andre applikationer. Udm\u00e6rker sig ved h\u00f8j n\u00f8jagtighed, multitransmitter med 3 m\u00e5leomr\u00e5der. Kan leveres i nedenst\u00e5ende standard&#8230;<\/p>\n","protected":false},"featured_media":178,"template":"","meta":{"_acf_changed":false,"_nectar_blocks_hide_post_title":false,"_nectar_blocks_transparent_header_effect":false,"_nectar_blocks_transparent_header_effect_color":"light","_nectar_blocks_header_animation":false,"_nectar_blocks_header_animation_delay":0,"_nectar_blocks_header_animation_effect":"fade","_nectar_blocks_page_css":"","_nectar_blocks_page_js":""},"brancher":[444,471,550,598],"leverandorer":[332],"produkt_kategorier":[412,429,437,438],"produktomraader":[539,586,589],"product_brand":[],"product_cat":[],"product_tag":[],"class_list":{"0":"post-2796","1":"product","2":"type-product","3":"status-publish","4":"has-post-thumbnail","6":"brancher-industri-en","7":"brancher-foodpharma-en","8":"brancher-landbrug-en","9":"brancher-ventilation-en","10":"leverandorer-dwyer-en","11":"produkt_kategorier-tryk-en","12":"produkt_kategorier-differential","13":"produkt_kategorier-products-for-ventilation","14":"produkt_kategorier-differenstryktransmitter-en","15":"produktomraader-pressure","16":"produktomraader-differenstryk-en","17":"produktomraader-rumtryk-en","19":"first","20":"instock","21":"shipping-taxable","22":"product-type-simple"},"acf":[],"_links":{"self":[{"href":"https:\/\/summit.dk\/en\/wp-json\/wp\/v2\/product\/2796","targetHints":{"allow":["GET"]}}],"collection":[{"href":"https:\/\/summit.dk\/en\/wp-json\/wp\/v2\/product"}],"about":[{"href":"https:\/\/summit.dk\/en\/wp-json\/wp\/v2\/types\/product"}],"wp:featuredmedia":[{"embeddable":true,"href":"https:\/\/summit.dk\/en\/wp-json\/wp\/v2\/media\/178"}],"wp:attachment":[{"href":"https:\/\/summit.dk\/en\/wp-json\/wp\/v2\/media?parent=2796"}],"wp:term":[{"taxonomy":"brancher","embeddable":true,"href":"https:\/\/summit.dk\/en\/wp-json\/wp\/v2\/brancher?post=2796"},{"taxonomy":"leverandorer","embeddable":true,"href":"https:\/\/summit.dk\/en\/wp-json\/wp\/v2\/leverandorer?post=2796"},{"taxonomy":"produkt_kategorier","embeddable":true,"href":"https:\/\/summit.dk\/en\/wp-json\/wp\/v2\/produkt_kategorier?post=2796"},{"taxonomy":"produktomraader","embeddable":true,"href":"https:\/\/summit.dk\/en\/wp-json\/wp\/v2\/produktomraader?post=2796"},{"taxonomy":"product_brand","embeddable":true,"href":"https:\/\/summit.dk\/en\/wp-json\/wp\/v2\/product_brand?post=2796"},{"taxonomy":"product_cat","embeddable":true,"href":"https:\/\/summit.dk\/en\/wp-json\/wp\/v2\/product_cat?post=2796"},{"taxonomy":"product_tag","embeddable":true,"href":"https:\/\/summit.dk\/en\/wp-json\/wp\/v2\/product_tag?post=2796"}],"curies":[{"name":"wp","href":"https:\/\/api.w.org\/{rel}","templated":true}]}}