{"id":2795,"date":"2019-10-29T07:39:16","date_gmt":"2019-10-29T07:39:16","guid":{"rendered":"https:\/\/summit.dk\/produkter\/magnesense-2-differenstrykstransmitter\/"},"modified":"2019-10-29T07:39:16","modified_gmt":"2019-10-29T07:39:16","slug":"magnesense-2-differenstrykstransmitter","status":"publish","type":"product","link":"https:\/\/summit.dk\/en\/vare\/magnesense-2-differenstrykstransmitter\/","title":{"rendered":"Magnesense 2 &#8211; Differenstrykstransmitter"},"content":{"rendered":"<p><strong>Magnesense 2 \u2013 Differenstrykstransmitter<\/strong><\/p>\n<p><strong> <\/strong><\/p>\n<p>Dwyer differenstryktransmitter med 4 forskellige m\u00e5leomr\u00e5der, samt str\u00f8m og sp\u00e6ndingsudgang.<\/p>\n<p>Overv\u00e5ger tryk, lufthastighed og luft flow &#8211; BACnet \/ Modbus\u00ae kommunikation.<\/p>\n<p>&nbsp;<\/p>\n<p>Magnesense\u00ae II, differenstryktransmitteren kombinerer Dwyers gennempr\u00f8vede stabile Hall Effect sensing teknologi som ogs\u00e5 anvendes i den oprindelige Magnesense transmitterserie.<\/p>\n<p>&nbsp;<\/p>\n<p>I denne nye generation, er der tilf\u00f8jet ekstra trykomr\u00e5der, s\u00e5 hver model har fire valgbare m\u00e5leomr\u00e5der, sammen med plus\/minus m\u00e5leomr\u00e5der.<\/p>\n<p>Ved brug af \u201dplug-in\u201d display eller det eksterne displaymodul, kan m\u00e5leenhed (metrisk\/eng) v\u00e6lges via interne dip switches.<\/p>\n<p>Kombineret str\u00f8m og sp\u00e6ndingsudgang giver ogs\u00e5 brugeren mulighed for valg af begge &#8211; samtidigt.<\/p>\n<p>Sp\u00e6ndingsudgang kan s\u00e6ttes til enten 0-5 VDC eller 0-10 VDC, str\u00f8mudgang 4-20 mA.<\/p>\n<p>&nbsp;<\/p>\n<p>MS2 kan ogs\u00e5 bestilles med BACnet\u00ae eller Modbus\u00ae kommunikation, s\u00e5 transmitterne kan sammenkobles i daisy-link. MS2 har kvadratrodsmodul indbygget til beregning af flowm\u00e6ngde.<\/p>\n<p>Ved anvendelse af BACnet\u00ae og Modbus\u00ae versioner anbefales det at man begr\u00e6nser antallet af transmittere til 32 i hver sl\u00f8jfe<\/p>\n<p><iframe loading=\"lazy\" title=\"Magnesense\u00ae II Differential Pressure Transmitter\" width=\"1080\" height=\"608\" src=\"https:\/\/www.youtube.com\/embed\/OVHoVtLTbk4?feature=oembed\" frameborder=\"0\" allow=\"accelerometer; autoplay; clipboard-write; encrypted-media; gyroscope; picture-in-picture; web-share\" referrerpolicy=\"strict-origin-when-cross-origin\" allowfullscreen><\/iframe><\/p>\n<p>&nbsp;<\/p>\n","protected":false},"excerpt":{"rendered":"<p>Magnesense 2 \u2013 Differenstrykstransmitter Dwyer differenstryktransmitter med 4 forskellige m\u00e5leomr\u00e5der, samt str\u00f8m og sp\u00e6ndingsudgang. Overv\u00e5ger tryk, lufthastighed og luft flow &#8211; BACnet \/ Modbus\u00ae kommunikation. &nbsp; Magnesense\u00ae II, differenstryktransmitteren kombinerer&#8230;<\/p>\n","protected":false},"featured_media":285,"template":"","meta":{"_acf_changed":false,"_nectar_blocks_hide_post_title":false,"_nectar_blocks_transparent_header_effect":false,"_nectar_blocks_transparent_header_effect_color":"light","_nectar_blocks_header_animation":false,"_nectar_blocks_header_animation_delay":0,"_nectar_blocks_header_animation_effect":"fade","_nectar_blocks_page_css":"","_nectar_blocks_page_js":""},"brancher":[444,471,550,598],"leverandorer":[332],"produkt_kategorier":[412,414,429,437,438],"produktomraader":[539,586,589],"product_brand":[],"product_cat":[],"product_tag":[],"class_list":{"0":"post-2795","1":"product","2":"type-product","3":"status-publish","4":"has-post-thumbnail","6":"brancher-industri-en","7":"brancher-foodpharma-en","8":"brancher-landbrug-en","9":"brancher-ventilation-en","10":"leverandorer-dwyer-en","11":"produkt_kategorier-tryk-en","12":"produkt_kategorier-hvac-komponenents","13":"produkt_kategorier-differential","14":"produkt_kategorier-products-for-ventilation","15":"produkt_kategorier-differenstryktransmitter-en","16":"produktomraader-pressure","17":"produktomraader-differenstryk-en","18":"produktomraader-rumtryk-en","20":"first","21":"instock","22":"shipping-taxable","23":"product-type-simple"},"acf":[],"_links":{"self":[{"href":"https:\/\/summit.dk\/en\/wp-json\/wp\/v2\/product\/2795","targetHints":{"allow":["GET"]}}],"collection":[{"href":"https:\/\/summit.dk\/en\/wp-json\/wp\/v2\/product"}],"about":[{"href":"https:\/\/summit.dk\/en\/wp-json\/wp\/v2\/types\/product"}],"wp:featuredmedia":[{"embeddable":true,"href":"https:\/\/summit.dk\/en\/wp-json\/wp\/v2\/media\/285"}],"wp:attachment":[{"href":"https:\/\/summit.dk\/en\/wp-json\/wp\/v2\/media?parent=2795"}],"wp:term":[{"taxonomy":"brancher","embeddable":true,"href":"https:\/\/summit.dk\/en\/wp-json\/wp\/v2\/brancher?post=2795"},{"taxonomy":"leverandorer","embeddable":true,"href":"https:\/\/summit.dk\/en\/wp-json\/wp\/v2\/leverandorer?post=2795"},{"taxonomy":"produkt_kategorier","embeddable":true,"href":"https:\/\/summit.dk\/en\/wp-json\/wp\/v2\/produkt_kategorier?post=2795"},{"taxonomy":"produktomraader","embeddable":true,"href":"https:\/\/summit.dk\/en\/wp-json\/wp\/v2\/produktomraader?post=2795"},{"taxonomy":"product_brand","embeddable":true,"href":"https:\/\/summit.dk\/en\/wp-json\/wp\/v2\/product_brand?post=2795"},{"taxonomy":"product_cat","embeddable":true,"href":"https:\/\/summit.dk\/en\/wp-json\/wp\/v2\/product_cat?post=2795"},{"taxonomy":"product_tag","embeddable":true,"href":"https:\/\/summit.dk\/en\/wp-json\/wp\/v2\/product_tag?post=2795"}],"curies":[{"name":"wp","href":"https:\/\/api.w.org\/{rel}","templated":true}]}}