{"id":2794,"date":"2019-10-29T07:38:27","date_gmt":"2019-10-29T07:38:27","guid":{"rendered":"https:\/\/summit.dk\/produkter\/luftflowmaaling-kanal\/"},"modified":"2019-10-29T07:38:31","modified_gmt":"2019-10-29T07:38:31","slug":"luftflowmaaling-kanal","status":"publish","type":"product","link":"https:\/\/summit.dk\/en\/vare\/luftflowmaaling-kanal\/","title":{"rendered":"Luftflowm\u00e5ling kanal"},"content":{"rendered":"<p><strong>Luftflowm\u00e5ling &#8211; kanal<\/strong><\/p>\n<p>Ideel til brug sammen med vores pr\u00e6cisionsmanometre og lufthastighed gauges.<\/p>\n<p>Dwyer\u00ae pitotr\u00f8r er konstrueret af rustfrit st\u00e5l.<\/p>\n<p>Ingen korrektionsfaktorer kr\u00e6ves pga. ASHRAE tip design.<\/p>\n<p>P\u00e5 siderne af 160-serien er pr\u00e6get indstiksdybde for hurtig og pr\u00e6cis positionering.<\/p>\n<p>Lav f\u00f8lsomhed over for forskydning giver n\u00f8jagtig afl\u00e6sning, selv n\u00e5r r\u00f8ret er tiltet op til 15 grader.<\/p>\n<p>Standard st\u00f8rrelser for brug i kanaler helt ned til diameter p\u00e5 4 \u201c. Forskellige monteringskit tilbydes for faste installationer.<\/p>\n<p>Design ASME opfylder AMCA og ASHRAE specifikationer<\/p>\n<p><iframe loading=\"lazy\" title=\"Tech &amp; Specs Video Blog: What is a Pitot Tube? Air Velocity and Flow Rate (Episode 5)\" width=\"1080\" height=\"608\" src=\"https:\/\/www.youtube.com\/embed\/YxvvZhZryIw?feature=oembed\" frameborder=\"0\" allow=\"accelerometer; autoplay; clipboard-write; encrypted-media; gyroscope; picture-in-picture; web-share\" referrerpolicy=\"strict-origin-when-cross-origin\" allowfullscreen><\/iframe><\/p>\n","protected":false},"excerpt":{"rendered":"<p>Luftflowm\u00e5ling &#8211; kanal Ideel til brug sammen med vores pr\u00e6cisionsmanometre og lufthastighed gauges. Dwyer\u00ae pitotr\u00f8r er konstrueret af rustfrit st\u00e5l. Ingen korrektionsfaktorer kr\u00e6ves pga. ASHRAE tip design. P\u00e5 siderne af&#8230;<\/p>\n","protected":false},"featured_media":380,"template":"","meta":{"_acf_changed":false,"_nectar_blocks_hide_post_title":false,"_nectar_blocks_transparent_header_effect":false,"_nectar_blocks_transparent_header_effect_color":"light","_nectar_blocks_header_animation":false,"_nectar_blocks_header_animation_delay":0,"_nectar_blocks_header_animation_effect":"fade","_nectar_blocks_page_css":"","_nectar_blocks_page_js":""},"brancher":[444,445,446,471,550,551,598],"leverandorer":[332],"produkt_kategorier":[413,430,432],"produktomraader":[545,566],"product_brand":[],"product_cat":[],"product_tag":[],"class_list":{"0":"post-2794","1":"product","2":"type-product","3":"status-publish","4":"has-post-thumbnail","6":"brancher-industri-en","7":"brancher-marine-en","8":"brancher-offshore-en","9":"brancher-foodpharma-en","10":"brancher-landbrug-en","11":"brancher-offshore-petro-kemi","12":"brancher-ventilation-en","13":"leverandorer-dwyer-en","14":"produkt_kategorier-luftgas-en","15":"produkt_kategorier-flow-en","16":"produkt_kategorier-air-flow-in-duct","17":"produktomraader-flow-en","18":"produktomraader-flow-maaling-en","20":"first","21":"instock","22":"shipping-taxable","23":"product-type-simple"},"acf":[],"_links":{"self":[{"href":"https:\/\/summit.dk\/en\/wp-json\/wp\/v2\/product\/2794","targetHints":{"allow":["GET"]}}],"collection":[{"href":"https:\/\/summit.dk\/en\/wp-json\/wp\/v2\/product"}],"about":[{"href":"https:\/\/summit.dk\/en\/wp-json\/wp\/v2\/types\/product"}],"wp:featuredmedia":[{"embeddable":true,"href":"https:\/\/summit.dk\/en\/wp-json\/wp\/v2\/media\/380"}],"wp:attachment":[{"href":"https:\/\/summit.dk\/en\/wp-json\/wp\/v2\/media?parent=2794"}],"wp:term":[{"taxonomy":"brancher","embeddable":true,"href":"https:\/\/summit.dk\/en\/wp-json\/wp\/v2\/brancher?post=2794"},{"taxonomy":"leverandorer","embeddable":true,"href":"https:\/\/summit.dk\/en\/wp-json\/wp\/v2\/leverandorer?post=2794"},{"taxonomy":"produkt_kategorier","embeddable":true,"href":"https:\/\/summit.dk\/en\/wp-json\/wp\/v2\/produkt_kategorier?post=2794"},{"taxonomy":"produktomraader","embeddable":true,"href":"https:\/\/summit.dk\/en\/wp-json\/wp\/v2\/produktomraader?post=2794"},{"taxonomy":"product_brand","embeddable":true,"href":"https:\/\/summit.dk\/en\/wp-json\/wp\/v2\/product_brand?post=2794"},{"taxonomy":"product_cat","embeddable":true,"href":"https:\/\/summit.dk\/en\/wp-json\/wp\/v2\/product_cat?post=2794"},{"taxonomy":"product_tag","embeddable":true,"href":"https:\/\/summit.dk\/en\/wp-json\/wp\/v2\/product_tag?post=2794"}],"curies":[{"name":"wp","href":"https:\/\/api.w.org\/{rel}","templated":true}]}}