{"id":2793,"date":"2019-10-29T07:38:06","date_gmt":"2019-10-29T07:38:06","guid":{"rendered":"https:\/\/summit.dk\/produkter\/luftflow-kanal-roeggas-industriel\/"},"modified":"2019-10-29T07:38:29","modified_gmt":"2019-10-29T07:38:29","slug":"luftflow-kanal-roeggas-industriel","status":"publish","type":"product","link":"https:\/\/summit.dk\/en\/vare\/luftflow-kanal-roeggas-industriel\/","title":{"rendered":"Luftflow kanal r\u00f8ggas \/ industriel"},"content":{"rendered":"<p><span id=\"result_box\" lang=\"da\"><span class=\"hps\">Serie<\/span> <span class=\"hps\">160S<\/span> <span class=\"hps\">pitotr\u00f8r<\/span> <span class=\"hps\">er designet specielt til<\/span> <span class=\"hps\">flowm\u00e5ling<\/span> <span class=\"hps\">af beskidt<\/span> <span class=\"hps\">luft indeholdende partikler eller gas<\/span> <span class=\"hps\">typisk<\/span> <span class=\"hps\">i r\u00f8g<\/span> <span class=\"hps\">stakke<\/span> <span class=\"hps\">og andre<\/span> <span class=\"hps\">former for r\u00f8gkanaler<\/span>. <span class=\"hps\">Stor<\/span> <span class=\"hps atn\">5\/16 &#8220;<\/span>dia. <span class=\"hps\">Rustfrie st\u00e5lr\u00f8r<\/span> <span class=\"hps\">modvirker<\/span> <span class=\"hps\">tilstopning<\/span> <span class=\"hps\">under barske<\/span>, <span class=\"hps\">sodede<\/span> <span class=\"hps\">betingelser, der<\/span> <span class=\"hps\">hurtigt<\/span> <span class=\"hps\">blokerer<\/span> <span class=\"hps\">konventionelle<\/span> <span class=\"hps\">flow sensorer<\/span>. <\/span><\/p>\n<p><span id=\"result_box\" lang=\"da\"><span class=\"hps\">Total<\/span> <span class=\"hps\">og statiske<\/span> <span class=\"hps\">tryk<\/span> <span class=\"hps\">r\u00f8r<\/span> <span class=\"hps\">er pr\u00e6cist<\/span> <span class=\"hps\">tilpasset og<\/span> <span class=\"hps\">svejset sammen <\/span><span class=\"hps\">for<\/span> <span class=\"hps\">maksimal<\/span> <span class=\"hps\">pr\u00e6cision<\/span>, styrke <span class=\"hps\">og langsigtet<\/span> <span class=\"hps\">holdbarhed.<\/span> <\/span><\/p>\n<p><span id=\"result_box\" lang=\"da\"><span class=\"hps\">Alsidig<\/span> 1\/8<span class=\"hps atn\">&#8221; <\/span> F<span class=\"hps\">NPT<\/span> <span class=\"hps\">tilslutninger<\/span> der <span class=\"hps\">nemt<\/span> <span class=\"hps\">tilpasses enhver<\/span> <span class=\"hps\">form for<\/span> <span class=\"hps\">r\u00f8r eller<\/span> <span class=\"hps\">slange<\/span>. <span class=\"hps\">Et par<\/span> <span class=\"hps atn\">1\/8 &#8220;<\/span>NPT <span class=\"hps\">til<\/span> <span class=\"hps\">3\/16<\/span>&#8221; <span class=\"hps\">I.D.<\/span> <span class=\"hps\">slanger<\/span> <span class=\"hps\">adaptere<\/span> <span class=\"hps\">er<\/span> <span class=\"hps\">inkluderet plus<\/span> <span class=\"hps\">en handy<\/span> <span class=\"hps\">st\u00f8bt<\/span> <span class=\"hps\">vinyl<\/span> <span class=\"hps\">h\u00e6tte<\/span> <span class=\"hps\">for at beskytte<\/span> <span class=\"hps\">spidsen<\/span>, n\u00e5r den ikke <span class=\"hps\">er i brug.<\/span> <span class=\"hps\">Leveres med<\/span> <span class=\"hps\">komplette instruktioner<\/span>.<\/span><\/p>\n<p><span class=\"hps\">Permanent montering<\/span> <span class=\"hps\">(PM)<\/span> <span class=\"hps\">modeller omfatter<\/span> <span class=\"hps\">1&#8243;<\/span> <span class=\"hps\">rustfrit st\u00e5l<\/span> tilslutning med<span class=\"hps\"> justerbar<\/span> <span class=\"hps\">kompression<\/span> <span class=\"hps\">snit, med<\/span> <span class=\"hps\">1&#8243; <\/span><span class=\"hps\">NPT<\/span> <span class=\"hps\">gevind<\/span><span class=\"hps\">.<\/span> <span class=\"hps\">Juster<\/span> <span class=\"hps\">dybden og <\/span> <span class=\"hps\">l\u00e5s forskruningen.<\/span><\/p>\n<div id=\"gt-edit\"><\/div>\n<div id=\"gt-res-tools\"><\/div>\n","protected":false},"excerpt":{"rendered":"<p>Serie 160S pitotr\u00f8r er designet specielt til flowm\u00e5ling af beskidt luft indeholdende partikler eller gas typisk i r\u00f8g stakke og andre former for r\u00f8gkanaler. Stor 5\/16 &#8220;dia. Rustfrie st\u00e5lr\u00f8r modvirker&#8230;<\/p>\n","protected":false},"featured_media":385,"template":"","meta":{"_acf_changed":false,"_nectar_blocks_hide_post_title":false,"_nectar_blocks_transparent_header_effect":false,"_nectar_blocks_transparent_header_effect_color":"light","_nectar_blocks_header_animation":false,"_nectar_blocks_header_animation_delay":0,"_nectar_blocks_header_animation_effect":"fade","_nectar_blocks_page_css":"","_nectar_blocks_page_js":""},"brancher":[444,445,446,471,550,551,598],"leverandorer":[332],"produkt_kategorier":[413,430,432],"produktomraader":[545,566],"product_brand":[],"product_cat":[],"product_tag":[],"class_list":{"0":"post-2793","1":"product","2":"type-product","3":"status-publish","4":"has-post-thumbnail","6":"brancher-industri-en","7":"brancher-marine-en","8":"brancher-offshore-en","9":"brancher-foodpharma-en","10":"brancher-landbrug-en","11":"brancher-offshore-petro-kemi","12":"brancher-ventilation-en","13":"leverandorer-dwyer-en","14":"produkt_kategorier-luftgas-en","15":"produkt_kategorier-flow-en","16":"produkt_kategorier-air-flow-in-duct","17":"produktomraader-flow-en","18":"produktomraader-flow-maaling-en","20":"first","21":"instock","22":"shipping-taxable","23":"product-type-simple"},"acf":[],"_links":{"self":[{"href":"https:\/\/summit.dk\/en\/wp-json\/wp\/v2\/product\/2793","targetHints":{"allow":["GET"]}}],"collection":[{"href":"https:\/\/summit.dk\/en\/wp-json\/wp\/v2\/product"}],"about":[{"href":"https:\/\/summit.dk\/en\/wp-json\/wp\/v2\/types\/product"}],"wp:featuredmedia":[{"embeddable":true,"href":"https:\/\/summit.dk\/en\/wp-json\/wp\/v2\/media\/385"}],"wp:attachment":[{"href":"https:\/\/summit.dk\/en\/wp-json\/wp\/v2\/media?parent=2793"}],"wp:term":[{"taxonomy":"brancher","embeddable":true,"href":"https:\/\/summit.dk\/en\/wp-json\/wp\/v2\/brancher?post=2793"},{"taxonomy":"leverandorer","embeddable":true,"href":"https:\/\/summit.dk\/en\/wp-json\/wp\/v2\/leverandorer?post=2793"},{"taxonomy":"produkt_kategorier","embeddable":true,"href":"https:\/\/summit.dk\/en\/wp-json\/wp\/v2\/produkt_kategorier?post=2793"},{"taxonomy":"produktomraader","embeddable":true,"href":"https:\/\/summit.dk\/en\/wp-json\/wp\/v2\/produktomraader?post=2793"},{"taxonomy":"product_brand","embeddable":true,"href":"https:\/\/summit.dk\/en\/wp-json\/wp\/v2\/product_brand?post=2793"},{"taxonomy":"product_cat","embeddable":true,"href":"https:\/\/summit.dk\/en\/wp-json\/wp\/v2\/product_cat?post=2793"},{"taxonomy":"product_tag","embeddable":true,"href":"https:\/\/summit.dk\/en\/wp-json\/wp\/v2\/product_tag?post=2793"}],"curies":[{"name":"wp","href":"https:\/\/api.w.org\/{rel}","templated":true}]}}