{"id":2790,"date":"2019-10-29T07:35:51","date_gmt":"2019-10-29T07:35:51","guid":{"rendered":"https:\/\/summit.dk\/produkter\/lb-471\/"},"modified":"2019-10-29T07:35:52","modified_gmt":"2019-10-29T07:35:52","slug":"lb-471","status":"publish","type":"product","link":"https:\/\/summit.dk\/en\/vare\/lb-471\/","title":{"rendered":"LB 471"},"content":{"rendered":"<p><span lang=\"da\">M\u00e5lesystemet LB 471 anvendes til m\u00e5ling punkt niveau , der giver enten h\u00f8j eller lav niveau alarm . Mini -Switch LB 471 f\u00e5s med gennempr\u00f8vet 2 -leder teknologi. M\u00e5lesystemet indeholder en separat evalueringsenhed , sikrer nem kalibrering og drift procedurer samt den lokale visning af m\u00e5leresultater . Mini -Switch LB 471 kan betjenes med tre forskellige detektortyper : <\/span><\/p>\n<p><span lang=\"da\">\u2022 Geiger-M\u00fcller-r\u00f8r <\/span><\/p>\n<p><span lang=\"da\">\u2022 CrystalSENS NaI punkt detektor <\/span><\/p>\n<p><span lang=\"da\">\u2022 SuperSENS high- detektor<\/span><\/p>\n","protected":false},"excerpt":{"rendered":"<p>M\u00e5lesystemet LB 471 anvendes til m\u00e5ling punkt niveau , der giver enten h\u00f8j eller lav niveau alarm . Mini -Switch LB 471 f\u00e5s med gennempr\u00f8vet 2 -leder teknologi. M\u00e5lesystemet indeholder&#8230;<\/p>\n","protected":false},"featured_media":4797,"template":"","meta":{"_acf_changed":false,"_nectar_blocks_hide_post_title":false,"_nectar_blocks_transparent_header_effect":false,"_nectar_blocks_transparent_header_effect_color":"light","_nectar_blocks_header_animation":false,"_nectar_blocks_header_animation_delay":0,"_nectar_blocks_header_animation_effect":"fade","_nectar_blocks_page_css":"","_nectar_blocks_page_js":""},"brancher":[444,446,471,551],"leverandorer":[397],"produkt_kategorier":[601,602],"produktomraader":[544,583],"product_brand":[],"product_cat":[],"product_tag":[],"class_list":{"0":"post-2790","1":"product","2":"type-product","3":"status-publish","4":"has-post-thumbnail","6":"brancher-industri-en","7":"brancher-offshore-en","8":"brancher-foodpharma-en","9":"brancher-offshore-petro-kemi","10":"leverandorer-berthold-technologies-gmbh-en","11":"produkt_kategorier-niveau-en","12":"produkt_kategorier-switch-en","13":"produktomraader-level","14":"produktomraader-niveau-switch-en","16":"first","17":"instock","18":"shipping-taxable","19":"product-type-simple"},"acf":[],"_links":{"self":[{"href":"https:\/\/summit.dk\/en\/wp-json\/wp\/v2\/product\/2790","targetHints":{"allow":["GET"]}}],"collection":[{"href":"https:\/\/summit.dk\/en\/wp-json\/wp\/v2\/product"}],"about":[{"href":"https:\/\/summit.dk\/en\/wp-json\/wp\/v2\/types\/product"}],"wp:featuredmedia":[{"embeddable":true,"href":"https:\/\/summit.dk\/en\/wp-json\/wp\/v2\/media\/4797"}],"wp:attachment":[{"href":"https:\/\/summit.dk\/en\/wp-json\/wp\/v2\/media?parent=2790"}],"wp:term":[{"taxonomy":"brancher","embeddable":true,"href":"https:\/\/summit.dk\/en\/wp-json\/wp\/v2\/brancher?post=2790"},{"taxonomy":"leverandorer","embeddable":true,"href":"https:\/\/summit.dk\/en\/wp-json\/wp\/v2\/leverandorer?post=2790"},{"taxonomy":"produkt_kategorier","embeddable":true,"href":"https:\/\/summit.dk\/en\/wp-json\/wp\/v2\/produkt_kategorier?post=2790"},{"taxonomy":"produktomraader","embeddable":true,"href":"https:\/\/summit.dk\/en\/wp-json\/wp\/v2\/produktomraader?post=2790"},{"taxonomy":"product_brand","embeddable":true,"href":"https:\/\/summit.dk\/en\/wp-json\/wp\/v2\/product_brand?post=2790"},{"taxonomy":"product_cat","embeddable":true,"href":"https:\/\/summit.dk\/en\/wp-json\/wp\/v2\/product_cat?post=2790"},{"taxonomy":"product_tag","embeddable":true,"href":"https:\/\/summit.dk\/en\/wp-json\/wp\/v2\/product_tag?post=2790"}],"curies":[{"name":"wp","href":"https:\/\/api.w.org\/{rel}","templated":true}]}}