{"id":2789,"date":"2019-10-29T07:35:25","date_gmt":"2019-10-29T07:35:25","guid":{"rendered":"https:\/\/summit.dk\/produkter\/lb-442-bulk-flow-meter\/"},"modified":"2019-10-29T07:35:25","modified_gmt":"2019-10-29T07:35:25","slug":"lb-442-bulk-flow-meter","status":"publish","type":"product","link":"https:\/\/summit.dk\/en\/vare\/lb-442-bulk-flow-meter\/","title":{"rendered":"LB 442 Bulk Flow Meter"},"content":{"rendered":"<p><span lang=\"da\">LB 442 massestr\u00f8mnings system bruges til pr\u00e6cis bestemmelse af massestr\u00f8m i bulk industrien.<\/span><\/p>\n<p><span lang=\"da\"> Der er ikke-p\u00e5tr\u00e6ngende radiometrisk b\u00e5ndv\u00e6gt karakteriseret ved en fremragende n\u00f8jagtighed og p\u00e5lidelighed. LB 442 er meget robust uden bev\u00e6gelige dele. <\/span><\/p>\n<p><span lang=\"da\">Vedligeholdelse er ikke p\u00e5kr\u00e6vet. <\/span><\/p>\n<p>Flowm\u00e5ler LB 442 kan monteres direkte efter bunkers, rutchebane, transportb\u00e5nd eller overf\u00f8rselssystemer . LB 442 giver m\u00e5leresultater p\u00e5 den aktuelle massestr\u00f8m , det totalt producerede masse og anvendes i kombination med en fugtighedsm\u00e5ling at bestemme transporterede t\u00f8rv\u00e6gt online.<\/p>\n","protected":false},"excerpt":{"rendered":"<p>LB 442 massestr\u00f8mnings system bruges til pr\u00e6cis bestemmelse af massestr\u00f8m i bulk industrien. Der er ikke-p\u00e5tr\u00e6ngende radiometrisk b\u00e5ndv\u00e6gt karakteriseret ved en fremragende n\u00f8jagtighed og p\u00e5lidelighed. LB 442 er meget robust&#8230;<\/p>\n","protected":false},"featured_media":4771,"template":"","meta":{"_acf_changed":false,"_nectar_blocks_hide_post_title":false,"_nectar_blocks_transparent_header_effect":false,"_nectar_blocks_transparent_header_effect_color":"light","_nectar_blocks_header_animation":false,"_nectar_blocks_header_animation_delay":0,"_nectar_blocks_header_animation_effect":"fade","_nectar_blocks_page_css":"","_nectar_blocks_page_js":""},"brancher":[444,445,446,550,551],"leverandorer":[397],"produkt_kategorier":[430,607],"produktomraader":[545,565],"product_brand":[],"product_cat":[],"product_tag":[],"class_list":{"0":"post-2789","1":"product","2":"type-product","3":"status-publish","4":"has-post-thumbnail","6":"brancher-industri-en","7":"brancher-marine-en","8":"brancher-offshore-en","9":"brancher-landbrug-en","10":"brancher-offshore-petro-kemi","11":"leverandorer-berthold-technologies-gmbh-en","12":"produkt_kategorier-flow-en","13":"produkt_kategorier-masseflow-bulk","14":"produktomraader-flow-en","15":"produktomraader-bulk-flow-en","17":"first","18":"instock","19":"shipping-taxable","20":"product-type-simple"},"acf":[],"_links":{"self":[{"href":"https:\/\/summit.dk\/en\/wp-json\/wp\/v2\/product\/2789","targetHints":{"allow":["GET"]}}],"collection":[{"href":"https:\/\/summit.dk\/en\/wp-json\/wp\/v2\/product"}],"about":[{"href":"https:\/\/summit.dk\/en\/wp-json\/wp\/v2\/types\/product"}],"wp:featuredmedia":[{"embeddable":true,"href":"https:\/\/summit.dk\/en\/wp-json\/wp\/v2\/media\/4771"}],"wp:attachment":[{"href":"https:\/\/summit.dk\/en\/wp-json\/wp\/v2\/media?parent=2789"}],"wp:term":[{"taxonomy":"brancher","embeddable":true,"href":"https:\/\/summit.dk\/en\/wp-json\/wp\/v2\/brancher?post=2789"},{"taxonomy":"leverandorer","embeddable":true,"href":"https:\/\/summit.dk\/en\/wp-json\/wp\/v2\/leverandorer?post=2789"},{"taxonomy":"produkt_kategorier","embeddable":true,"href":"https:\/\/summit.dk\/en\/wp-json\/wp\/v2\/produkt_kategorier?post=2789"},{"taxonomy":"produktomraader","embeddable":true,"href":"https:\/\/summit.dk\/en\/wp-json\/wp\/v2\/produktomraader?post=2789"},{"taxonomy":"product_brand","embeddable":true,"href":"https:\/\/summit.dk\/en\/wp-json\/wp\/v2\/product_brand?post=2789"},{"taxonomy":"product_cat","embeddable":true,"href":"https:\/\/summit.dk\/en\/wp-json\/wp\/v2\/product_cat?post=2789"},{"taxonomy":"product_tag","embeddable":true,"href":"https:\/\/summit.dk\/en\/wp-json\/wp\/v2\/product_tag?post=2789"}],"curies":[{"name":"wp","href":"https:\/\/api.w.org\/{rel}","templated":true}]}}