{"id":2786,"date":"2019-10-29T07:34:38","date_gmt":"2019-10-29T07:34:38","guid":{"rendered":"https:\/\/summit.dk\/produkter\/gtx-differenstrykstransmitter\/"},"modified":"2019-10-29T07:34:39","modified_gmt":"2019-10-29T07:34:39","slug":"gtx-differenstrykstransmitter","status":"publish","type":"product","link":"https:\/\/summit.dk\/en\/vare\/gtx-differenstrykstransmitter\/","title":{"rendered":"GTX Differenstrykstransmitter"},"content":{"rendered":"<p>GTX serien af avancerede differenstrykstransmittere er et mikroprocessor baseret instrument , der giver en h\u00f8j ydelse og fremragende stabilitet.<\/p>\n<p>M\u00e5ler p\u00e5 gasser, v\u00e6sker, damp og kan anvendes til niveaum\u00e5ling i f.eks. tanke, output er 4 til 20 mA 2-tr\u00e5ds.<\/p>\n<p>Instrumentet (differenstryktransmitteren) kan leveres med HART \u00ae protokol til konfigurering af instrumentet.<\/p>\n<p>Tryktransmitteren er desuden ATEX godkendt<\/p>\n<p>&nbsp;<\/p>\n","protected":false},"excerpt":{"rendered":"<p>GTX serien af avancerede differenstrykstransmittere er et mikroprocessor baseret instrument , der giver en h\u00f8j ydelse og fremragende stabilitet. M\u00e5ler p\u00e5 gasser, v\u00e6sker, damp og kan anvendes til niveaum\u00e5ling i&#8230;<\/p>\n","protected":false},"featured_media":298,"template":"","meta":{"_acf_changed":false,"_nectar_blocks_hide_post_title":false,"_nectar_blocks_transparent_header_effect":false,"_nectar_blocks_transparent_header_effect_color":"light","_nectar_blocks_header_animation":false,"_nectar_blocks_header_animation_delay":0,"_nectar_blocks_header_animation_effect":"fade","_nectar_blocks_page_css":"","_nectar_blocks_page_js":""},"brancher":[443,444,445,446,471,550,551,598],"leverandorer":[396],"produkt_kategorier":[412,429,614],"produktomraader":[539,584,586,587],"product_brand":[],"product_cat":[],"product_tag":[],"class_list":{"0":"post-2786","1":"product","2":"type-product","3":"status-publish","4":"has-post-thumbnail","6":"brancher-hydraulic-en","7":"brancher-industri-en","8":"brancher-marine-en","9":"brancher-offshore-en","10":"brancher-foodpharma-en","11":"brancher-landbrug-en","12":"brancher-offshore-petro-kemi","13":"brancher-ventilation-en","14":"leverandorer-azbil-en","15":"produkt_kategorier-tryk-en","16":"produkt_kategorier-differential","17":"produkt_kategorier-relativ-absolut-en","18":"produktomraader-pressure","19":"produktomraader-absolut-trykmaaling-en","20":"produktomraader-differenstryk-en","21":"produktomraader-gauge-trykmaaling-en","23":"first","24":"instock","25":"shipping-taxable","26":"product-type-simple"},"acf":[],"_links":{"self":[{"href":"https:\/\/summit.dk\/en\/wp-json\/wp\/v2\/product\/2786","targetHints":{"allow":["GET"]}}],"collection":[{"href":"https:\/\/summit.dk\/en\/wp-json\/wp\/v2\/product"}],"about":[{"href":"https:\/\/summit.dk\/en\/wp-json\/wp\/v2\/types\/product"}],"wp:featuredmedia":[{"embeddable":true,"href":"https:\/\/summit.dk\/en\/wp-json\/wp\/v2\/media\/298"}],"wp:attachment":[{"href":"https:\/\/summit.dk\/en\/wp-json\/wp\/v2\/media?parent=2786"}],"wp:term":[{"taxonomy":"brancher","embeddable":true,"href":"https:\/\/summit.dk\/en\/wp-json\/wp\/v2\/brancher?post=2786"},{"taxonomy":"leverandorer","embeddable":true,"href":"https:\/\/summit.dk\/en\/wp-json\/wp\/v2\/leverandorer?post=2786"},{"taxonomy":"produkt_kategorier","embeddable":true,"href":"https:\/\/summit.dk\/en\/wp-json\/wp\/v2\/produkt_kategorier?post=2786"},{"taxonomy":"produktomraader","embeddable":true,"href":"https:\/\/summit.dk\/en\/wp-json\/wp\/v2\/produktomraader?post=2786"},{"taxonomy":"product_brand","embeddable":true,"href":"https:\/\/summit.dk\/en\/wp-json\/wp\/v2\/product_brand?post=2786"},{"taxonomy":"product_cat","embeddable":true,"href":"https:\/\/summit.dk\/en\/wp-json\/wp\/v2\/product_cat?post=2786"},{"taxonomy":"product_tag","embeddable":true,"href":"https:\/\/summit.dk\/en\/wp-json\/wp\/v2\/product_tag?post=2786"}],"curies":[{"name":"wp","href":"https:\/\/api.w.org\/{rel}","templated":true}]}}