{"id":2785,"date":"2019-10-29T07:34:08","date_gmt":"2019-10-29T07:34:08","guid":{"rendered":"https:\/\/summit.dk\/produkter\/green-pumps\/"},"modified":"2019-10-29T07:34:10","modified_gmt":"2019-10-29T07:34:10","slug":"green-pumps","status":"publish","type":"product","link":"https:\/\/summit.dk\/en\/vare\/green-pumps\/","title":{"rendered":"Green Pumps"},"content":{"rendered":"<p>Green Pump type GPCTA<\/p>\n<p>Nyudviklet Low NPSH(R) pumpe fra Copenhagen Pump.<\/p>\n<p>Den magnetkoblede pumpel\u00f8sning Green Pumps type GPCTA, best\u00e5r af et centrifugalpumpehjul i f\u00f8rste trin som sikrer lav NPSH v\u00e6rdi og det eller de efterf\u00f8lende l\u00f8behjul udf\u00f8res som sidekanalhjul og sikrer pumpen stor l\u00f8fteh\u00f8jde.<\/p>\n<p>Pumpetypen er udviklede til opgaver hvor der stilles sk\u00e6rpede krav i form af temperatur, tryk og ikke mindst mediets farlighed. Magnetkoblingen eliminerer komplicerede pakd\u00e5sel\u00f8sninger.<\/p>\n<p>Typisk anvendelse er for pumpen er opgave til flydende gasser dvs. typisk varme v\u00e6sker under h\u00f8jt tryk p\u00e5 v\u00e6skeform. En typisk opgave kan v\u00e6re kedelcirkulationspumper eller pumper til vandindspr\u00f8jtning af overhedere i forbindelse med kraftv\u00e6rkskedler.<\/p>\n<p>&nbsp;<\/p>\n<p>H\u00f8jtemperatur udf\u00f8relse for 315-450 C evt. iht API 685<\/p>\n<p>&nbsp;<\/p>\n<p><strong>Food og Pharma pumper<\/strong><\/p>\n<p>Green pump har udviklet en sanit\u00e6r vers ion af pumpen GPTA \u2013Sanitary.<\/p>\n<p>Pumpen er \u201dmirror polished\u201d til Ra 0,6 og forsynet med materialecertifikater s\u00e5 den lever op til kravene i EN 1935.<\/p>\n<p>Den pumpe anvendes typisk i CIP- applikationer hvor der stilles krav om lav NPSH h\u00f8j temperatur og hvor man i det hele taget har behov for en stabil pumpe under ugunstige driftsforhold.<\/p>\n<p>Teknologien kan som noget unikt h\u00e5ndtere v\u00e6sker med gasindhold op til 20%, hvilket absolut ikke er urealistisk ved CIP opgaver hvor man ofte arbejder under delvis kavitation.<\/p>\n<p>&nbsp;<\/p>\n<p>Billede GPTA sanitary<\/p>\n<p>&nbsp;<\/p>\n","protected":false},"excerpt":{"rendered":"<p>Green Pump type GPCTA Nyudviklet Low NPSH(R) pumpe fra Copenhagen Pump. Den magnetkoblede pumpel\u00f8sning Green Pumps type GPCTA, best\u00e5r af et centrifugalpumpehjul i f\u00f8rste trin som sikrer lav NPSH v\u00e6rdi&#8230;<\/p>\n","protected":false},"featured_media":312,"template":"","meta":{"_acf_changed":false,"_nectar_blocks_hide_post_title":false,"_nectar_blocks_transparent_header_effect":false,"_nectar_blocks_transparent_header_effect_color":"light","_nectar_blocks_header_animation":false,"_nectar_blocks_header_animation_delay":0,"_nectar_blocks_header_animation_effect":"fade","_nectar_blocks_page_css":"","_nectar_blocks_page_js":""},"brancher":[444,445,446,471,551,598],"leverandorer":[],"produkt_kategorier":[427],"produktomraader":[],"product_brand":[],"product_cat":[],"product_tag":[],"class_list":{"0":"post-2785","1":"product","2":"type-product","3":"status-publish","4":"has-post-thumbnail","6":"brancher-industri-en","7":"brancher-marine-en","8":"brancher-offshore-en","9":"brancher-foodpharma-en","10":"brancher-offshore-petro-kemi","11":"brancher-ventilation-en","12":"produkt_kategorier-pumps","14":"first","15":"instock","16":"shipping-taxable","17":"product-type-simple"},"acf":[],"_links":{"self":[{"href":"https:\/\/summit.dk\/en\/wp-json\/wp\/v2\/product\/2785","targetHints":{"allow":["GET"]}}],"collection":[{"href":"https:\/\/summit.dk\/en\/wp-json\/wp\/v2\/product"}],"about":[{"href":"https:\/\/summit.dk\/en\/wp-json\/wp\/v2\/types\/product"}],"wp:featuredmedia":[{"embeddable":true,"href":"https:\/\/summit.dk\/en\/wp-json\/wp\/v2\/media\/312"}],"wp:attachment":[{"href":"https:\/\/summit.dk\/en\/wp-json\/wp\/v2\/media?parent=2785"}],"wp:term":[{"taxonomy":"brancher","embeddable":true,"href":"https:\/\/summit.dk\/en\/wp-json\/wp\/v2\/brancher?post=2785"},{"taxonomy":"leverandorer","embeddable":true,"href":"https:\/\/summit.dk\/en\/wp-json\/wp\/v2\/leverandorer?post=2785"},{"taxonomy":"produkt_kategorier","embeddable":true,"href":"https:\/\/summit.dk\/en\/wp-json\/wp\/v2\/produkt_kategorier?post=2785"},{"taxonomy":"produktomraader","embeddable":true,"href":"https:\/\/summit.dk\/en\/wp-json\/wp\/v2\/produktomraader?post=2785"},{"taxonomy":"product_brand","embeddable":true,"href":"https:\/\/summit.dk\/en\/wp-json\/wp\/v2\/product_brand?post=2785"},{"taxonomy":"product_cat","embeddable":true,"href":"https:\/\/summit.dk\/en\/wp-json\/wp\/v2\/product_cat?post=2785"},{"taxonomy":"product_tag","embeddable":true,"href":"https:\/\/summit.dk\/en\/wp-json\/wp\/v2\/product_tag?post=2785"}],"curies":[{"name":"wp","href":"https:\/\/api.w.org\/{rel}","templated":true}]}}