{"id":2781,"date":"2019-10-29T07:32:32","date_gmt":"2019-10-29T07:32:32","guid":{"rendered":"https:\/\/summit.dk\/produkter\/dwyer-series-1950-atex-godkendt-differenstrykspressostat\/"},"modified":"2019-10-29T07:32:32","modified_gmt":"2019-10-29T07:32:32","slug":"dwyer-series-1950-atex-godkendt-differenstrykspressostat","status":"publish","type":"product","link":"https:\/\/summit.dk\/en\/vare\/dwyer-series-1950-atex-godkendt-differenstrykspressostat\/","title":{"rendered":"Dwyer- Series 1950 Atex godkendt Differenstrykspressostat"},"content":{"rendered":"<p><span lang=\"da\">SERIE 1950 Eksplosionssikker Differentialtryks Switch kombinerer de bedste funktioner fra den popul\u00e6re Dwyer\u00ae Series 1900 Pressure switch med en integreret eksplosion sikret og vejrbestandigt hus, hvilket g\u00f8r det til et enest\u00e5ende produkt. Det er CE, UL og CSA listet, FM godkendt til brug i klasse I, division 1, gruppe C og D, klasse II gruppe E, F og G og klasse III farlige atmosf\u00e6rer (NEMA 7 &amp; 9), Raintight NEMA 3 ( IP54). Vejrbestandige funktioner omfatter en bundprop og O-ring. Elektriske forbindelser er nemt fremkommelige og g\u00f8res ved at fjerne frontd\u00e6kslet. For nemhedens skyld er setpunktet (justeringsskruen) placeret p\u00e5 ydersiden af \u200b\u200bhuset. Tolv modeller tilbyder setpunkter 0,03-20 i wc (0,0075 til 5 kPa) og fra 0,5 til 50 psi (0,035 til 3,5 bar). Enheden er meget let og kompakt &#8211; omkring halvdelen af \u200b\u200bv\u00e6gten og hovedparten af \u200b\u200bandre eksplosions eller vejrbestandige switches. <\/span><\/p>\n<p><span lang=\"da\">ADVARSEL: Kun til brug med luft eller kompatible gasser. <\/span><\/p>\n","protected":false},"excerpt":{"rendered":"<p>SERIE 1950 Eksplosionssikker Differentialtryks Switch kombinerer de bedste funktioner fra den popul\u00e6re Dwyer\u00ae Series 1900 Pressure switch med en integreret eksplosion sikret og vejrbestandigt hus, hvilket g\u00f8r det til et&#8230;<\/p>\n","protected":false},"featured_media":453,"template":"","meta":{"_acf_changed":false,"_nectar_blocks_hide_post_title":false,"_nectar_blocks_transparent_header_effect":false,"_nectar_blocks_transparent_header_effect_color":"light","_nectar_blocks_header_animation":false,"_nectar_blocks_header_animation_delay":0,"_nectar_blocks_header_animation_effect":"fade","_nectar_blocks_page_css":"","_nectar_blocks_page_js":""},"brancher":[444,445,446,551,598],"leverandorer":[332],"produkt_kategorier":[412,413,429,430,438,601,602],"produktomraader":[539,588],"product_brand":[],"product_cat":[],"product_tag":[],"class_list":{"0":"post-2781","1":"product","2":"type-product","3":"status-publish","4":"has-post-thumbnail","6":"brancher-industri-en","7":"brancher-marine-en","8":"brancher-offshore-en","9":"brancher-offshore-petro-kemi","10":"brancher-ventilation-en","11":"leverandorer-dwyer-en","12":"produkt_kategorier-tryk-en","13":"produkt_kategorier-luftgas-en","14":"produkt_kategorier-differential","15":"produkt_kategorier-flow-en","16":"produkt_kategorier-differenstryktransmitter-en","17":"produkt_kategorier-niveau-en","18":"produkt_kategorier-switch-en","19":"produktomraader-pressure","20":"produktomraader-pressostat-en","22":"first","23":"instock","24":"shipping-taxable","25":"product-type-simple"},"acf":[],"_links":{"self":[{"href":"https:\/\/summit.dk\/en\/wp-json\/wp\/v2\/product\/2781","targetHints":{"allow":["GET"]}}],"collection":[{"href":"https:\/\/summit.dk\/en\/wp-json\/wp\/v2\/product"}],"about":[{"href":"https:\/\/summit.dk\/en\/wp-json\/wp\/v2\/types\/product"}],"wp:featuredmedia":[{"embeddable":true,"href":"https:\/\/summit.dk\/en\/wp-json\/wp\/v2\/media\/453"}],"wp:attachment":[{"href":"https:\/\/summit.dk\/en\/wp-json\/wp\/v2\/media?parent=2781"}],"wp:term":[{"taxonomy":"brancher","embeddable":true,"href":"https:\/\/summit.dk\/en\/wp-json\/wp\/v2\/brancher?post=2781"},{"taxonomy":"leverandorer","embeddable":true,"href":"https:\/\/summit.dk\/en\/wp-json\/wp\/v2\/leverandorer?post=2781"},{"taxonomy":"produkt_kategorier","embeddable":true,"href":"https:\/\/summit.dk\/en\/wp-json\/wp\/v2\/produkt_kategorier?post=2781"},{"taxonomy":"produktomraader","embeddable":true,"href":"https:\/\/summit.dk\/en\/wp-json\/wp\/v2\/produktomraader?post=2781"},{"taxonomy":"product_brand","embeddable":true,"href":"https:\/\/summit.dk\/en\/wp-json\/wp\/v2\/product_brand?post=2781"},{"taxonomy":"product_cat","embeddable":true,"href":"https:\/\/summit.dk\/en\/wp-json\/wp\/v2\/product_cat?post=2781"},{"taxonomy":"product_tag","embeddable":true,"href":"https:\/\/summit.dk\/en\/wp-json\/wp\/v2\/product_tag?post=2781"}],"curies":[{"name":"wp","href":"https:\/\/api.w.org\/{rel}","templated":true}]}}