{"id":2780,"date":"2019-10-29T07:32:07","date_gmt":"2019-10-29T07:32:07","guid":{"rendered":"https:\/\/summit.dk\/produkter\/dwyer-vfc-og-vfc-ii-va-flowmeter\/"},"modified":"2019-10-29T07:32:08","modified_gmt":"2019-10-29T07:32:08","slug":"dwyer-vfc-og-vfc-ii-va-flowmeter","status":"publish","type":"product","link":"https:\/\/summit.dk\/en\/vare\/dwyer-vfc-og-vfc-ii-va-flowmeter\/","title":{"rendered":"Dwyer VFC og VFC II Va flowmeter"},"content":{"rendered":"<p dir=\"LTR\" style=\"text-align: left;\" align=\"LEFT\">Flowm\u00e5lere for gasser eller v\u00e6sker. Hus i Akryl plastic. Anvendes generelt<\/p>\n<p dir=\"LTR\" style=\"text-align: left;\" align=\"LEFT\">Anvendes b\u00e5de for gasser (fra 60 til 700 l\/min.) og v\u00e6sker (fra 2 til 20 l\/min)<\/p>\n<p dir=\"LTR\" style=\"text-align: left;\" align=\"LEFT\">Tilslutning: VFC, 1&#8243; NPT muffe, VFC II, 1&#8243; NPT nippel<\/p>\n<p style=\"text-align: left;\">Model VFC med 5&#8243; skala<\/p>\n","protected":false},"excerpt":{"rendered":"<p>Flowm\u00e5lere for gasser eller v\u00e6sker. Hus i Akryl plastic. Anvendes generelt Anvendes b\u00e5de for gasser (fra 60 til 700 l\/min.) og v\u00e6sker (fra 2 til 20 l\/min) Tilslutning: VFC, 1&#8243;&#8230;<\/p>\n","protected":false},"featured_media":339,"template":"","meta":{"_acf_changed":false,"_nectar_blocks_hide_post_title":false,"_nectar_blocks_transparent_header_effect":false,"_nectar_blocks_transparent_header_effect_color":"light","_nectar_blocks_header_animation":false,"_nectar_blocks_header_animation_delay":0,"_nectar_blocks_header_animation_effect":"fade","_nectar_blocks_page_css":"","_nectar_blocks_page_js":""},"brancher":[443,444,445,446,471,551],"leverandorer":[332],"produkt_kategorier":[413,421,430],"produktomraader":[545,566],"product_brand":[],"product_cat":[],"product_tag":[],"class_list":{"0":"post-2780","1":"product","2":"type-product","3":"status-publish","4":"has-post-thumbnail","6":"brancher-hydraulic-en","7":"brancher-industri-en","8":"brancher-marine-en","9":"brancher-offshore-en","10":"brancher-foodpharma-en","11":"brancher-offshore-petro-kemi","12":"leverandorer-dwyer-en","13":"produkt_kategorier-luftgas-en","14":"produkt_kategorier-liquid","15":"produkt_kategorier-flow-en","16":"produktomraader-flow-en","17":"produktomraader-flow-maaling-en","19":"first","20":"instock","21":"shipping-taxable","22":"product-type-simple"},"acf":[],"_links":{"self":[{"href":"https:\/\/summit.dk\/en\/wp-json\/wp\/v2\/product\/2780","targetHints":{"allow":["GET"]}}],"collection":[{"href":"https:\/\/summit.dk\/en\/wp-json\/wp\/v2\/product"}],"about":[{"href":"https:\/\/summit.dk\/en\/wp-json\/wp\/v2\/types\/product"}],"wp:featuredmedia":[{"embeddable":true,"href":"https:\/\/summit.dk\/en\/wp-json\/wp\/v2\/media\/339"}],"wp:attachment":[{"href":"https:\/\/summit.dk\/en\/wp-json\/wp\/v2\/media?parent=2780"}],"wp:term":[{"taxonomy":"brancher","embeddable":true,"href":"https:\/\/summit.dk\/en\/wp-json\/wp\/v2\/brancher?post=2780"},{"taxonomy":"leverandorer","embeddable":true,"href":"https:\/\/summit.dk\/en\/wp-json\/wp\/v2\/leverandorer?post=2780"},{"taxonomy":"produkt_kategorier","embeddable":true,"href":"https:\/\/summit.dk\/en\/wp-json\/wp\/v2\/produkt_kategorier?post=2780"},{"taxonomy":"produktomraader","embeddable":true,"href":"https:\/\/summit.dk\/en\/wp-json\/wp\/v2\/produktomraader?post=2780"},{"taxonomy":"product_brand","embeddable":true,"href":"https:\/\/summit.dk\/en\/wp-json\/wp\/v2\/product_brand?post=2780"},{"taxonomy":"product_cat","embeddable":true,"href":"https:\/\/summit.dk\/en\/wp-json\/wp\/v2\/product_cat?post=2780"},{"taxonomy":"product_tag","embeddable":true,"href":"https:\/\/summit.dk\/en\/wp-json\/wp\/v2\/product_tag?post=2780"}],"curies":[{"name":"wp","href":"https:\/\/api.w.org\/{rel}","templated":true}]}}