{"id":2779,"date":"2019-10-29T07:31:42","date_gmt":"2019-10-29T07:31:42","guid":{"rendered":"https:\/\/summit.dk\/produkter\/dwyer-vfa-vfb-va-flowmetre\/"},"modified":"2019-10-29T07:31:44","modified_gmt":"2019-10-29T07:31:44","slug":"dwyer-vfa-vfb-va-flowmetre","status":"publish","type":"product","link":"https:\/\/summit.dk\/en\/vare\/dwyer-vfa-vfb-va-flowmetre\/","title":{"rendered":"Dwyer VFA \/ VFB VA flowmetre"},"content":{"rendered":"<p dir=\"LTR\" style=\"text-align: left;\" align=\"LEFT\">Flowm\u00e5lere for gasser eller v\u00e6sker. Maskinbearbejdet hus i Akryl plastic. Ofte anvendt for medicinsk og laboratorie anl\u00e6g. Kan leveres en blok indeholdende op til 10 stk. individuelle flowm\u00e5lere med hver sin ventil om \u00f8nsket.<\/p>\n<p dir=\"LTR\" style=\"text-align: left;\" align=\"LEFT\">Anvendes b\u00e5de for gasser (fra 0,06 til 0,5 l\/min.) og v\u00e6sker (fra 6 til 50 ml\/min)<\/p>\n<p dir=\"LTR\" style=\"text-align: left;\" align=\"LEFT\">Tilslutning: VFA og VFB 1\/8&#8243;,<\/p>\n<p style=\"text-align: left;\">Model VFA med 2&#8243; skala, VFB med 4&#8243; skala<\/p>\n<p style=\"text-align: left;\">Se datablad for m\u00e5leomr\u00e5der.<\/p>\n<p>Se yderligere i video\u00b4en herunder.<\/p>\n<p><iframe loading=\"lazy\" title=\"Series VFA and VFB Visi-Float\u00ae Flowmeter\" width=\"1080\" height=\"608\" src=\"https:\/\/www.youtube.com\/embed\/81zay7XCP2U?list=PLSyjjamZAZCkLoJIFmc8Ty6BN7294eSMQ\" frameborder=\"0\" allow=\"accelerometer; autoplay; clipboard-write; encrypted-media; gyroscope; picture-in-picture; web-share\" referrerpolicy=\"strict-origin-when-cross-origin\" allowfullscreen><\/iframe><\/p>\n","protected":false},"excerpt":{"rendered":"<p>Flowm\u00e5lere for gasser eller v\u00e6sker. Maskinbearbejdet hus i Akryl plastic. Ofte anvendt for medicinsk og laboratorie anl\u00e6g. Kan leveres en blok indeholdende op til 10 stk. individuelle flowm\u00e5lere med hver&#8230;<\/p>\n","protected":false},"featured_media":334,"template":"","meta":{"_acf_changed":false,"_nectar_blocks_hide_post_title":false,"_nectar_blocks_transparent_header_effect":false,"_nectar_blocks_transparent_header_effect_color":"light","_nectar_blocks_header_animation":false,"_nectar_blocks_header_animation_delay":0,"_nectar_blocks_header_animation_effect":"fade","_nectar_blocks_page_css":"","_nectar_blocks_page_js":""},"brancher":[443,444,445,446,471,551],"leverandorer":[332],"produkt_kategorier":[413,421,430],"produktomraader":[545,566],"product_brand":[],"product_cat":[],"product_tag":[],"class_list":{"0":"post-2779","1":"product","2":"type-product","3":"status-publish","4":"has-post-thumbnail","6":"brancher-hydraulic-en","7":"brancher-industri-en","8":"brancher-marine-en","9":"brancher-offshore-en","10":"brancher-foodpharma-en","11":"brancher-offshore-petro-kemi","12":"leverandorer-dwyer-en","13":"produkt_kategorier-luftgas-en","14":"produkt_kategorier-liquid","15":"produkt_kategorier-flow-en","16":"produktomraader-flow-en","17":"produktomraader-flow-maaling-en","19":"first","20":"instock","21":"shipping-taxable","22":"product-type-simple"},"acf":[],"_links":{"self":[{"href":"https:\/\/summit.dk\/en\/wp-json\/wp\/v2\/product\/2779","targetHints":{"allow":["GET"]}}],"collection":[{"href":"https:\/\/summit.dk\/en\/wp-json\/wp\/v2\/product"}],"about":[{"href":"https:\/\/summit.dk\/en\/wp-json\/wp\/v2\/types\/product"}],"wp:featuredmedia":[{"embeddable":true,"href":"https:\/\/summit.dk\/en\/wp-json\/wp\/v2\/media\/334"}],"wp:attachment":[{"href":"https:\/\/summit.dk\/en\/wp-json\/wp\/v2\/media?parent=2779"}],"wp:term":[{"taxonomy":"brancher","embeddable":true,"href":"https:\/\/summit.dk\/en\/wp-json\/wp\/v2\/brancher?post=2779"},{"taxonomy":"leverandorer","embeddable":true,"href":"https:\/\/summit.dk\/en\/wp-json\/wp\/v2\/leverandorer?post=2779"},{"taxonomy":"produkt_kategorier","embeddable":true,"href":"https:\/\/summit.dk\/en\/wp-json\/wp\/v2\/produkt_kategorier?post=2779"},{"taxonomy":"produktomraader","embeddable":true,"href":"https:\/\/summit.dk\/en\/wp-json\/wp\/v2\/produktomraader?post=2779"},{"taxonomy":"product_brand","embeddable":true,"href":"https:\/\/summit.dk\/en\/wp-json\/wp\/v2\/product_brand?post=2779"},{"taxonomy":"product_cat","embeddable":true,"href":"https:\/\/summit.dk\/en\/wp-json\/wp\/v2\/product_cat?post=2779"},{"taxonomy":"product_tag","embeddable":true,"href":"https:\/\/summit.dk\/en\/wp-json\/wp\/v2\/product_tag?post=2779"}],"curies":[{"name":"wp","href":"https:\/\/api.w.org\/{rel}","templated":true}]}}