{"id":2772,"date":"2019-10-29T07:29:18","date_gmt":"2019-10-29T07:29:18","guid":{"rendered":"https:\/\/summit.dk\/produkter\/dwyer-sblt2-sbltx-neddykbar-level-transmitter\/"},"modified":"2019-10-29T07:29:21","modified_gmt":"2019-10-29T07:29:21","slug":"dwyer-sblt2-sbltx-neddykbar-level-transmitter","status":"publish","type":"product","link":"https:\/\/summit.dk\/en\/vare\/dwyer-sblt2-sbltx-neddykbar-level-transmitter\/","title":{"rendered":"Dwyer SBLT2 &amp; SBLTX Neddykbar Level Transmitter"},"content":{"rendered":"<p>SBLT2 &#8211; Neddykbar niveautransmitter anvendes i br\u00f8nde, boringer, tanke osv. Enkel niveaum\u00e5ling &#8211; m\u00e5ler v\u00e6skes\u00f8jlen med reference til atm. tryk.<br \/>\nUdgang 4-20mA. Kan leveres med \u00f8nsket kabell\u00e6ngder.<br \/>\nHus udf\u00f8rt i Rustfri 316SS.<\/p>\n","protected":false},"excerpt":{"rendered":"<p>SBLT2 &#8211; Neddykbar niveautransmitter anvendes i br\u00f8nde, boringer, tanke osv. Enkel niveaum\u00e5ling &#8211; m\u00e5ler v\u00e6skes\u00f8jlen med reference til atm. tryk. Udgang 4-20mA. Kan leveres med \u00f8nsket kabell\u00e6ngder. Hus udf\u00f8rt i&#8230;<\/p>\n","protected":false},"featured_media":1159,"template":"","meta":{"_acf_changed":false,"_nectar_blocks_hide_post_title":false,"_nectar_blocks_transparent_header_effect":false,"_nectar_blocks_transparent_header_effect_color":"light","_nectar_blocks_header_animation":false,"_nectar_blocks_header_animation_delay":0,"_nectar_blocks_header_animation_effect":"fade","_nectar_blocks_page_css":"","_nectar_blocks_page_js":""},"brancher":[443,444,445,446,550,551],"leverandorer":[332],"produkt_kategorier":[601,611],"produktomraader":[544,582],"product_brand":[],"product_cat":[],"product_tag":[],"class_list":{"0":"post-2772","1":"product","2":"type-product","3":"status-publish","4":"has-post-thumbnail","6":"brancher-hydraulic-en","7":"brancher-industri-en","8":"brancher-marine-en","9":"brancher-offshore-en","10":"brancher-landbrug-en","11":"brancher-offshore-petro-kemi","12":"leverandorer-dwyer-en","13":"produkt_kategorier-niveau-en","14":"produkt_kategorier-analog-maaling-en","15":"produktomraader-level","16":"produktomraader-niveau-maaling-en","18":"first","19":"instock","20":"shipping-taxable","21":"product-type-simple"},"acf":[],"_links":{"self":[{"href":"https:\/\/summit.dk\/en\/wp-json\/wp\/v2\/product\/2772","targetHints":{"allow":["GET"]}}],"collection":[{"href":"https:\/\/summit.dk\/en\/wp-json\/wp\/v2\/product"}],"about":[{"href":"https:\/\/summit.dk\/en\/wp-json\/wp\/v2\/types\/product"}],"wp:featuredmedia":[{"embeddable":true,"href":"https:\/\/summit.dk\/en\/wp-json\/wp\/v2\/media\/1159"}],"wp:attachment":[{"href":"https:\/\/summit.dk\/en\/wp-json\/wp\/v2\/media?parent=2772"}],"wp:term":[{"taxonomy":"brancher","embeddable":true,"href":"https:\/\/summit.dk\/en\/wp-json\/wp\/v2\/brancher?post=2772"},{"taxonomy":"leverandorer","embeddable":true,"href":"https:\/\/summit.dk\/en\/wp-json\/wp\/v2\/leverandorer?post=2772"},{"taxonomy":"produkt_kategorier","embeddable":true,"href":"https:\/\/summit.dk\/en\/wp-json\/wp\/v2\/produkt_kategorier?post=2772"},{"taxonomy":"produktomraader","embeddable":true,"href":"https:\/\/summit.dk\/en\/wp-json\/wp\/v2\/produktomraader?post=2772"},{"taxonomy":"product_brand","embeddable":true,"href":"https:\/\/summit.dk\/en\/wp-json\/wp\/v2\/product_brand?post=2772"},{"taxonomy":"product_cat","embeddable":true,"href":"https:\/\/summit.dk\/en\/wp-json\/wp\/v2\/product_cat?post=2772"},{"taxonomy":"product_tag","embeddable":true,"href":"https:\/\/summit.dk\/en\/wp-json\/wp\/v2\/product_tag?post=2772"}],"curies":[{"name":"wp","href":"https:\/\/api.w.org\/{rel}","templated":true}]}}