{"id":2771,"date":"2019-10-29T07:28:52","date_gmt":"2019-10-29T07:28:52","guid":{"rendered":"https:\/\/summit.dk\/produkter\/dwyer-rm-rate-master-va-flowmeter\/"},"modified":"2019-10-29T07:28:54","modified_gmt":"2019-10-29T07:28:54","slug":"dwyer-rm-rate-master-va-flowmeter","status":"publish","type":"product","link":"https:\/\/summit.dk\/en\/vare\/dwyer-rm-rate-master-va-flowmeter\/","title":{"rendered":"Dwyer RM Rate Master Va flowmeter"},"content":{"rendered":"<p>Flowm\u00e5ling af gasser og v\u00e6sker til generelle opgaver. Helst\u00f8bt hus i Polycarbonate monteret p\u00e5 et SS bagstykke. Nem installation i panel eller ganske enkelt b\u00e5ret af r\u00f8rf\u00f8ringen.<\/p>\n<p style=\"text-align: left;\">Anvendes til flowm\u00e5ling b\u00e5de for gasser (fra 0,5 til 5,0 l\/min.) og v\u00e6sker (fra 0,06 til 0,76 l\/min)<\/p>\n<p style=\"text-align: left;\">Tilslutning: RMA 1\/8\u201d, RMB 1\/4\u201d, RMC \u00bd\u201d NPT muffe<\/p>\n<p style=\"text-align: left;\">Model RMA med 2\u201d skala, RMB med 5\u201d skala og RMC med 10\u201d skala<\/p>\n<p style=\"text-align: left;\">Kan leveres med ventil i tilgang.<\/p>\n<p style=\"text-align: left;\">Kan leveres for vakuum (topmonteret ventil)<\/p>\n<p>Se hele vores produkt udvalg til <a href=\"https:\/\/summit.dk\/produkt-kategori\/flow\/\">flowm\u00e5ling <\/a> <\/p>\n","protected":false},"excerpt":{"rendered":"<p>Flowm\u00e5ling af gasser og v\u00e6sker til generelle opgaver. Helst\u00f8bt hus i Polycarbonate monteret p\u00e5 et SS bagstykke. Nem installation i panel eller ganske enkelt b\u00e5ret af r\u00f8rf\u00f8ringen. Anvendes til flowm\u00e5ling&#8230;<\/p>\n","protected":false},"featured_media":329,"template":"","meta":{"_acf_changed":false,"_nectar_blocks_hide_post_title":false,"_nectar_blocks_transparent_header_effect":false,"_nectar_blocks_transparent_header_effect_color":"light","_nectar_blocks_header_animation":false,"_nectar_blocks_header_animation_delay":0,"_nectar_blocks_header_animation_effect":"fade","_nectar_blocks_page_css":"","_nectar_blocks_page_js":""},"brancher":[444,445,446,471,550,598],"leverandorer":[332],"produkt_kategorier":[413,421,430],"produktomraader":[545,566],"product_brand":[],"product_cat":[],"product_tag":[],"class_list":{"0":"post-2771","1":"product","2":"type-product","3":"status-publish","4":"has-post-thumbnail","6":"brancher-industri-en","7":"brancher-marine-en","8":"brancher-offshore-en","9":"brancher-foodpharma-en","10":"brancher-landbrug-en","11":"brancher-ventilation-en","12":"leverandorer-dwyer-en","13":"produkt_kategorier-luftgas-en","14":"produkt_kategorier-liquid","15":"produkt_kategorier-flow-en","16":"produktomraader-flow-en","17":"produktomraader-flow-maaling-en","19":"first","20":"instock","21":"shipping-taxable","22":"product-type-simple"},"acf":[],"_links":{"self":[{"href":"https:\/\/summit.dk\/en\/wp-json\/wp\/v2\/product\/2771","targetHints":{"allow":["GET"]}}],"collection":[{"href":"https:\/\/summit.dk\/en\/wp-json\/wp\/v2\/product"}],"about":[{"href":"https:\/\/summit.dk\/en\/wp-json\/wp\/v2\/types\/product"}],"wp:featuredmedia":[{"embeddable":true,"href":"https:\/\/summit.dk\/en\/wp-json\/wp\/v2\/media\/329"}],"wp:attachment":[{"href":"https:\/\/summit.dk\/en\/wp-json\/wp\/v2\/media?parent=2771"}],"wp:term":[{"taxonomy":"brancher","embeddable":true,"href":"https:\/\/summit.dk\/en\/wp-json\/wp\/v2\/brancher?post=2771"},{"taxonomy":"leverandorer","embeddable":true,"href":"https:\/\/summit.dk\/en\/wp-json\/wp\/v2\/leverandorer?post=2771"},{"taxonomy":"produkt_kategorier","embeddable":true,"href":"https:\/\/summit.dk\/en\/wp-json\/wp\/v2\/produkt_kategorier?post=2771"},{"taxonomy":"produktomraader","embeddable":true,"href":"https:\/\/summit.dk\/en\/wp-json\/wp\/v2\/produktomraader?post=2771"},{"taxonomy":"product_brand","embeddable":true,"href":"https:\/\/summit.dk\/en\/wp-json\/wp\/v2\/product_brand?post=2771"},{"taxonomy":"product_cat","embeddable":true,"href":"https:\/\/summit.dk\/en\/wp-json\/wp\/v2\/product_cat?post=2771"},{"taxonomy":"product_tag","embeddable":true,"href":"https:\/\/summit.dk\/en\/wp-json\/wp\/v2\/product_tag?post=2771"}],"curies":[{"name":"wp","href":"https:\/\/api.w.org\/{rel}","templated":true}]}}