{"id":2770,"date":"2019-10-29T07:28:25","date_gmt":"2019-10-29T07:28:25","guid":{"rendered":"https:\/\/summit.dk\/produkter\/dwyer-rh-temperatur-transmitter-2\/"},"modified":"2019-10-29T07:28:25","modified_gmt":"2019-10-29T07:28:25","slug":"dwyer-rh-temperatur-transmitter-2","status":"publish","type":"product","link":"https:\/\/summit.dk\/en\/vare\/dwyer-rh-temperatur-transmitter-2\/","title":{"rendered":"Dwyer RH\/Temperatur transmitter"},"content":{"rendered":"<p>Serie RH\/Temperatur transmitter<br \/>\nTil m\u00e5ling af relativ fugt i kanaler.<br \/>\nUdgangssignal : 4-20mA<br \/>\nFugtm\u00e5le omr\u00e5de: 10 to 90% RH.<br \/>\nTemperatur omr\u00e5de: -40\/+60\u00b0C<br \/>\nN\u00f8jagtighed : \u00b13% RH @ 25\u00b0C, \u00b10.3\u00b0C @ 25\u00b0C.<\/p>\n","protected":false},"excerpt":{"rendered":"<p>Serie RH\/Temperatur transmitter Til m\u00e5ling af relativ fugt i kanaler. Udgangssignal : 4-20mA Fugtm\u00e5le omr\u00e5de: 10 to 90% RH. Temperatur omr\u00e5de: -40\/+60\u00b0C N\u00f8jagtighed : \u00b13% RH @ 25\u00b0C, \u00b10.3\u00b0C @&#8230;<\/p>\n","protected":false},"featured_media":128,"template":"","meta":{"_acf_changed":false,"_nectar_blocks_hide_post_title":false,"_nectar_blocks_transparent_header_effect":false,"_nectar_blocks_transparent_header_effect_color":"light","_nectar_blocks_header_animation":false,"_nectar_blocks_header_animation_delay":0,"_nectar_blocks_header_animation_effect":"fade","_nectar_blocks_page_css":"","_nectar_blocks_page_js":""},"brancher":[444,471,598],"leverandorer":[332],"produkt_kategorier":[419,420,437],"produktomraader":[546,568,570],"product_brand":[],"product_cat":[],"product_tag":[],"class_list":{"0":"post-2770","1":"product","2":"type-product","3":"status-publish","4":"has-post-thumbnail","6":"brancher-industri-en","7":"brancher-foodpharma-en","8":"brancher-ventilation-en","9":"leverandorer-dwyer-en","10":"produkt_kategorier-moisture-measurement","11":"produkt_kategorier-relative-humidity","12":"produkt_kategorier-products-for-ventilation","13":"produktomraader-temperature","14":"produktomraader-fugt-en","15":"produktomraader-relativ-fugtmaaling-en","17":"first","18":"instock","19":"shipping-taxable","20":"product-type-simple"},"acf":[],"_links":{"self":[{"href":"https:\/\/summit.dk\/en\/wp-json\/wp\/v2\/product\/2770","targetHints":{"allow":["GET"]}}],"collection":[{"href":"https:\/\/summit.dk\/en\/wp-json\/wp\/v2\/product"}],"about":[{"href":"https:\/\/summit.dk\/en\/wp-json\/wp\/v2\/types\/product"}],"wp:featuredmedia":[{"embeddable":true,"href":"https:\/\/summit.dk\/en\/wp-json\/wp\/v2\/media\/128"}],"wp:attachment":[{"href":"https:\/\/summit.dk\/en\/wp-json\/wp\/v2\/media?parent=2770"}],"wp:term":[{"taxonomy":"brancher","embeddable":true,"href":"https:\/\/summit.dk\/en\/wp-json\/wp\/v2\/brancher?post=2770"},{"taxonomy":"leverandorer","embeddable":true,"href":"https:\/\/summit.dk\/en\/wp-json\/wp\/v2\/leverandorer?post=2770"},{"taxonomy":"produkt_kategorier","embeddable":true,"href":"https:\/\/summit.dk\/en\/wp-json\/wp\/v2\/produkt_kategorier?post=2770"},{"taxonomy":"produktomraader","embeddable":true,"href":"https:\/\/summit.dk\/en\/wp-json\/wp\/v2\/produktomraader?post=2770"},{"taxonomy":"product_brand","embeddable":true,"href":"https:\/\/summit.dk\/en\/wp-json\/wp\/v2\/product_brand?post=2770"},{"taxonomy":"product_cat","embeddable":true,"href":"https:\/\/summit.dk\/en\/wp-json\/wp\/v2\/product_cat?post=2770"},{"taxonomy":"product_tag","embeddable":true,"href":"https:\/\/summit.dk\/en\/wp-json\/wp\/v2\/product_tag?post=2770"}],"curies":[{"name":"wp","href":"https:\/\/api.w.org\/{rel}","templated":true}]}}