{"id":2768,"date":"2019-10-29T07:27:49","date_gmt":"2019-10-29T07:27:49","guid":{"rendered":"https:\/\/summit.dk\/produkter\/dwyer-minimaster-flowmeter\/"},"modified":"2019-10-29T07:27:51","modified_gmt":"2019-10-29T07:27:51","slug":"dwyer-minimaster-flowmeter","status":"publish","type":"product","link":"https:\/\/summit.dk\/en\/vare\/dwyer-minimaster-flowmeter\/","title":{"rendered":"Dwyer Minimaster flowmeter"},"content":{"rendered":"<p dir=\"LTR\" style=\"text-align: left;\">Flowm\u00e5ling af gasser og v\u00e6sker til en r\u00e6kke af OEM applikationer indenfor medicinsk udstyr, luft pr\u00f8veudstyr, gas analysatorer, forurenings monitorer, kabinet purging etc.<\/p>\n<p style=\"text-align: left;\">Anvendes b\u00e5de for gasser (fra 0,2 til 1,2 l\/min.) og v\u00e6sker (fra 0,1 til 1,1 l\/min)<\/p>\n<p style=\"text-align: left;\">Tilslutning: Slangestuds (5\/16\u201d)<\/p>\n<p style=\"text-align: left;\">Model MMA for b\u00e5de gasser og v\u00e6sker<\/p>\n<p style=\"text-align: left;\">Model MMF for gasser<\/p>\n","protected":false},"excerpt":{"rendered":"<p>Flowm\u00e5ling af gasser og v\u00e6sker til en r\u00e6kke af OEM applikationer indenfor medicinsk udstyr, luft pr\u00f8veudstyr, gas analysatorer, forurenings monitorer, kabinet purging etc. Anvendes b\u00e5de for gasser (fra 0,2 til&#8230;<\/p>\n","protected":false},"featured_media":324,"template":"","meta":{"_acf_changed":false,"_nectar_blocks_hide_post_title":false,"_nectar_blocks_transparent_header_effect":false,"_nectar_blocks_transparent_header_effect_color":"light","_nectar_blocks_header_animation":false,"_nectar_blocks_header_animation_delay":0,"_nectar_blocks_header_animation_effect":"fade","_nectar_blocks_page_css":"","_nectar_blocks_page_js":""},"brancher":[443,444,445,446,471,550,551,598],"leverandorer":[332],"produkt_kategorier":[413,421,430],"produktomraader":[545,566],"product_brand":[],"product_cat":[],"product_tag":[],"class_list":{"0":"post-2768","1":"product","2":"type-product","3":"status-publish","4":"has-post-thumbnail","6":"brancher-hydraulic-en","7":"brancher-industri-en","8":"brancher-marine-en","9":"brancher-offshore-en","10":"brancher-foodpharma-en","11":"brancher-landbrug-en","12":"brancher-offshore-petro-kemi","13":"brancher-ventilation-en","14":"leverandorer-dwyer-en","15":"produkt_kategorier-luftgas-en","16":"produkt_kategorier-liquid","17":"produkt_kategorier-flow-en","18":"produktomraader-flow-en","19":"produktomraader-flow-maaling-en","21":"first","22":"instock","23":"shipping-taxable","24":"product-type-simple"},"acf":[],"_links":{"self":[{"href":"https:\/\/summit.dk\/en\/wp-json\/wp\/v2\/product\/2768","targetHints":{"allow":["GET"]}}],"collection":[{"href":"https:\/\/summit.dk\/en\/wp-json\/wp\/v2\/product"}],"about":[{"href":"https:\/\/summit.dk\/en\/wp-json\/wp\/v2\/types\/product"}],"wp:featuredmedia":[{"embeddable":true,"href":"https:\/\/summit.dk\/en\/wp-json\/wp\/v2\/media\/324"}],"wp:attachment":[{"href":"https:\/\/summit.dk\/en\/wp-json\/wp\/v2\/media?parent=2768"}],"wp:term":[{"taxonomy":"brancher","embeddable":true,"href":"https:\/\/summit.dk\/en\/wp-json\/wp\/v2\/brancher?post=2768"},{"taxonomy":"leverandorer","embeddable":true,"href":"https:\/\/summit.dk\/en\/wp-json\/wp\/v2\/leverandorer?post=2768"},{"taxonomy":"produkt_kategorier","embeddable":true,"href":"https:\/\/summit.dk\/en\/wp-json\/wp\/v2\/produkt_kategorier?post=2768"},{"taxonomy":"produktomraader","embeddable":true,"href":"https:\/\/summit.dk\/en\/wp-json\/wp\/v2\/produktomraader?post=2768"},{"taxonomy":"product_brand","embeddable":true,"href":"https:\/\/summit.dk\/en\/wp-json\/wp\/v2\/product_brand?post=2768"},{"taxonomy":"product_cat","embeddable":true,"href":"https:\/\/summit.dk\/en\/wp-json\/wp\/v2\/product_cat?post=2768"},{"taxonomy":"product_tag","embeddable":true,"href":"https:\/\/summit.dk\/en\/wp-json\/wp\/v2\/product_tag?post=2768"}],"curies":[{"name":"wp","href":"https:\/\/api.w.org\/{rel}","templated":true}]}}