{"id":2766,"date":"2019-10-29T07:26:39","date_gmt":"2019-10-29T07:26:39","guid":{"rendered":"https:\/\/summit.dk\/produkter\/dwyer-magnehelic-med-transmitter\/"},"modified":"2019-10-29T07:26:40","modified_gmt":"2019-10-29T07:26:40","slug":"dwyer-magnehelic-med-transmitter","status":"publish","type":"product","link":"https:\/\/summit.dk\/en\/vare\/dwyer-magnehelic-med-transmitter\/","title":{"rendered":"Dwyer magnehelic med transmitter"},"content":{"rendered":"<p><span lang=\"da\">SERIE 605 Magnehelic\u00ae Transmitter giver b\u00e5de visuel overv\u00e5gning og elektronisk styring ved meget lav differenstryk. <\/span><\/p>\n<p><span lang=\"da\">Serie 605 er ideel til applikationer- kontrol i bygningsreglementet HVAC-systemer, hvor lokal indikation \u00f8nskes under rutinem\u00e6ssige vedligeholdelses kontroller eller n\u00f8dvendigt, ved fejlfinding af systemet. <\/span><\/p>\n<p><span lang=\"da\">Den let afl\u00e6selige dial M\u00e5ler komplimenteres af de to, 4-20 mA styresignal udnytte den tid gennempr\u00f8vede Dwyer\u00ae Magnehelic\u00ae mekanisk design og Serie 600 transmitter -teknologi. De to- wire design med klemr\u00e6kke p\u00e5 bagsiden forenkler tilslutning i enhver 4-20 mA styresl\u00f8jfe drevet af en 10-35 VDC forsyning.<\/span><\/p>\n","protected":false},"excerpt":{"rendered":"<p>SERIE 605 Magnehelic\u00ae Transmitter giver b\u00e5de visuel overv\u00e5gning og elektronisk styring ved meget lav differenstryk. Serie 605 er ideel til applikationer- kontrol i bygningsreglementet HVAC-systemer, hvor lokal indikation \u00f8nskes under&#8230;<\/p>\n","protected":false},"featured_media":469,"template":"","meta":{"_acf_changed":false,"_nectar_blocks_hide_post_title":false,"_nectar_blocks_transparent_header_effect":false,"_nectar_blocks_transparent_header_effect_color":"light","_nectar_blocks_header_animation":false,"_nectar_blocks_header_animation_delay":0,"_nectar_blocks_header_animation_effect":"fade","_nectar_blocks_page_css":"","_nectar_blocks_page_js":""},"brancher":[444,445,446,471,550,551,598],"leverandorer":[332],"produkt_kategorier":[412,429,436],"produktomraader":[539,586,587,589],"product_brand":[],"product_cat":[],"product_tag":[],"class_list":{"0":"post-2766","1":"product","2":"type-product","3":"status-publish","4":"has-post-thumbnail","6":"brancher-industri-en","7":"brancher-marine-en","8":"brancher-offshore-en","9":"brancher-foodpharma-en","10":"brancher-landbrug-en","11":"brancher-offshore-petro-kemi","12":"brancher-ventilation-en","13":"leverandorer-dwyer-en","14":"produkt_kategorier-tryk-en","15":"produkt_kategorier-differential","16":"produkt_kategorier-magnehelic-en","17":"produktomraader-pressure","18":"produktomraader-differenstryk-en","19":"produktomraader-gauge-trykmaaling-en","20":"produktomraader-rumtryk-en","22":"first","23":"instock","24":"shipping-taxable","25":"product-type-simple"},"acf":[],"_links":{"self":[{"href":"https:\/\/summit.dk\/en\/wp-json\/wp\/v2\/product\/2766","targetHints":{"allow":["GET"]}}],"collection":[{"href":"https:\/\/summit.dk\/en\/wp-json\/wp\/v2\/product"}],"about":[{"href":"https:\/\/summit.dk\/en\/wp-json\/wp\/v2\/types\/product"}],"wp:featuredmedia":[{"embeddable":true,"href":"https:\/\/summit.dk\/en\/wp-json\/wp\/v2\/media\/469"}],"wp:attachment":[{"href":"https:\/\/summit.dk\/en\/wp-json\/wp\/v2\/media?parent=2766"}],"wp:term":[{"taxonomy":"brancher","embeddable":true,"href":"https:\/\/summit.dk\/en\/wp-json\/wp\/v2\/brancher?post=2766"},{"taxonomy":"leverandorer","embeddable":true,"href":"https:\/\/summit.dk\/en\/wp-json\/wp\/v2\/leverandorer?post=2766"},{"taxonomy":"produkt_kategorier","embeddable":true,"href":"https:\/\/summit.dk\/en\/wp-json\/wp\/v2\/produkt_kategorier?post=2766"},{"taxonomy":"produktomraader","embeddable":true,"href":"https:\/\/summit.dk\/en\/wp-json\/wp\/v2\/produktomraader?post=2766"},{"taxonomy":"product_brand","embeddable":true,"href":"https:\/\/summit.dk\/en\/wp-json\/wp\/v2\/product_brand?post=2766"},{"taxonomy":"product_cat","embeddable":true,"href":"https:\/\/summit.dk\/en\/wp-json\/wp\/v2\/product_cat?post=2766"},{"taxonomy":"product_tag","embeddable":true,"href":"https:\/\/summit.dk\/en\/wp-json\/wp\/v2\/product_tag?post=2766"}],"curies":[{"name":"wp","href":"https:\/\/api.w.org\/{rel}","templated":true}]}}