{"id":2763,"date":"2019-10-29T07:25:20","date_gmt":"2019-10-29T07:25:20","guid":{"rendered":"https:\/\/summit.dk\/produkter\/dwyer-kanal-co2-transmitter\/"},"modified":"2019-10-29T07:25:21","modified_gmt":"2019-10-29T07:25:21","slug":"dwyer-kanal-co2-transmitter","status":"publish","type":"product","link":"https:\/\/summit.dk\/en\/vare\/dwyer-kanal-co2-transmitter\/","title":{"rendered":"Dwyer Kanal Co2 Transmitter"},"content":{"rendered":"<p><strong>Dwyer Kanal CO<sub>2<\/sub> Transmitter<\/strong><\/p>\n<p>Model CDD Kanal monteret CO<sub>2 <\/sub>Transmitter overv\u00e5ger CO<sub>2<\/sub> nivauet i et rum ved at m\u00e5le koncentrationen af kuldioxid i afkastet fra luftkanal.<\/p>\n<p>Den ikke-dispersive infrar\u00f8de sensing teknologi opdaterer automatisk kalibrering af senderen ved hj\u00e6lp af en propriet\u00e6r logik funktion, som begr\u00e6nser m\u00e6ngden af fejl p\u00e5 grund af afdrift<\/p>\n<p>Model CDD kan m\u00e5le op til 2000 ppm.<\/p>\n","protected":false},"excerpt":{"rendered":"<p>Dwyer Kanal CO2 Transmitter Model CDD Kanal monteret CO2 Transmitter overv\u00e5ger CO2 nivauet i et rum ved at m\u00e5le koncentrationen af kuldioxid i afkastet fra luftkanal. Den ikke-dispersive infrar\u00f8de sensing&#8230;<\/p>\n","protected":false},"featured_media":113,"template":"","meta":{"_acf_changed":false,"_nectar_blocks_hide_post_title":false,"_nectar_blocks_transparent_header_effect":false,"_nectar_blocks_transparent_header_effect_color":"light","_nectar_blocks_header_animation":false,"_nectar_blocks_header_animation_delay":0,"_nectar_blocks_header_animation_effect":"fade","_nectar_blocks_page_css":"","_nectar_blocks_page_js":""},"brancher":[444,550,598],"leverandorer":[332],"produkt_kategorier":[414,416,417],"produktomraader":[547,572],"product_brand":[],"product_cat":[],"product_tag":[],"class_list":{"0":"post-2763","1":"product","2":"type-product","3":"status-publish","4":"has-post-thumbnail","6":"brancher-industri-en","7":"brancher-landbrug-en","8":"brancher-ventilation-en","9":"leverandorer-dwyer-en","10":"produkt_kategorier-hvac-komponenents","11":"produkt_kategorier-air-quality","12":"produkt_kategorier-co2-measurement","13":"produktomraader-gas-en","14":"produktomraader-co2-en","16":"first","17":"instock","18":"shipping-taxable","19":"product-type-simple"},"acf":[],"_links":{"self":[{"href":"https:\/\/summit.dk\/en\/wp-json\/wp\/v2\/product\/2763","targetHints":{"allow":["GET"]}}],"collection":[{"href":"https:\/\/summit.dk\/en\/wp-json\/wp\/v2\/product"}],"about":[{"href":"https:\/\/summit.dk\/en\/wp-json\/wp\/v2\/types\/product"}],"wp:featuredmedia":[{"embeddable":true,"href":"https:\/\/summit.dk\/en\/wp-json\/wp\/v2\/media\/113"}],"wp:attachment":[{"href":"https:\/\/summit.dk\/en\/wp-json\/wp\/v2\/media?parent=2763"}],"wp:term":[{"taxonomy":"brancher","embeddable":true,"href":"https:\/\/summit.dk\/en\/wp-json\/wp\/v2\/brancher?post=2763"},{"taxonomy":"leverandorer","embeddable":true,"href":"https:\/\/summit.dk\/en\/wp-json\/wp\/v2\/leverandorer?post=2763"},{"taxonomy":"produkt_kategorier","embeddable":true,"href":"https:\/\/summit.dk\/en\/wp-json\/wp\/v2\/produkt_kategorier?post=2763"},{"taxonomy":"produktomraader","embeddable":true,"href":"https:\/\/summit.dk\/en\/wp-json\/wp\/v2\/produktomraader?post=2763"},{"taxonomy":"product_brand","embeddable":true,"href":"https:\/\/summit.dk\/en\/wp-json\/wp\/v2\/product_brand?post=2763"},{"taxonomy":"product_cat","embeddable":true,"href":"https:\/\/summit.dk\/en\/wp-json\/wp\/v2\/product_cat?post=2763"},{"taxonomy":"product_tag","embeddable":true,"href":"https:\/\/summit.dk\/en\/wp-json\/wp\/v2\/product_tag?post=2763"}],"curies":[{"name":"wp","href":"https:\/\/api.w.org\/{rel}","templated":true}]}}