{"id":2761,"date":"2019-10-29T07:24:29","date_gmt":"2019-10-29T07:24:29","guid":{"rendered":"https:\/\/summit.dk\/produkter\/dwyer-dm-1000-digital-differenstryks-flow-maaler\/"},"modified":"2019-10-29T07:24:30","modified_gmt":"2019-10-29T07:24:30","slug":"dwyer-dm-1000-digital-differenstryks-flow-maaler","status":"publish","type":"product","link":"https:\/\/summit.dk\/en\/vare\/dwyer-dm-1000-digital-differenstryks-flow-maaler\/","title":{"rendered":"Dwyer DM-1000 Digital Differenstryks\/Flow M\u00e5ler"},"content":{"rendered":"<p><span lang=\"da\">DigiMag\u00ae SERIE DM -1000 Digital Differenstryk og flow M\u00e5lere, overv\u00e5ger trykket af gasser luft- ligesom sin ber\u00f8mte analoge forg\u00e6nger Magnehelic\u00ae differenstryk Gage. <\/span><\/p>\n<p><span lang=\"da\">Alle modeller er fra fabrikken kalibreret til bestemte intervaller. Det 4- cifret LCD kan vise afl\u00e6sninger i f\u00e6lles engelske og metriske enheder, s\u00e5 konverteringer er ikke n\u00f8dvendige. <\/span><\/p>\n","protected":false},"excerpt":{"rendered":"<p>DigiMag\u00ae SERIE DM -1000 Digital Differenstryk og flow M\u00e5lere, overv\u00e5ger trykket af gasser luft- ligesom sin ber\u00f8mte analoge forg\u00e6nger Magnehelic\u00ae differenstryk Gage. Alle modeller er fra fabrikken kalibreret til bestemte&#8230;<\/p>\n","protected":false},"featured_media":457,"template":"","meta":{"_acf_changed":false,"_nectar_blocks_hide_post_title":false,"_nectar_blocks_transparent_header_effect":false,"_nectar_blocks_transparent_header_effect_color":"light","_nectar_blocks_header_animation":false,"_nectar_blocks_header_animation_delay":0,"_nectar_blocks_header_animation_effect":"fade","_nectar_blocks_page_css":"","_nectar_blocks_page_js":""},"brancher":[444,445,471,598],"leverandorer":[332],"produkt_kategorier":[412,413,414,426,429,430,432,436,438,601,602],"produktomraader":[539,586,587,589],"product_brand":[],"product_cat":[],"product_tag":[],"class_list":{"0":"post-2761","1":"product","2":"type-product","3":"status-publish","4":"has-post-thumbnail","6":"brancher-industri-en","7":"brancher-marine-en","8":"brancher-foodpharma-en","9":"brancher-ventilation-en","10":"leverandorer-dwyer-en","11":"produkt_kategorier-tryk-en","12":"produkt_kategorier-luftgas-en","13":"produkt_kategorier-hvac-komponenents","14":"produkt_kategorier-displayindication","15":"produkt_kategorier-differential","16":"produkt_kategorier-flow-en","17":"produkt_kategorier-air-flow-in-duct","18":"produkt_kategorier-magnehelic-en","19":"produkt_kategorier-differenstryktransmitter-en","20":"produkt_kategorier-niveau-en","21":"produkt_kategorier-switch-en","22":"produktomraader-pressure","23":"produktomraader-differenstryk-en","24":"produktomraader-gauge-trykmaaling-en","25":"produktomraader-rumtryk-en","27":"first","28":"instock","29":"shipping-taxable","30":"product-type-simple"},"acf":[],"_links":{"self":[{"href":"https:\/\/summit.dk\/en\/wp-json\/wp\/v2\/product\/2761","targetHints":{"allow":["GET"]}}],"collection":[{"href":"https:\/\/summit.dk\/en\/wp-json\/wp\/v2\/product"}],"about":[{"href":"https:\/\/summit.dk\/en\/wp-json\/wp\/v2\/types\/product"}],"wp:featuredmedia":[{"embeddable":true,"href":"https:\/\/summit.dk\/en\/wp-json\/wp\/v2\/media\/457"}],"wp:attachment":[{"href":"https:\/\/summit.dk\/en\/wp-json\/wp\/v2\/media?parent=2761"}],"wp:term":[{"taxonomy":"brancher","embeddable":true,"href":"https:\/\/summit.dk\/en\/wp-json\/wp\/v2\/brancher?post=2761"},{"taxonomy":"leverandorer","embeddable":true,"href":"https:\/\/summit.dk\/en\/wp-json\/wp\/v2\/leverandorer?post=2761"},{"taxonomy":"produkt_kategorier","embeddable":true,"href":"https:\/\/summit.dk\/en\/wp-json\/wp\/v2\/produkt_kategorier?post=2761"},{"taxonomy":"produktomraader","embeddable":true,"href":"https:\/\/summit.dk\/en\/wp-json\/wp\/v2\/produktomraader?post=2761"},{"taxonomy":"product_brand","embeddable":true,"href":"https:\/\/summit.dk\/en\/wp-json\/wp\/v2\/product_brand?post=2761"},{"taxonomy":"product_cat","embeddable":true,"href":"https:\/\/summit.dk\/en\/wp-json\/wp\/v2\/product_cat?post=2761"},{"taxonomy":"product_tag","embeddable":true,"href":"https:\/\/summit.dk\/en\/wp-json\/wp\/v2\/product_tag?post=2761"}],"curies":[{"name":"wp","href":"https:\/\/api.w.org\/{rel}","templated":true}]}}