{"id":2760,"date":"2019-10-29T07:24:00","date_gmt":"2019-10-29T07:24:00","guid":{"rendered":"https:\/\/summit.dk\/produkter\/dinel-neddykbar-niveau-transmitter\/"},"modified":"2019-10-29T07:24:02","modified_gmt":"2019-10-29T07:24:02","slug":"dinel-neddykbar-niveau-transmitter","status":"publish","type":"product","link":"https:\/\/summit.dk\/en\/vare\/dinel-neddykbar-niveau-transmitter\/","title":{"rendered":"Dinel Neddykbar niveau transmitter"},"content":{"rendered":"<p><strong>Dinel neddykbar niveau transmitter<\/strong><\/p>\n<p>Dinel niveau hydrostatisk transmitter til m\u00e5ling i bl.a. vandboringer, reservoirs, tanke, swimmingpools etc.<\/p>\n<p>2-leder transmitter med 4-20 mA udgang. Standard m\u00e5leomr\u00e5der p\u00e5 10, 25, 40, 60 og 100 m Vs for HLM-16N. For model HLM-25N f\u00e5s tillige m\u00e5leomr\u00e5der p\u00e5 1, 1,6, 2,5, 4 og 6 m Vs.<\/p>\n<p>Forsyning: 10 til 30 VDC<\/p>\n","protected":false},"excerpt":{"rendered":"<p>Dinel neddykbar niveau transmitter Dinel niveau hydrostatisk transmitter til m\u00e5ling i bl.a. vandboringer, reservoirs, tanke, swimmingpools etc. 2-leder transmitter med 4-20 mA udgang. Standard m\u00e5leomr\u00e5der p\u00e5 10, 25, 40, 60&#8230;<\/p>\n","protected":false},"featured_media":224,"template":"","meta":{"_acf_changed":false,"_nectar_blocks_hide_post_title":false,"_nectar_blocks_transparent_header_effect":false,"_nectar_blocks_transparent_header_effect_color":"light","_nectar_blocks_header_animation":false,"_nectar_blocks_header_animation_delay":0,"_nectar_blocks_header_animation_effect":"fade","_nectar_blocks_page_css":"","_nectar_blocks_page_js":""},"brancher":[443,444,446,471,550,551,598],"leverandorer":[400],"produkt_kategorier":[601,611],"produktomraader":[544,582],"product_brand":[],"product_cat":[],"product_tag":[],"class_list":{"0":"post-2760","1":"product","2":"type-product","3":"status-publish","4":"has-post-thumbnail","6":"brancher-hydraulic-en","7":"brancher-industri-en","8":"brancher-offshore-en","9":"brancher-foodpharma-en","10":"brancher-landbrug-en","11":"brancher-offshore-petro-kemi","12":"brancher-ventilation-en","13":"leverandorer-dinel-en","14":"produkt_kategorier-niveau-en","15":"produkt_kategorier-analog-maaling-en","16":"produktomraader-level","17":"produktomraader-niveau-maaling-en","19":"first","20":"instock","21":"shipping-taxable","22":"product-type-simple"},"acf":[],"_links":{"self":[{"href":"https:\/\/summit.dk\/en\/wp-json\/wp\/v2\/product\/2760","targetHints":{"allow":["GET"]}}],"collection":[{"href":"https:\/\/summit.dk\/en\/wp-json\/wp\/v2\/product"}],"about":[{"href":"https:\/\/summit.dk\/en\/wp-json\/wp\/v2\/types\/product"}],"wp:featuredmedia":[{"embeddable":true,"href":"https:\/\/summit.dk\/en\/wp-json\/wp\/v2\/media\/224"}],"wp:attachment":[{"href":"https:\/\/summit.dk\/en\/wp-json\/wp\/v2\/media?parent=2760"}],"wp:term":[{"taxonomy":"brancher","embeddable":true,"href":"https:\/\/summit.dk\/en\/wp-json\/wp\/v2\/brancher?post=2760"},{"taxonomy":"leverandorer","embeddable":true,"href":"https:\/\/summit.dk\/en\/wp-json\/wp\/v2\/leverandorer?post=2760"},{"taxonomy":"produkt_kategorier","embeddable":true,"href":"https:\/\/summit.dk\/en\/wp-json\/wp\/v2\/produkt_kategorier?post=2760"},{"taxonomy":"produktomraader","embeddable":true,"href":"https:\/\/summit.dk\/en\/wp-json\/wp\/v2\/produktomraader?post=2760"},{"taxonomy":"product_brand","embeddable":true,"href":"https:\/\/summit.dk\/en\/wp-json\/wp\/v2\/product_brand?post=2760"},{"taxonomy":"product_cat","embeddable":true,"href":"https:\/\/summit.dk\/en\/wp-json\/wp\/v2\/product_cat?post=2760"},{"taxonomy":"product_tag","embeddable":true,"href":"https:\/\/summit.dk\/en\/wp-json\/wp\/v2\/product_tag?post=2760"}],"curies":[{"name":"wp","href":"https:\/\/api.w.org\/{rel}","templated":true}]}}