{"id":2759,"date":"2019-10-29T07:23:36","date_gmt":"2019-10-29T07:23:36","guid":{"rendered":"https:\/\/summit.dk\/produkter\/digihelic-i\/"},"modified":"2019-10-29T07:23:36","modified_gmt":"2019-10-29T07:23:36","slug":"digihelic-i","status":"publish","type":"product","link":"https:\/\/summit.dk\/en\/vare\/digihelic-i\/","title":{"rendered":"Digihelic I"},"content":{"rendered":"<div>\n<p>Dwyer DH Digihelic \u00ae differenstryk Controller<br \/>\ner et 3 i 1 instrument best\u00e5ende af digitalt display,<br \/>\nController, udgang switch samt transmittersignal 4-20mA<\/p>\n<\/div>\n<div>\n<p>Digihelic \u00ae differenstryk Controller er det ideelle instrument til m\u00e5ling og regulering af tryk,<br \/>\nlufthastighed og flow applikationer, med en n\u00f8jagtighed p\u00e5 0,5% af fuld skala n\u00f8jagtighed og leveres i versioner fra 60 Pa til 25000 Pa.<br \/>\nDigihelic \u00ae controlleren tillader valg af tryk, hastighed eller volumenstr\u00f8m i de g\u00e6ngse m\u00e5leeheder.<br \/>\nTo SPDT udgangsrel\u00e6er med justerbar d\u00f8db\u00e5nd og skalerbar 4-20 mA transmitter udgang.<br \/>\nIntegreret kvadratrodsmodul til beregning af flowhastighed.<br \/>\nSkalerbart 4-20 mA udgangssignal<br \/>\nDH Digihelic \u00ae differenstryk Controller leveres som standard med 120\/220 VAC og 24 VDC forsyningssp\u00e6nding.<br \/>\nProgrammering foreg\u00e5r ved 5 enkle menuer, som giver adgang til sikkerhedsniveau, tryk, lufthastighed eller luftm\u00e6ngde, K-faktor til rektangul\u00e6re eller cirkul\u00e6re kanaler.<br \/>\nSetpunkt, rel\u00e6udgange og alarm funktioner. H\u00f8j, lav eller h\u00f8j \/ lav alarm, automatisk eller manuel nulstilling af alarm, alarm forsinkelse, peak \/ valley proces udl\u00e6sning, digital d\u00e6mpning, skalering af 4-20 mA proces udgangssignal. Modbus \u00ae kommunikation, og field kalibrering.<\/p>\n<\/div>\n","protected":false},"excerpt":{"rendered":"<p>Dwyer DH Digihelic \u00ae differenstryk Controller er et 3 i 1 instrument best\u00e5ende af digitalt display, Controller, udgang switch samt transmittersignal 4-20mA Digihelic \u00ae differenstryk Controller er det ideelle instrument&#8230;<\/p>\n","protected":false},"featured_media":183,"template":"","meta":{"_acf_changed":false,"_nectar_blocks_hide_post_title":false,"_nectar_blocks_transparent_header_effect":false,"_nectar_blocks_transparent_header_effect_color":"light","_nectar_blocks_header_animation":false,"_nectar_blocks_header_animation_delay":0,"_nectar_blocks_header_animation_effect":"fade","_nectar_blocks_page_css":"","_nectar_blocks_page_js":""},"brancher":[443,444,445,446,471,550,551,598],"leverandorer":[332],"produkt_kategorier":[412,414,423,424,429,437],"produktomraader":[539,586,587,589],"product_brand":[],"product_cat":[],"product_tag":[],"class_list":{"0":"post-2759","1":"product","2":"type-product","3":"status-publish","4":"has-post-thumbnail","6":"brancher-hydraulic-en","7":"brancher-industri-en","8":"brancher-marine-en","9":"brancher-offshore-en","10":"brancher-foodpharma-en","11":"brancher-landbrug-en","12":"brancher-offshore-petro-kemi","13":"brancher-ventilation-en","14":"leverandorer-dwyer-en","15":"produkt_kategorier-tryk-en","16":"produkt_kategorier-hvac-komponenents","17":"produkt_kategorier-stand-alone-controllere","18":"produkt_kategorier-controllerregulator-en","19":"produkt_kategorier-differential","20":"produkt_kategorier-products-for-ventilation","21":"produktomraader-pressure","22":"produktomraader-differenstryk-en","23":"produktomraader-gauge-trykmaaling-en","24":"produktomraader-rumtryk-en","26":"first","27":"instock","28":"shipping-taxable","29":"product-type-simple"},"acf":[],"_links":{"self":[{"href":"https:\/\/summit.dk\/en\/wp-json\/wp\/v2\/product\/2759","targetHints":{"allow":["GET"]}}],"collection":[{"href":"https:\/\/summit.dk\/en\/wp-json\/wp\/v2\/product"}],"about":[{"href":"https:\/\/summit.dk\/en\/wp-json\/wp\/v2\/types\/product"}],"wp:featuredmedia":[{"embeddable":true,"href":"https:\/\/summit.dk\/en\/wp-json\/wp\/v2\/media\/183"}],"wp:attachment":[{"href":"https:\/\/summit.dk\/en\/wp-json\/wp\/v2\/media?parent=2759"}],"wp:term":[{"taxonomy":"brancher","embeddable":true,"href":"https:\/\/summit.dk\/en\/wp-json\/wp\/v2\/brancher?post=2759"},{"taxonomy":"leverandorer","embeddable":true,"href":"https:\/\/summit.dk\/en\/wp-json\/wp\/v2\/leverandorer?post=2759"},{"taxonomy":"produkt_kategorier","embeddable":true,"href":"https:\/\/summit.dk\/en\/wp-json\/wp\/v2\/produkt_kategorier?post=2759"},{"taxonomy":"produktomraader","embeddable":true,"href":"https:\/\/summit.dk\/en\/wp-json\/wp\/v2\/produktomraader?post=2759"},{"taxonomy":"product_brand","embeddable":true,"href":"https:\/\/summit.dk\/en\/wp-json\/wp\/v2\/product_brand?post=2759"},{"taxonomy":"product_cat","embeddable":true,"href":"https:\/\/summit.dk\/en\/wp-json\/wp\/v2\/product_cat?post=2759"},{"taxonomy":"product_tag","embeddable":true,"href":"https:\/\/summit.dk\/en\/wp-json\/wp\/v2\/product_tag?post=2759"}],"curies":[{"name":"wp","href":"https:\/\/api.w.org\/{rel}","templated":true}]}}