{"id":2757,"date":"2019-10-29T07:23:07","date_gmt":"2019-10-29T07:23:07","guid":{"rendered":"https:\/\/summit.dk\/produkter\/controllers\/"},"modified":"2019-10-29T07:23:09","modified_gmt":"2019-10-29T07:23:09","slug":"controllers","status":"publish","type":"product","link":"https:\/\/summit.dk\/en\/vare\/controllers\/","title":{"rendered":"Controllers"},"content":{"rendered":"<p>PMA Controllers &#8211; En controller til enhver opgave<\/p>\n<p>Fra PMA Controllers kan vi tilbyde en Stand alone controller til enhver t\u00e6nkelig opgave.<\/p>\n<p>Ovne, br\u00e6ndere, kedler<br \/>\nPlastforarbejdning, T\u00f8rretumblere og klimakamre<br \/>\nVarmebehandling, Sterilisatorer O.S.V.<\/p>\n<p>Vigtigste egenskaber:<br \/>\nON \/ OFF, 2-punkt, 3-punkts, kontinuerlig kontrol, 100 ms cyklustid<br \/>\nKundespecifikke linearisering for alle sensorer<br \/>\nFrit konfigurerbare analoge udgang,<br \/>\nEasy 2-punkt eller offset m\u00e5ling korrektion<br \/>\n4 segments display<br \/>\n(IP 65) &#8211; Front<\/p>\n<p>&nbsp;<\/p>\n","protected":false},"excerpt":{"rendered":"<p>PMA Controllers &#8211; En controller til enhver opgave Fra PMA Controllers kan vi tilbyde en Stand alone controller til enhver t\u00e6nkelig opgave. Ovne, br\u00e6ndere, kedler Plastforarbejdning, T\u00f8rretumblere og klimakamre Varmebehandling,&#8230;<\/p>\n","protected":false},"featured_media":193,"template":"","meta":{"_acf_changed":false,"_nectar_blocks_hide_post_title":false,"_nectar_blocks_transparent_header_effect":false,"_nectar_blocks_transparent_header_effect_color":"light","_nectar_blocks_header_animation":false,"_nectar_blocks_header_animation_delay":0,"_nectar_blocks_header_animation_effect":"fade","_nectar_blocks_page_css":"","_nectar_blocks_page_js":""},"brancher":[443,444,445,446,471,550,551,598],"leverandorer":[406],"produkt_kategorier":[423,424],"produktomraader":[541],"product_brand":[],"product_cat":[],"product_tag":[],"class_list":{"0":"post-2757","1":"product","2":"type-product","3":"status-publish","4":"has-post-thumbnail","6":"brancher-hydraulic-en","7":"brancher-industri-en","8":"brancher-marine-en","9":"brancher-offshore-en","10":"brancher-foodpharma-en","11":"brancher-landbrug-en","12":"brancher-offshore-petro-kemi","13":"brancher-ventilation-en","14":"leverandorer-pma-en","15":"produkt_kategorier-stand-alone-controllere","16":"produkt_kategorier-controllerregulator-en","17":"produktomraader-controllers","19":"first","20":"instock","21":"shipping-taxable","22":"product-type-simple"},"acf":[],"_links":{"self":[{"href":"https:\/\/summit.dk\/en\/wp-json\/wp\/v2\/product\/2757","targetHints":{"allow":["GET"]}}],"collection":[{"href":"https:\/\/summit.dk\/en\/wp-json\/wp\/v2\/product"}],"about":[{"href":"https:\/\/summit.dk\/en\/wp-json\/wp\/v2\/types\/product"}],"wp:featuredmedia":[{"embeddable":true,"href":"https:\/\/summit.dk\/en\/wp-json\/wp\/v2\/media\/193"}],"wp:attachment":[{"href":"https:\/\/summit.dk\/en\/wp-json\/wp\/v2\/media?parent=2757"}],"wp:term":[{"taxonomy":"brancher","embeddable":true,"href":"https:\/\/summit.dk\/en\/wp-json\/wp\/v2\/brancher?post=2757"},{"taxonomy":"leverandorer","embeddable":true,"href":"https:\/\/summit.dk\/en\/wp-json\/wp\/v2\/leverandorer?post=2757"},{"taxonomy":"produkt_kategorier","embeddable":true,"href":"https:\/\/summit.dk\/en\/wp-json\/wp\/v2\/produkt_kategorier?post=2757"},{"taxonomy":"produktomraader","embeddable":true,"href":"https:\/\/summit.dk\/en\/wp-json\/wp\/v2\/produktomraader?post=2757"},{"taxonomy":"product_brand","embeddable":true,"href":"https:\/\/summit.dk\/en\/wp-json\/wp\/v2\/product_brand?post=2757"},{"taxonomy":"product_cat","embeddable":true,"href":"https:\/\/summit.dk\/en\/wp-json\/wp\/v2\/product_cat?post=2757"},{"taxonomy":"product_tag","embeddable":true,"href":"https:\/\/summit.dk\/en\/wp-json\/wp\/v2\/product_tag?post=2757"}],"curies":[{"name":"wp","href":"https:\/\/api.w.org\/{rel}","templated":true}]}}