{"id":2754,"date":"2019-10-29T07:21:58","date_gmt":"2019-10-29T07:21:58","guid":{"rendered":"https:\/\/summit.dk\/produkter\/co-transmitter-til-vaeg\/"},"modified":"2019-10-29T07:21:58","modified_gmt":"2019-10-29T07:21:58","slug":"co-transmitter-til-vaeg","status":"publish","type":"product","link":"https:\/\/summit.dk\/en\/vare\/co-transmitter-til-vaeg\/","title":{"rendered":"Co Transmitter til V\u00e6g"},"content":{"rendered":"<p><strong>CO Transmitter til v\u00e6gmontage<\/strong><\/p>\n<p>Serie CMT Kulilte Transmitter m\u00e5ler og transmitterer lave koncentrationer af kulilte i et parkeringshus eller l\u00e6sseramper. Kan leveres med str\u00f8m og sp\u00e6ndingsudgang.<\/p>\n<p>Serie CMT kan inden kalibreres ved hj\u00e6lp af interne potentiometre (testgas skal anvendes). Kan leveres for v\u00e6g eller kanal montering. Kan desuden leveres med rel\u00e6 udgang samt alarm buzzer<\/p>\n","protected":false},"excerpt":{"rendered":"<p>CO Transmitter til v\u00e6gmontage Serie CMT Kulilte Transmitter m\u00e5ler og transmitterer lave koncentrationer af kulilte i et parkeringshus eller l\u00e6sseramper. Kan leveres med str\u00f8m og sp\u00e6ndingsudgang. Serie CMT kan inden&#8230;<\/p>\n","protected":false},"featured_media":118,"template":"","meta":{"_acf_changed":false,"_nectar_blocks_hide_post_title":false,"_nectar_blocks_transparent_header_effect":false,"_nectar_blocks_transparent_header_effect_color":"light","_nectar_blocks_header_animation":false,"_nectar_blocks_header_animation_delay":0,"_nectar_blocks_header_animation_effect":"fade","_nectar_blocks_page_css":"","_nectar_blocks_page_js":""},"brancher":[444,598],"leverandorer":[332],"produkt_kategorier":[416,437,612],"produktomraader":[547,571],"product_brand":[],"product_cat":[],"product_tag":[],"class_list":{"0":"post-2754","1":"product","2":"type-product","3":"status-publish","4":"has-post-thumbnail","6":"brancher-industri-en","7":"brancher-ventilation-en","8":"leverandorer-dwyer-en","9":"produkt_kategorier-air-quality","10":"produkt_kategorier-products-for-ventilation","11":"produkt_kategorier-co-maaling-en","12":"produktomraader-gas-en","13":"produktomraader-co-en","15":"first","16":"instock","17":"shipping-taxable","18":"product-type-simple"},"acf":[],"_links":{"self":[{"href":"https:\/\/summit.dk\/en\/wp-json\/wp\/v2\/product\/2754","targetHints":{"allow":["GET"]}}],"collection":[{"href":"https:\/\/summit.dk\/en\/wp-json\/wp\/v2\/product"}],"about":[{"href":"https:\/\/summit.dk\/en\/wp-json\/wp\/v2\/types\/product"}],"wp:featuredmedia":[{"embeddable":true,"href":"https:\/\/summit.dk\/en\/wp-json\/wp\/v2\/media\/118"}],"wp:attachment":[{"href":"https:\/\/summit.dk\/en\/wp-json\/wp\/v2\/media?parent=2754"}],"wp:term":[{"taxonomy":"brancher","embeddable":true,"href":"https:\/\/summit.dk\/en\/wp-json\/wp\/v2\/brancher?post=2754"},{"taxonomy":"leverandorer","embeddable":true,"href":"https:\/\/summit.dk\/en\/wp-json\/wp\/v2\/leverandorer?post=2754"},{"taxonomy":"produkt_kategorier","embeddable":true,"href":"https:\/\/summit.dk\/en\/wp-json\/wp\/v2\/produkt_kategorier?post=2754"},{"taxonomy":"produktomraader","embeddable":true,"href":"https:\/\/summit.dk\/en\/wp-json\/wp\/v2\/produktomraader?post=2754"},{"taxonomy":"product_brand","embeddable":true,"href":"https:\/\/summit.dk\/en\/wp-json\/wp\/v2\/product_brand?post=2754"},{"taxonomy":"product_cat","embeddable":true,"href":"https:\/\/summit.dk\/en\/wp-json\/wp\/v2\/product_cat?post=2754"},{"taxonomy":"product_tag","embeddable":true,"href":"https:\/\/summit.dk\/en\/wp-json\/wp\/v2\/product_tag?post=2754"}],"curies":[{"name":"wp","href":"https:\/\/api.w.org\/{rel}","templated":true}]}}